{"id":214036,"date":"2026-05-01T07:59:29","date_gmt":"2026-05-01T05:59:29","guid":{"rendered":"https:\/\/www.etic.ro\/?post_type=product&#038;p=214036"},"modified":"2026-05-08T11:33:02","modified_gmt":"2026-05-08T09:33:02","slug":"rochie-midi-imprimata-cu-cordon-in-talie-linda-roz","status":"publish","type":"product","link":"https:\/\/www.etic.ro\/en\/produs\/rochie-midi-imprimata-cu-cordon-in-talie-linda-roz\/","title":{"rendered":"Rochie midi imprimat\u0103 cu cordon \u00een talie Linda"},"content":{"rendered":"<div class=\"relative basis-auto flex-col -mb-(--composer-overlap-px) pb-(--composer-overlap-px) [--composer-overlap-px:28px] grow flex\">\n<div class=\"flex flex-col text-sm\">\n<section class=\"text-token-text-primary w-full focus:outline-none [--shadow-height:45px] has-data-writing-block:pointer-events-none has-data-writing-block:-mt-(--shadow-height) has-data-writing-block:pt-(--shadow-height) [&amp;:has([data-writing-block])&gt;*]:pointer-events-auto [content-visibility:auto] supports-[content-visibility:auto]:[contain-intrinsic-size:auto_100lvh] R6Vx5W_threadScrollVars scroll-mb-[calc(var(--scroll-root-safe-area-inset-bottom,0px)+var(--thread-response-height))] scroll-mt-[calc(var(--header-height)+min(200px,max(70px,20svh)))]\" dir=\"auto\" data-turn-id=\"request-69faecb6-96ec-838d-84b9-50ab5bd07195-3\" data-testid=\"conversation-turn-44\" data-scroll-anchor=\"false\" data-turn=\"assistant\">\n<div class=\"text-base my-auto mx-auto pb-10 [--thread-content-margin:var(--thread-content-margin-xs,calc(var(--spacing)*4))] @w-sm\/main:[--thread-content-margin:var(--thread-content-margin-sm,calc(var(--spacing)*6))] @w-lg\/main:[--thread-content-margin:var(--thread-content-margin-lg,calc(var(--spacing)*16))] px-(--thread-content-margin)\">\n<div class=\"[--thread-content-max-width:40rem] @w-lg\/main:[--thread-content-max-width:48rem] mx-auto max-w-(--thread-content-max-width) flex-1 group\/turn-messages focus-visible:outline-hidden relative flex w-full min-w-0 flex-col agent-turn\">\n<div class=\"flex max-w-full flex-col gap-4 grow\">\n<div class=\"min-h-8 text-message relative flex w-full flex-col items-end gap-2 text-start break-words whitespace-normal outline-none keyboard-focused:focus-ring [.text-message+&amp;]:mt-1\" dir=\"auto\" tabindex=\"0\" data-message-author-role=\"assistant\" data-message-id=\"cbc30586-1ad7-4767-b126-af1635d37dcd\" data-message-model-slug=\"gpt-5-5\" data-turn-start-message=\"true\">\n<div class=\"flex w-full flex-col gap-1 empty:hidden\">\n<div class=\"markdown prose dark:prose-invert wrap-break-word w-full light markdown-new-styling\">\n<section class=\"text-token-text-primary w-full focus:outline-none [--shadow-height:45px] has-data-writing-block:pointer-events-none has-data-writing-block:-mt-(--shadow-height) has-data-writing-block:pt-(--shadow-height) [&amp;:has([data-writing-block])&gt;*]:pointer-events-auto R6Vx5W_threadScrollVars scroll-mb-[calc(var(--scroll-root-safe-area-inset-bottom,0px)+var(--thread-response-height))] scroll-mt-(--header-height)\" dir=\"auto\" data-turn-id=\"6cb96384-52c3-4f7c-9664-1f5e28592483\" data-testid=\"conversation-turn-47\" data-scroll-anchor=\"false\" data-turn=\"user\"><\/section>\n<section class=\"text-token-text-primary w-full focus:outline-none [--shadow-height:45px] has-data-writing-block:pointer-events-none has-data-writing-block:-mt-(--shadow-height) has-data-writing-block:pt-(--shadow-height) [&amp;:has([data-writing-block])&gt;*]:pointer-events-auto [content-visibility:auto] supports-[content-visibility:auto]:[contain-intrinsic-size:auto_100lvh] R6Vx5W_threadScrollVars scroll-mb-[calc(var(--scroll-root-safe-area-inset-bottom,0px)+var(--thread-response-height))] scroll-mt-[calc(var(--header-height)+min(200px,max(70px,20svh)))]\" dir=\"auto\" data-turn-id=\"request-69faecb6-96ec-838d-84b9-50ab5bd07195-5\" data-testid=\"conversation-turn-48\" data-scroll-anchor=\"false\" data-turn=\"assistant\">\n<div class=\"text-base my-auto mx-auto pb-10 [--thread-content-margin:var(--thread-content-margin-xs,calc(var(--spacing)*4))] @w-sm\/main:[--thread-content-margin:var(--thread-content-margin-sm,calc(var(--spacing)*6))] @w-lg\/main:[--thread-content-margin:var(--thread-content-margin-lg,calc(var(--spacing)*16))] px-(--thread-content-margin)\">\n<div class=\"[--thread-content-max-width:40rem] @w-lg\/main:[--thread-content-max-width:48rem] mx-auto max-w-(--thread-content-max-width) flex-1 group\/turn-messages focus-visible:outline-hidden relative flex w-full min-w-0 flex-col agent-turn\">\n<div class=\"flex max-w-full flex-col gap-4 grow\">\n<div class=\"min-h-8 text-message relative flex w-full flex-col items-end gap-2 text-start break-words whitespace-normal outline-none keyboard-focused:focus-ring [.text-message+&amp;]:mt-1\" dir=\"auto\" tabindex=\"0\" data-message-author-role=\"assistant\" data-message-id=\"b25c70ed-7729-4bec-a64e-d0ce348ff222\" data-message-model-slug=\"gpt-5-5\" data-turn-start-message=\"true\">\n<div class=\"flex w-full flex-col gap-1 empty:hidden\">\n<div class=\"markdown prose dark:prose-invert wrap-break-word w-full light markdown-new-styling\">\n<section class=\"text-token-text-primary w-full focus:outline-none [--shadow-height:45px] has-data-writing-block:pointer-events-none has-data-writing-block:-mt-(--shadow-height) has-data-writing-block:pt-(--shadow-height) [&amp;:has([data-writing-block])&gt;*]:pointer-events-auto R6Vx5W_threadScrollVars scroll-mb-[calc(var(--scroll-root-safe-area-inset-bottom,0px)+var(--thread-response-height))] scroll-mt-(--header-height)\" dir=\"auto\" data-turn-id=\"56984bf4-8eaa-48ef-8030-e2ccfbccb7d4\" data-testid=\"conversation-turn-51\" data-scroll-anchor=\"false\" data-turn=\"user\"><\/section>\n<section class=\"text-token-text-primary w-full focus:outline-none [--shadow-height:45px] has-data-writing-block:pointer-events-none has-data-writing-block:-mt-(--shadow-height) has-data-writing-block:pt-(--shadow-height) [&amp;:has([data-writing-block])&gt;*]:pointer-events-auto [content-visibility:auto] supports-[content-visibility:auto]:[contain-intrinsic-size:auto_100lvh] R6Vx5W_threadScrollVars scroll-mb-[calc(var(--scroll-root-safe-area-inset-bottom,0px)+var(--thread-response-height))] scroll-mt-[calc(var(--header-height)+min(200px,max(70px,20svh)))]\" dir=\"auto\" data-turn-id=\"request-69faecb6-96ec-838d-84b9-50ab5bd07195-7\" data-testid=\"conversation-turn-52\" data-scroll-anchor=\"false\" data-turn=\"assistant\">\n<div class=\"text-base my-auto mx-auto pb-10 [--thread-content-margin:var(--thread-content-margin-xs,calc(var(--spacing)*4))] @w-sm\/main:[--thread-content-margin:var(--thread-content-margin-sm,calc(var(--spacing)*6))] @w-lg\/main:[--thread-content-margin:var(--thread-content-margin-lg,calc(var(--spacing)*16))] px-(--thread-content-margin)\">\n<div class=\"[--thread-content-max-width:40rem] @w-lg\/main:[--thread-content-max-width:48rem] mx-auto max-w-(--thread-content-max-width) flex-1 group\/turn-messages focus-visible:outline-hidden relative flex w-full min-w-0 flex-col agent-turn\">\n<div class=\"flex max-w-full flex-col gap-4 grow\">\n<div class=\"min-h-8 text-message relative flex w-full flex-col items-end gap-2 text-start break-words whitespace-normal outline-none keyboard-focused:focus-ring [.text-message+&amp;]:mt-1\" dir=\"auto\" tabindex=\"0\" data-message-author-role=\"assistant\" data-message-id=\"ba69b1f5-3e1a-4efa-8afc-18d92dcf6a5d\" data-message-model-slug=\"gpt-5-5\" data-turn-start-message=\"true\">\n<div class=\"flex w-full flex-col gap-1 empty:hidden\">\n<div class=\"markdown prose dark:prose-invert wrap-break-word w-full light markdown-new-styling\">\n<h1 data-section-id=\"1aeez6r\" data-start=\"0\" data-end=\"92\">Rochie midi imprimat\u0103 cu cordon \u00een talie Linda \u2013 elegan\u021b\u0103 feminin\u0103 \u0219i stil effortless chic<\/h1>\n<p data-start=\"94\" data-end=\"610\">Rochie midi imprimat\u0103 cu cordon \u00een talie Linda este alegerea ideal\u0103 pentru femeile care iubesc \u021binutele feminine, elegante \u0219i confortabile. Cu o croial\u0103 fluid\u0103 \u0219i un imprimeu delicat, aceast\u0103 rochie reu\u0219e\u0219te s\u0103 combine perfect rafinamentul stilului modern cu lejeritatea unei piese versatile \u0219i u\u0219or de purtat. Potrivit\u0103 pentru numeroase contexte, de la \u021binute casual chic \u0219i office relaxat p\u00e2n\u0103 la apari\u021bii elegante de zi sau vacan\u021be, aceast\u0103 rochie poate deveni rapid una dintre piesele preferate din garderoba ta.<\/p>\n<p data-start=\"612\" data-end=\"982\">Croiala midi ofer\u0103 un echilibru perfect \u00eentre elegan\u021b\u0103 \u0219i confort, fiind extrem de avantajoas\u0103 pentru diferite tipuri de siluet\u0103. Rochie midi imprimat\u0103 cu cordon \u00een talie Linda pune subtil \u00een valoare feminitatea \u0219i creeaz\u0103 o apari\u021bie armonioas\u0103 \u0219i sofisticat\u0103 f\u0103r\u0103 efort. Lungimea midi contribuie la un aspect rafinat \u0219i modern, extrem de apreciat \u00een tendin\u021bele actuale.<\/p>\n<p data-start=\"984\" data-end=\"1354\">Imprimeul adaug\u0103 prospe\u021bime \u0219i personalitate \u00eentregii \u021binute, oferind un look feminin \u0219i actual. Designul imprimat transform\u0103 aceast\u0103 rochie \u00eentr-o pies\u0103 statement discret\u0103, u\u0219or de integrat \u00een outfituri elegante sau casual chic. Rochie midi imprimat\u0103 cu cordon \u00een talie Linda este perfect\u0103 pentru femeile care \u00ee\u0219i doresc o apari\u021bie fresh \u0219i sofisticat\u0103 \u00een acela\u0219i timp.<\/p>\n<p data-start=\"1356\" data-end=\"1726\">Cordonul din talie reprezint\u0103 unul dintre cele mai importante detalii ale acestei piese \u0219i contribuie la eviden\u021bierea armonioas\u0103 a siluetei. Acest element ofer\u0103 structur\u0103 \u0219i pune subtil \u00een valoare talia, cre\u00e2nd un efect feminin \u0219i elegant. Rochie midi imprimat\u0103 cu cordon \u00een talie Linda avantajeaz\u0103 silueta \u0219i ofer\u0103 libertate de styling datorit\u0103 designului s\u0103u versatil.<\/p>\n<p data-start=\"1728\" data-end=\"2123\">Materialul pl\u0103cut la atingere ofer\u0103 confort \u0219i fluiditate la fiecare mi\u0219care. Datorit\u0103 croielii lejere \u0219i feminine, aceast\u0103 rochie poate fi purtat\u0103 pe parcursul \u00eentregii zile f\u0103r\u0103 compromisuri \u00een ceea ce prive\u0219te confortul sau stilul. Rochie midi imprimat\u0103 cu cordon \u00een talie Linda este alegerea perfect\u0103 pentru sezonul cald \u0219i pentru momentele \u00een care \u00ee\u021bi dore\u0219ti o \u021binut\u0103 elegant\u0103 \u0219i practic\u0103.<\/p>\n<p data-start=\"2125\" data-end=\"2543\">Designul modern \u0219i croiala fluid\u0103 permit realizarea unor combina\u021bii vestimentare variate \u0219i sofisticate. Po\u021bi purta aceast\u0103 rochie cu sandale minimaliste \u0219i accesorii delicate pentru un look feminin de zi sau cu pantofi elegan\u021bi \u0219i bijuterii fine pentru o apari\u021bie sofisticat\u0103 de sear\u0103. Rochie midi imprimat\u0103 cu cordon \u00een talie Linda ofer\u0103 numeroase posibilit\u0103\u021bi de styling \u0219i se adapteaz\u0103 perfect diferitelor stiluri.<\/p>\n<p data-start=\"2545\" data-end=\"2852\">Aspectul s\u0103u romantic \u0219i elegant este completat armonios de imprimeul delicat \u0219i liniile curate ale croielii. Rochie midi imprimat\u0103 cu cordon \u00een talie Linda este ideal\u0103 pentru brunch-uri, vacan\u021be, city break-uri, petreceri de zi sau \u00eent\u00e2lniri elegante unde \u00ee\u021bi dore\u0219ti s\u0103 ai o apari\u021bie feminin\u0103 \u0219i rafinat\u0103.<\/p>\n<p data-start=\"2854\" data-end=\"3168\">Croiala midi \u0219i materialul fluid creeaz\u0103 un efect elegant \u0219i natural la fiecare pas. \u00cen acela\u0219i timp, cordonul din talie ofer\u0103 structur\u0103 \u0219i contribuie la o siluet\u0103 bine propor\u021bionat\u0103. Rochie midi imprimat\u0103 cu cordon \u00een talie Linda este alegerea ideal\u0103 pentru femeile care apreciaz\u0103 piesele versatile \u0219i atemporale.<\/p>\n<p data-start=\"3170\" data-end=\"3482\">Materialul confortabil \u0219i designul feminin transform\u0103 aceast\u0103 rochie \u00eentr-o pies\u0103 practic\u0103 \u0219i elegant\u0103, potrivit\u0103 pentru numeroase contexte \u0219i momente ale zilei. Rochie midi imprimat\u0103 cu cordon \u00een talie Linda poate fi purtat\u0103 at\u00e2t \u00eentr-un outfit casual chic relaxat, c\u00e2t \u0219i \u00eentr-o \u021binut\u0103 elegant\u0103 \u0219i sofisticat\u0103.<\/p>\n<p data-start=\"3484\" data-end=\"3787\">Datorit\u0103 designului s\u0103u atemporal \u0219i a imprimeului modern, aceast\u0103 pies\u0103 poate fi integrat\u0103 cu u\u0219urin\u021b\u0103 \u00een garderoba de sezon \u0219i purtat\u0103 an dup\u0103 an f\u0103r\u0103 s\u0103 \u00ee\u0219i piard\u0103 farmecul. Rochie midi imprimat\u0103 cu cordon \u00een talie Linda transmite naturale\u021be, feminitate \u0219i elegan\u021b\u0103 contemporan\u0103 prin fiecare detaliu.<\/p>\n<p data-start=\"3789\" data-end=\"4069\">Fie c\u0103 alegi s\u0103 o por\u021bi \u00eentr-o vacan\u021b\u0103 de var\u0103 sau \u00eentr-o apari\u021bie elegant\u0103 de zi, aceast\u0103 rochie \u00ee\u021bi va oferi \u00eentotdeauna confort, stil \u0219i un plus de rafinament. Rochie midi imprimat\u0103 cu cordon \u00een talie Linda este combina\u021bia ideal\u0103 dintre elegan\u021b\u0103, confort \u0219i feminitate modern\u0103.<\/p>\n<h2 data-section-id=\"1pbj15v\" data-start=\"4071\" data-end=\"4089\">Caracteristici:<\/h2>\n<ul data-start=\"4090\" data-end=\"4382\">\n<li data-section-id=\"1krc7g5\" data-start=\"4090\" data-end=\"4115\">Croial\u0103 midi feminin\u0103<\/li>\n<li data-section-id=\"1olg8lh\" data-start=\"4116\" data-end=\"4146\">Imprimeu modern \u0219i elegant<\/li>\n<li data-section-id=\"153vb50\" data-start=\"4147\" data-end=\"4195\">Cordon \u00een talie pentru eviden\u021bierea siluetei<\/li>\n<li data-section-id=\"c2ifka\" data-start=\"4196\" data-end=\"4229\">Material fluid \u0219i confortabil<\/li>\n<li data-section-id=\"ojb7yt\" data-start=\"4230\" data-end=\"4260\">Design lejer \u0219i sofisticat<\/li>\n<li data-section-id=\"1pjxm4t\" data-start=\"4261\" data-end=\"4312\">Potrivit\u0103 pentru \u021binute casual chic \u0219i elegante<\/li>\n<li data-section-id=\"1l6td3o\" data-start=\"4313\" data-end=\"4336\">U\u0219or de accesorizat<\/li>\n<li data-section-id=\"alv89s\" data-start=\"4337\" data-end=\"4382\">Confort sporit pe parcursul \u00eentregii zile<\/li>\n<\/ul>\n<h2 data-section-id=\"1lsqphv\" data-start=\"4384\" data-end=\"4400\">Styling tips:<\/h2>\n<p data-start=\"4401\" data-end=\"4721\" data-is-last-node=\"\" data-is-only-node=\"\">Poart\u0103 Rochie midi imprimat\u0103 cu cordon \u00een talie Linda cu sandale cu barete fine \u0219i accesorii aurii pentru un look elegant \u0219i feminin sau combin-o cu sneakers \u0219i o geant\u0103 crossbody pentru o apari\u021bie relaxat\u0103 \u0219i modern\u0103. Pentru un plus de rafinament, completeaz\u0103 \u021binuta cu bijuterii delicate \u0219i un machiaj natural luminos.<\/p>\n<\/div>\n<\/div>\n<\/div>\n<\/div>\n<div class=\"z-0 flex min-h-[46px] justify-start\"><\/div>\n<div class=\"mt-3 w-full empty:hidden\">\n<div class=\"text-center\"><\/div>\n<\/div>\n<\/div>\n<\/div>\n<\/section>\n<div class=\"pointer-events-none -mt-px h-px translate-y-[calc(var(--scroll-root-safe-area-inset-bottom)-14*var(--spacing))]\" aria-hidden=\"true\"><\/div>\n<\/div>\n<\/div>\n<\/div>\n<\/div>\n<div class=\"z-0 flex min-h-[46px] justify-start\">\n<div class=\"relative basis-auto flex-col -mb-(--composer-overlap-px) pb-(--composer-overlap-px) [--composer-overlap-px:28px] grow flex\">\n<div class=\"flex flex-col text-sm\">\n<section class=\"text-token-text-primary w-full focus:outline-none [--shadow-height:45px] has-data-writing-block:pointer-events-none has-data-writing-block:-mt-(--shadow-height) has-data-writing-block:pt-(--shadow-height) [&amp;:has([data-writing-block])&gt;*]:pointer-events-auto [content-visibility:auto] supports-[content-visibility:auto]:[contain-intrinsic-size:auto_100lvh] R6Vx5W_threadScrollVars scroll-mb-[calc(var(--scroll-root-safe-area-inset-bottom,0px)+var(--thread-response-height))] scroll-mt-[calc(var(--header-height)+min(200px,max(70px,20svh)))]\" dir=\"auto\" data-turn-id=\"request-69faecb6-96ec-838d-84b9-50ab5bd07195-6\" data-testid=\"conversation-turn-50\" data-scroll-anchor=\"false\" data-turn=\"assistant\">\n<div class=\"text-base my-auto mx-auto pb-10 [--thread-content-margin:var(--thread-content-margin-xs,calc(var(--spacing)*4))] @w-sm\/main:[--thread-content-margin:var(--thread-content-margin-sm,calc(var(--spacing)*6))] @w-lg\/main:[--thread-content-margin:var(--thread-content-margin-lg,calc(var(--spacing)*16))] px-(--thread-content-margin)\">\n<div class=\"[--thread-content-max-width:40rem] @w-lg\/main:[--thread-content-max-width:48rem] mx-auto max-w-(--thread-content-max-width) flex-1 group\/turn-messages focus-visible:outline-hidden relative flex w-full min-w-0 flex-col agent-turn\">\n<div class=\"flex max-w-full flex-col gap-4 grow\">\n<div class=\"min-h-8 text-message relative flex w-full flex-col items-end gap-2 text-start break-words whitespace-normal outline-none keyboard-focused:focus-ring [.text-message+&amp;]:mt-1\" dir=\"auto\" tabindex=\"0\" data-message-author-role=\"assistant\" data-message-id=\"c1077487-46ab-4c64-a0ee-3ae5fe25f0e5\" data-message-model-slug=\"gpt-5-5\" data-turn-start-message=\"true\">\n<div class=\"flex w-full flex-col gap-1 empty:hidden\">\n<div class=\"markdown prose dark:prose-invert wrap-break-word w-full light markdown-new-styling\"><\/div>\n<\/div>\n<\/div>\n<\/div>\n<\/div>\n<\/div>\n<\/section>\n<\/div>\n<\/div>\n<\/div>\n<\/div>\n<\/div>\n<\/section>\n<\/div>\n<\/div>\n<\/div>\n<\/div>\n<\/div>\n<\/div>\n<\/section>\n<\/div>\n<\/div>\n<div id=\"thread-bottom-container\" class=\"sticky bottom-0 z-10 group\/thread-bottom-container relative isolate w-full basis-auto has-data-has-thread-error:pt-2 has-data-has-thread-error:[box-shadow:var(--sharp-edge-bottom-shadow)] md:border-transparent md:pt-0 dark:border-white\/20 md:dark:border-transparent print:hidden content-fade single-line flex flex-col\">\n<div id=\"thread-bottom\">\n<div>\n<div class=\"text-base mx-auto [--thread-content-margin:var(--thread-content-margin-xs,calc(var(--spacing)*4))] @w-sm\/main:[--thread-content-margin:var(--thread-content-margin-sm,calc(var(--spacing)*6))] @w-lg\/main:[--thread-content-margin:var(--thread-content-margin-lg,calc(var(--spacing)*16))] px-(--thread-content-margin)\">\n<div>\n<div class=\"[--thread-content-max-width:40rem] @w-lg\/main:[--thread-content-max-width:48rem] mx-auto max-w-(--thread-content-max-width) flex-1 mb-[var(--thread-component-gap,1rem)]\">\n<div class=\"pointer-events-auto relative z-1 flex h-(--composer-container-height,100%) max-w-full flex-(--composer-container-flex,1) flex-col\">\n<form class=\"group\/composer w-full\" data-type=\"unified-composer\">\n<div class=\"\">\n<div class=\"bg-token-bg-primary dark:bg-token-bg-elevated-primary dark-oled:bg-token-bg-primary corner-superellipse\/1.1 cursor-text overflow-clip bg-clip-padding p-2.5 contain-inline-size motion-safe:transition-colors motion-safe:duration-200 motion-safe:ease-in-out grid grid-cols-[auto_1fr_auto] [grid-template-areas:'header_header_header'_'leading_primary_trailing'_'._footer_.'] group-data-expanded\/composer:[grid-template-areas:'header_header_header'_'primary_primary_primary'_'leading_footer_trailing'] shadow-short-composer\" data-composer-surface=\"true\">\n<div class=\"flex items-center gap-2 [grid-area:trailing]\">\n<div class=\"ms-auto flex items-center gap-1.5\">\n<div>\n<div class=\"inline-flex\">\n<div><\/div>\n<\/div>\n<\/div>\n<\/div>\n<\/div>\n<\/div>\n<\/div>\n<\/form>\n<\/div>\n<\/div>\n<\/div>\n<\/div>\n<\/div>\n<\/div>\n<\/div>\n","protected":false},"excerpt":{"rendered":"<p>&nbsp;<\/p>\n<ul>\n<li>Modelul poarta marimea 36 si are inaltimea 1.80 cm<\/li>\n<li>Compozitie: 85% tencel, 15% poliester; captuseala: 95% vascoza, elastan<\/li>\n<\/ul>","protected":false},"featured_media":214042,"comment_status":"open","ping_status":"closed","template":"","meta":[],"product_brand":[],"product_cat":[436,506,544,557,441,437,520,18,438,523,440,549,529],"product_tag":[431],"class_list":{"0":"post-214036","1":"product","2":"type-product","3":"status-publish","4":"has-post-thumbnail","6":"product_cat-haine-dama","7":"product_cat-noua-colectie","8":"product_cat-clos-si-a-line","9":"product_cat-cu-decolteu","10":"product_cat-cu-imprimeu","11":"product_cat-rochii-dama","12":"product_cat-de-primavara","13":"product_cat-de-zi","14":"product_cat-elegante","15":"product_cat-midi","16":"product_cat-office","17":"product_cat-pe-detalii","18":"product_cat-roz","19":"product_tag-noutati","20":"pa_colectie-primavara-vara-2026","21":"pa_culoare-roz","22":"pa_marime-21","23":"pa_marime-22","24":"pa_marime-23","25":"pa_marime-25","26":"shop-item","27":"sr-item","29":"first","30":"instock","31":"taxable","32":"shipping-taxable","33":"purchasable","34":"product-type-variable"},"_links":{"self":[{"href":"https:\/\/www.etic.ro\/en\/wp-json\/wp\/v2\/product\/214036","targetHints":{"allow":["GET"]}}],"collection":[{"href":"https:\/\/www.etic.ro\/en\/wp-json\/wp\/v2\/product"}],"about":[{"href":"https:\/\/www.etic.ro\/en\/wp-json\/wp\/v2\/types\/product"}],"replies":[{"embeddable":true,"href":"https:\/\/www.etic.ro\/en\/wp-json\/wp\/v2\/comments?post=214036"}],"wp:featuredmedia":[{"embeddable":true,"href":"https:\/\/www.etic.ro\/en\/wp-json\/wp\/v2\/media\/214042"}],"wp:attachment":[{"href":"https:\/\/www.etic.ro\/en\/wp-json\/wp\/v2\/media?parent=214036"}],"wp:term":[{"taxonomy":"product_brand","embeddable":true,"href":"https:\/\/www.etic.ro\/en\/wp-json\/wp\/v2\/product_brand?post=214036"},{"taxonomy":"product_cat","embeddable":true,"href":"https:\/\/www.etic.ro\/en\/wp-json\/wp\/v2\/product_cat?post=214036"},{"taxonomy":"product_tag","embeddable":true,"href":"https:\/\/www.etic.ro\/en\/wp-json\/wp\/v2\/product_tag?post=214036"}],"curies":[{"name":"wp","href":"https:\/\/api.w.org\/{rel}","templated":true}]}}