{"id":213901,"date":"2026-04-25T10:46:52","date_gmt":"2026-04-25T08:46:52","guid":{"rendered":"https:\/\/www.etic.ro\/?post_type=product&#038;p=213901"},"modified":"2026-05-07T10:51:29","modified_gmt":"2026-05-07T08:51:29","slug":"rochie-cu-nasturi-si-curea-in-talie-joana-crem","status":"publish","type":"product","link":"https:\/\/www.etic.ro\/en\/produs\/rochie-cu-nasturi-si-curea-in-talie-joana-crem\/","title":{"rendered":"Rochie cu nasturi si curea in talie Joana"},"content":{"rendered":"<section class=\"text-token-text-primary w-full focus:outline-none [--shadow-height:45px] has-data-writing-block:pointer-events-none has-data-writing-block:-mt-(--shadow-height) has-data-writing-block:pt-(--shadow-height) [&amp;:has([data-writing-block])&gt;*]:pointer-events-auto R6Vx5W_threadScrollVars scroll-mb-[calc(var(--scroll-root-safe-area-inset-bottom,0px)+var(--thread-response-height))] scroll-mt-(--header-height)\" dir=\"auto\" data-turn-id=\"b785da84-4e7f-47ab-b91b-5f03d31756d9\" data-testid=\"conversation-turn-31\" data-scroll-anchor=\"false\" data-turn=\"user\"><\/section>\n<section class=\"text-token-text-primary w-full focus:outline-none [--shadow-height:45px] has-data-writing-block:pointer-events-none has-data-writing-block:-mt-(--shadow-height) has-data-writing-block:pt-(--shadow-height) [&amp;:has([data-writing-block])&gt;*]:pointer-events-auto [content-visibility:auto] supports-[content-visibility:auto]:[contain-intrinsic-size:auto_100lvh] R6Vx5W_threadScrollVars scroll-mb-[calc(var(--scroll-root-safe-area-inset-bottom,0px)+var(--thread-response-height))] scroll-mt-[calc(var(--header-height)+min(200px,max(70px,20svh)))]\" dir=\"auto\" data-turn-id=\"request-WEB:5ef7d6ec-8e98-4744-88de-7a2513225783-15\" data-testid=\"conversation-turn-32\" data-scroll-anchor=\"false\" data-turn=\"assistant\">\n<div class=\"text-base my-auto mx-auto pb-10 [--thread-content-margin:var(--thread-content-margin-xs,calc(var(--spacing)*4))] @w-sm\/main:[--thread-content-margin:var(--thread-content-margin-sm,calc(var(--spacing)*6))] @w-lg\/main:[--thread-content-margin:var(--thread-content-margin-lg,calc(var(--spacing)*16))] px-(--thread-content-margin)\">\n<div class=\"[--thread-content-max-width:40rem] @w-lg\/main:[--thread-content-max-width:48rem] mx-auto max-w-(--thread-content-max-width) flex-1 group\/turn-messages focus-visible:outline-hidden relative flex w-full min-w-0 flex-col agent-turn\">\n<div class=\"flex max-w-full flex-col gap-4 grow\">\n<div class=\"min-h-8 text-message relative flex w-full flex-col items-end gap-2 text-start break-words whitespace-normal outline-none keyboard-focused:focus-ring [.text-message+&amp;]:mt-1\" dir=\"auto\" tabindex=\"0\" data-message-author-role=\"assistant\" data-message-id=\"26454f92-9e72-4dbb-acf9-441567069612\" data-message-model-slug=\"gpt-5-5\" data-turn-start-message=\"true\">\n<div class=\"flex w-full flex-col gap-1 empty:hidden\">\n<section class=\"text-token-text-primary w-full focus:outline-none [--shadow-height:45px] has-data-writing-block:pointer-events-none has-data-writing-block:-mt-(--shadow-height) has-data-writing-block:pt-(--shadow-height) [&amp;:has([data-writing-block])&gt;*]:pointer-events-auto [content-visibility:auto] supports-[content-visibility:auto]:[contain-intrinsic-size:auto_100lvh] R6Vx5W_threadScrollVars scroll-mb-[calc(var(--scroll-root-safe-area-inset-bottom,0px)+var(--thread-response-height))] scroll-mt-[calc(var(--header-height)+min(200px,max(70px,20svh)))]\" dir=\"auto\" data-turn-id=\"request-69faecb6-96ec-838d-84b9-50ab5bd07195-0\" data-testid=\"conversation-turn-38\" data-scroll-anchor=\"false\" data-turn=\"assistant\">\n<div class=\"text-base my-auto mx-auto pb-10 [--thread-content-margin:var(--thread-content-margin-xs,calc(var(--spacing)*4))] @w-sm\/main:[--thread-content-margin:var(--thread-content-margin-sm,calc(var(--spacing)*6))] @w-lg\/main:[--thread-content-margin:var(--thread-content-margin-lg,calc(var(--spacing)*16))] px-(--thread-content-margin)\">\n<div class=\"[--thread-content-max-width:40rem] @w-lg\/main:[--thread-content-max-width:48rem] mx-auto max-w-(--thread-content-max-width) flex-1 group\/turn-messages focus-visible:outline-hidden relative flex w-full min-w-0 flex-col agent-turn\">\n<div class=\"flex max-w-full flex-col gap-4 grow\">\n<div class=\"min-h-8 text-message relative flex w-full flex-col items-end gap-2 text-start break-words whitespace-normal outline-none keyboard-focused:focus-ring [.text-message+&amp;]:mt-1\" dir=\"auto\" tabindex=\"0\" data-message-author-role=\"assistant\" data-message-id=\"77749f39-bec8-4724-a74b-02b5d40a5d30\" data-message-model-slug=\"gpt-5-5\" data-turn-start-message=\"true\">\n<div class=\"flex w-full flex-col gap-1 empty:hidden\">\n<div class=\"markdown prose dark:prose-invert wrap-break-word w-full light markdown-new-styling\">\n<section class=\"text-token-text-primary w-full focus:outline-none [--shadow-height:45px] has-data-writing-block:pointer-events-none has-data-writing-block:-mt-(--shadow-height) has-data-writing-block:pt-(--shadow-height) [&amp;:has([data-writing-block])&gt;*]:pointer-events-auto [content-visibility:auto] supports-[content-visibility:auto]:[contain-intrinsic-size:auto_100lvh] R6Vx5W_threadScrollVars scroll-mb-[calc(var(--scroll-root-safe-area-inset-bottom,0px)+var(--thread-response-height))] scroll-mt-[calc(var(--header-height)+min(200px,max(70px,20svh)))]\" dir=\"auto\" data-turn-id=\"request-69faecb6-96ec-838d-84b9-50ab5bd07195-2\" data-testid=\"conversation-turn-42\" data-scroll-anchor=\"false\" data-turn=\"assistant\">\n<div class=\"text-base my-auto mx-auto pb-10 [--thread-content-margin:var(--thread-content-margin-xs,calc(var(--spacing)*4))] @w-sm\/main:[--thread-content-margin:var(--thread-content-margin-sm,calc(var(--spacing)*6))] @w-lg\/main:[--thread-content-margin:var(--thread-content-margin-lg,calc(var(--spacing)*16))] px-(--thread-content-margin)\">\n<div class=\"[--thread-content-max-width:40rem] @w-lg\/main:[--thread-content-max-width:48rem] mx-auto max-w-(--thread-content-max-width) flex-1 group\/turn-messages focus-visible:outline-hidden relative flex w-full min-w-0 flex-col agent-turn\">\n<div class=\"flex max-w-full flex-col gap-4 grow\">\n<div class=\"min-h-8 text-message relative flex w-full flex-col items-end gap-2 text-start break-words whitespace-normal outline-none keyboard-focused:focus-ring [.text-message+&amp;]:mt-1\" dir=\"auto\" tabindex=\"0\" data-message-author-role=\"assistant\" data-message-id=\"02a64470-8b31-4804-acad-28f02a3481d6\" data-message-model-slug=\"gpt-5-5\" data-turn-start-message=\"true\">\n<div class=\"flex w-full flex-col gap-1 empty:hidden\">\n<div class=\"markdown prose dark:prose-invert wrap-break-word w-full light markdown-new-styling\">\n<h1 data-section-id=\"e0tq24\" data-start=\"0\" data-end=\"83\">Rochie cu nasturi \u0219i curea \u00een talie Joana \u2013 elegan\u021b\u0103 casual \u0219i feminitate modern\u0103<\/h1>\n<p data-start=\"85\" data-end=\"615\">Rochie cu nasturi \u0219i curea \u00een talie Joana este alegerea perfect\u0103 pentru femeile care \u00ee\u0219i doresc o \u021binut\u0103 feminin\u0103, elegant\u0103 \u0219i confortabil\u0103 \u00een acela\u0219i timp. Cu un design modern \u0219i o croial\u0103 care pune subtil \u00een valoare silueta, aceast\u0103 rochie reu\u0219e\u0219te s\u0103 combine rafinamentul stilului casual chic cu lejeritatea necesar\u0103 unei piese versatile \u0219i u\u0219or de purtat. Ideal\u0103 pentru sezonul cald, pentru birou, ie\u0219iri \u00een ora\u0219, vacan\u021be sau \u00eent\u00e2lniri relaxate, aceast\u0103 rochie poate deveni rapid una dintre piesele preferate din garderoba ta.<\/p>\n<p data-start=\"617\" data-end=\"1042\">Detaliile cu nasturi frontali ofer\u0103 un aer sofisticat \u0219i completeaz\u0103 armonios designul minimalist al rochiei. Nasturii decorativi adaug\u0103 personalitate \u0219i creeaz\u0103 un efect elegant \u0219i feminin, inspirat din stilul effortless chic extrem de apreciat \u00een tendin\u021bele actuale. Rochie cu nasturi \u0219i curea \u00een talie Joana este perfect\u0103 pentru femeile care iubesc piesele simple, dar atent accesorizate prin detalii discrete \u0219i rafinate.<\/p>\n<p data-start=\"1044\" data-end=\"1409\">Cureaua din talie reprezint\u0103 elementul care eviden\u021biaz\u0103 armonios silueta \u0219i ofer\u0103 \u00eentregii \u021binute un plus de feminitate. Acest detaliu creeaz\u0103 propor\u021bii elegante \u0219i pune subtil \u00een valoare talia, oferind un look sofisticat \u0219i modern. Rochie cu nasturi \u0219i curea \u00een talie Joana avantajeaz\u0103 diferite tipuri de siluet\u0103 \u0219i contribuie la o apari\u021bie armonioas\u0103 \u0219i elegant\u0103.<\/p>\n<p data-start=\"1411\" data-end=\"1730\">Croiala lejer\u0103 ofer\u0103 libertate de mi\u0219care \u0219i confort pe parcursul \u00eentregii zile. \u00cen acela\u0219i timp, liniile curate \u0219i designul fluid contribuie la un aspect rafinat \u0219i natural. Rochie cu nasturi \u0219i curea \u00een talie Joana poate fi purtat\u0103 at\u00e2t \u00een outfituri casual elegante, c\u00e2t \u0219i \u00een \u021binute smart casual moderne \u0219i feminine.<\/p>\n<p data-start=\"1732\" data-end=\"2049\">Materialul pl\u0103cut la atingere ofer\u0103 confort \u0219i lejeritate, fiind ideal pentru zilele c\u0103lduroase \u0219i pentru apari\u021biile relaxate de zi. Rochie cu nasturi \u0219i curea \u00een talie Joana este alegerea perfect\u0103 pentru femeile care \u00ee\u0219i doresc o pies\u0103 practic\u0103 \u0219i versatil\u0103, f\u0103r\u0103 compromisuri \u00een ceea ce prive\u0219te elegan\u021ba \u0219i stilul.<\/p>\n<p data-start=\"2051\" data-end=\"2465\">Designul s\u0103u minimalist permite integrarea u\u0219oar\u0103 \u00een numeroase combina\u021bii vestimentare \u0219i stiluri diferite. Po\u021bi purta aceast\u0103 rochie cu sandale minimaliste \u0219i accesorii fine pentru un look elegant de zi sau cu sneakers \u0219i o geant\u0103 casual pentru o apari\u021bie relaxat\u0103 \u0219i modern\u0103. Rochie cu nasturi \u0219i curea \u00een talie Joana ofer\u0103 numeroase posibilit\u0103\u021bi de styling \u0219i poate fi adaptat\u0103 cu u\u0219urin\u021b\u0103 diferitelor contexte.<\/p>\n<p data-start=\"2467\" data-end=\"2812\">Croiala feminin\u0103 \u0219i lungimea echilibrat\u0103 contribuie la un efect elegant \u0219i armonios. \u00cen acela\u0219i timp, nasturii \u0219i cureaua din talie adaug\u0103 structur\u0103 \u0219i stil \u00eentregii \u021binute. Rochie cu nasturi \u0219i curea \u00een talie Joana este ideal\u0103 pentru birou, city break-uri, brunch-uri, plimb\u0103ri sau vacan\u021be unde \u00ee\u021bi dore\u0219ti o \u021binut\u0103 confortabil\u0103 \u0219i sofisticat\u0103.<\/p>\n<p data-start=\"2814\" data-end=\"3106\">Aspectul modern \u0219i liniile curate fac ca aceast\u0103 rochie s\u0103 fie u\u0219or de accesorizat \u0219i purtat sezon dup\u0103 sezon. Rochie cu nasturi \u0219i curea \u00een talie Joana este o pies\u0103 atemporal\u0103 care \u00ee\u0219i p\u0103streaz\u0103 farmecul indiferent de tendin\u021be \u0219i care poate fi integrat\u0103 cu u\u0219urin\u021b\u0103 \u00een garderoba de zi cu zi.<\/p>\n<p data-start=\"3108\" data-end=\"3364\">Materialul fluid \u0219i confortabil ofer\u0103 o purtare pl\u0103cut\u0103 \u0219i creeaz\u0103 un efect natural elegant la fiecare mi\u0219care. Rochie cu nasturi \u0219i curea \u00een talie Joana este potrivit\u0103 pentru femeile care iubesc \u021binutele feminine \u0219i versatile, cu un aer modern \u0219i rafinat.<\/p>\n<p data-start=\"3366\" data-end=\"3731\">Po\u021bi transforma aceast\u0103 rochie \u00eentr-o apari\u021bie elegant\u0103 prin simpla schimbare a accesoriilor \u0219i \u00eenc\u0103l\u021b\u0103mintei. Adaug\u0103 bijuterii fine \u0219i pantofi cu toc pentru un look sofisticat sau p\u0103streaz\u0103 un vibe relaxat cu sandale joase \u0219i accesorii minimaliste. Rochie cu nasturi \u0219i curea \u00een talie Joana se adapteaz\u0103 perfect stilului t\u0103u \u0219i momentelor \u00een care alegi s\u0103 o por\u021bi.<\/p>\n<p data-start=\"3733\" data-end=\"3947\">Aceast\u0103 pies\u0103 vestimentar\u0103 transmite naturale\u021be, feminitate \u0219i elegan\u021b\u0103 contemporan\u0103 prin fiecare detaliu. Rochie cu nasturi \u0219i curea \u00een talie Joana este combina\u021bia ideal\u0103 dintre confort, stil \u0219i rafinament modern.<\/p>\n<h2 data-section-id=\"1pbj15v\" data-start=\"3949\" data-end=\"3967\">Caracteristici:<\/h2>\n<ul data-start=\"3968\" data-end=\"4274\">\n<li data-section-id=\"1ir7ehj\" data-start=\"3968\" data-end=\"3999\">Nasturi decorativi frontali<\/li>\n<li data-section-id=\"159sfrz\" data-start=\"4000\" data-end=\"4047\">Curea \u00een talie pentru eviden\u021bierea siluetei<\/li>\n<li data-section-id=\"1wnhfwk\" data-start=\"4048\" data-end=\"4084\">Croial\u0103 feminin\u0103 \u0219i confortabil\u0103<\/li>\n<li data-section-id=\"djo778\" data-start=\"4085\" data-end=\"4116\">Material pl\u0103cut la atingere<\/li>\n<li data-section-id=\"1cwrtfc\" data-start=\"4117\" data-end=\"4148\">Design minimalist \u0219i modern<\/li>\n<li data-section-id=\"1j2af60\" data-start=\"4149\" data-end=\"4204\">Potrivit\u0103 pentru \u021binute casual chic \u0219i smart casual<\/li>\n<li data-section-id=\"1l6td3o\" data-start=\"4205\" data-end=\"4228\">U\u0219or de accesorizat<\/li>\n<li data-section-id=\"alv89s\" data-start=\"4229\" data-end=\"4274\">Confort sporit pe parcursul \u00eentregii zile<\/li>\n<\/ul>\n<h2 data-section-id=\"1lsqphv\" data-start=\"4276\" data-end=\"4292\">Styling tips:<\/h2>\n<p data-start=\"4293\" data-end=\"4596\" data-is-last-node=\"\" data-is-only-node=\"\">Poart\u0103 Rochie cu nasturi \u0219i curea \u00een talie Joana cu sandale cu barete \u0219i accesorii aurii fine pentru un look elegant de zi sau combin-o cu sneakers \u0219i o geant\u0103 crossbody pentru o apari\u021bie relaxat\u0103 \u0219i modern\u0103. Pentru serile mai r\u0103coroase, completeaz\u0103 \u021binuta cu un sacou oversized sau o jachet\u0103 din denim.<\/p>\n<\/div>\n<\/div>\n<\/div>\n<\/div>\n<div class=\"z-0 flex min-h-[46px] justify-start\"><\/div>\n<div class=\"mt-3 w-full empty:hidden\">\n<div class=\"text-center\"><\/div>\n<\/div>\n<\/div>\n<\/div>\n<\/section>\n<div class=\"pointer-events-none -mt-px h-px translate-y-[calc(var(--scroll-root-safe-area-inset-bottom)-14*var(--spacing))]\" aria-hidden=\"true\"><\/div>\n<\/div>\n<\/div>\n<\/div>\n<\/div>\n<div class=\"mt-3 w-full empty:hidden\">\n<div class=\"text-center\">\n<div class=\"relative basis-auto flex-col -mb-(--composer-overlap-px) pb-(--composer-overlap-px) [--composer-overlap-px:28px] grow flex\">\n<div class=\"flex flex-col text-sm\">\n<section class=\"text-token-text-primary w-full focus:outline-none [--shadow-height:45px] has-data-writing-block:pointer-events-none has-data-writing-block:-mt-(--shadow-height) has-data-writing-block:pt-(--shadow-height) [&amp;:has([data-writing-block])&gt;*]:pointer-events-auto [content-visibility:auto] supports-[content-visibility:auto]:[contain-intrinsic-size:auto_100lvh] R6Vx5W_threadScrollVars scroll-mb-[calc(var(--scroll-root-safe-area-inset-bottom,0px)+var(--thread-response-height))] scroll-mt-[calc(var(--header-height)+min(200px,max(70px,20svh)))]\" dir=\"auto\" data-turn-id=\"request-69faecb6-96ec-838d-84b9-50ab5bd07195-1\" data-testid=\"conversation-turn-40\" data-scroll-anchor=\"false\" data-turn=\"assistant\">\n<div class=\"text-base my-auto mx-auto pb-10 [--thread-content-margin:var(--thread-content-margin-xs,calc(var(--spacing)*4))] @w-sm\/main:[--thread-content-margin:var(--thread-content-margin-sm,calc(var(--spacing)*6))] @w-lg\/main:[--thread-content-margin:var(--thread-content-margin-lg,calc(var(--spacing)*16))] px-(--thread-content-margin)\">\n<div class=\"[--thread-content-max-width:40rem] @w-lg\/main:[--thread-content-max-width:48rem] mx-auto max-w-(--thread-content-max-width) flex-1 group\/turn-messages focus-visible:outline-hidden relative flex w-full min-w-0 flex-col agent-turn\">\n<div class=\"flex max-w-full flex-col gap-4 grow\">\n<div class=\"min-h-8 text-message relative flex w-full flex-col items-end gap-2 text-start break-words whitespace-normal outline-none keyboard-focused:focus-ring [.text-message+&amp;]:mt-1\" dir=\"auto\" tabindex=\"0\" data-message-author-role=\"assistant\" data-message-id=\"3e4fc321-969a-454f-be98-6652d5c467d5\" data-message-model-slug=\"gpt-5-5\" data-turn-start-message=\"true\">\n<div class=\"flex w-full flex-col gap-1 empty:hidden\">\n<div class=\"markdown prose dark:prose-invert wrap-break-word w-full light markdown-new-styling\"><\/div>\n<\/div>\n<\/div>\n<\/div>\n<\/div>\n<\/div>\n<\/section>\n<\/div>\n<\/div>\n<\/div>\n<\/div>\n<\/div>\n<\/div>\n<\/section>\n<\/div>\n<\/div>\n<\/div>\n<div class=\"mt-3 w-full empty:hidden\">\n<div class=\"text-center\">\n<div class=\"pointer-events-none -mt-px h-px translate-y-[calc(var(--scroll-root-safe-area-inset-bottom)-14*var(--spacing))]\" aria-hidden=\"true\">\n<section class=\"text-token-text-primary w-full focus:outline-none [--shadow-height:45px] has-data-writing-block:pointer-events-none has-data-writing-block:-mt-(--shadow-height) has-data-writing-block:pt-(--shadow-height) [&amp;:has([data-writing-block])&gt;*]:pointer-events-auto [content-visibility:auto] supports-[content-visibility:auto]:[contain-intrinsic-size:auto_100lvh] R6Vx5W_threadScrollVars scroll-mb-[calc(var(--scroll-root-safe-area-inset-bottom,0px)+var(--thread-response-height))] scroll-mt-[calc(var(--header-height)+min(200px,max(70px,20svh)))]\" dir=\"auto\" data-turn-id=\"request-WEB:5ef7d6ec-8e98-4744-88de-7a2513225783-17\" data-testid=\"conversation-turn-36\" data-scroll-anchor=\"false\" data-turn=\"assistant\">\n<div class=\"text-base my-auto mx-auto pb-10 [--thread-content-margin:var(--thread-content-margin-xs,calc(var(--spacing)*4))] @w-sm\/main:[--thread-content-margin:var(--thread-content-margin-sm,calc(var(--spacing)*6))] @w-lg\/main:[--thread-content-margin:var(--thread-content-margin-lg,calc(var(--spacing)*16))] px-(--thread-content-margin)\">\n<div class=\"[--thread-content-max-width:40rem] @w-lg\/main:[--thread-content-max-width:48rem] mx-auto max-w-(--thread-content-max-width) flex-1 group\/turn-messages focus-visible:outline-hidden relative flex w-full min-w-0 flex-col agent-turn\">\n<div class=\"flex max-w-full flex-col gap-4 grow\">\n<div class=\"min-h-8 text-message relative flex w-full flex-col items-end gap-2 text-start break-words whitespace-normal outline-none keyboard-focused:focus-ring [.text-message+&amp;]:mt-1\" dir=\"auto\" tabindex=\"0\" data-message-author-role=\"assistant\" data-message-id=\"1d4306e4-bc66-4fdb-b4d0-e1069b0d60ef\" data-message-model-slug=\"gpt-5-5\" data-turn-start-message=\"true\">\n<div class=\"flex w-full flex-col gap-1 empty:hidden\">\n<div class=\"markdown prose dark:prose-invert w-full wrap-break-word light markdown-new-styling\"><\/div>\n<\/div>\n<\/div>\n<\/div>\n<div class=\"mt-3 w-full empty:hidden\">\n<div class=\"text-center\"><\/div>\n<\/div>\n<\/div>\n<\/div>\n<\/section>\n<div class=\"pointer-events-none -mt-px h-px translate-y-[calc(var(--scroll-root-safe-area-inset-bottom)-14*var(--spacing))]\" aria-hidden=\"true\"><\/div>\n<\/div>\n<\/div>\n<\/div>\n<\/div>\n<\/div>\n<\/section>\n<div class=\"pointer-events-none -mt-px h-px translate-y-[calc(var(--scroll-root-safe-area-inset-bottom)-14*var(--spacing))]\" aria-hidden=\"true\"><\/div>\n","protected":false},"excerpt":{"rendered":"<p>&nbsp;<\/p>\n<ul>\n<li>Modelul poarta marimea 34 si are inaltimea 1.80 cm<\/li>\n<li>Compozitie:100%in<\/li>\n<\/ul>","protected":false},"featured_media":213909,"comment_status":"open","ping_status":"closed","template":"","meta":[],"product_brand":[],"product_cat":[436,506,544,561,558,560,437,520,18,538,536,523,440,549,548],"product_tag":[431],"class_list":{"0":"post-213901","1":"product","2":"type-product","3":"status-publish","4":"has-post-thumbnail","6":"product_cat-haine-dama","7":"product_cat-noua-colectie","8":"product_cat-clos-si-a-line","9":"product_cat-cu-buzunare","10":"product_cat-cu-guler","11":"product_cat-cu-nasturi","12":"product_cat-rochii-dama","13":"product_cat-de-primavara","14":"product_cat-de-zi","15":"product_cat-din-bumbac-si-in","16":"product_cat-maro-bej-si-crem","17":"product_cat-midi","18":"product_cat-office","19":"product_cat-pe-detalii","20":"product_cat-pe-stil","21":"product_tag-noutati","22":"pa_colectie-primavara-vara-2026","23":"pa_culoare-crem","24":"pa_marime-21","25":"pa_marime-22","26":"pa_marime-23","27":"pa_marime-25","28":"pa_marime-24","29":"pa_marime-26","30":"pa_marime-38","31":"shop-item","32":"sr-item","34":"first","35":"instock","36":"taxable","37":"shipping-taxable","38":"purchasable","39":"product-type-variable"},"_links":{"self":[{"href":"https:\/\/www.etic.ro\/en\/wp-json\/wp\/v2\/product\/213901","targetHints":{"allow":["GET"]}}],"collection":[{"href":"https:\/\/www.etic.ro\/en\/wp-json\/wp\/v2\/product"}],"about":[{"href":"https:\/\/www.etic.ro\/en\/wp-json\/wp\/v2\/types\/product"}],"replies":[{"embeddable":true,"href":"https:\/\/www.etic.ro\/en\/wp-json\/wp\/v2\/comments?post=213901"}],"wp:featuredmedia":[{"embeddable":true,"href":"https:\/\/www.etic.ro\/en\/wp-json\/wp\/v2\/media\/213909"}],"wp:attachment":[{"href":"https:\/\/www.etic.ro\/en\/wp-json\/wp\/v2\/media?parent=213901"}],"wp:term":[{"taxonomy":"product_brand","embeddable":true,"href":"https:\/\/www.etic.ro\/en\/wp-json\/wp\/v2\/product_brand?post=213901"},{"taxonomy":"product_cat","embeddable":true,"href":"https:\/\/www.etic.ro\/en\/wp-json\/wp\/v2\/product_cat?post=213901"},{"taxonomy":"product_tag","embeddable":true,"href":"https:\/\/www.etic.ro\/en\/wp-json\/wp\/v2\/product_tag?post=213901"}],"curies":[{"name":"wp","href":"https:\/\/api.w.org\/{rel}","templated":true}]}}