{"id":213535,"date":"2026-04-22T08:50:50","date_gmt":"2026-04-22T06:50:50","guid":{"rendered":"https:\/\/www.etic.ro\/?post_type=product&#038;p=213535"},"modified":"2026-05-06T10:17:27","modified_gmt":"2026-05-06T08:17:27","slug":"rochie-imprimata-cu-bretele-alice-navy","status":"publish","type":"product","link":"https:\/\/www.etic.ro\/en\/produs\/rochie-imprimata-cu-bretele-alice-navy\/","title":{"rendered":"Rochie imprimata cu bretele Alice"},"content":{"rendered":"<section class=\"text-token-text-primary w-full focus:outline-none [--shadow-height:45px] has-data-writing-block:pointer-events-none has-data-writing-block:-mt-(--shadow-height) has-data-writing-block:pt-(--shadow-height) [&amp;:has([data-writing-block])&gt;*]:pointer-events-auto R6Vx5W_threadScrollVars scroll-mb-[calc(var(--scroll-root-safe-area-inset-bottom,0px)+var(--thread-response-height))] scroll-mt-(--header-height)\" dir=\"auto\" data-turn-id=\"c7266d14-77af-4c91-9367-5eb1cbff66c6\" data-testid=\"conversation-turn-25\" data-scroll-anchor=\"false\" data-turn=\"user\"><\/section>\n<section class=\"text-token-text-primary w-full focus:outline-none [--shadow-height:45px] has-data-writing-block:pointer-events-none has-data-writing-block:-mt-(--shadow-height) has-data-writing-block:pt-(--shadow-height) [&amp;:has([data-writing-block])&gt;*]:pointer-events-auto [content-visibility:auto] supports-[content-visibility:auto]:[contain-intrinsic-size:auto_100lvh] R6Vx5W_threadScrollVars scroll-mb-[calc(var(--scroll-root-safe-area-inset-bottom,0px)+var(--thread-response-height))] scroll-mt-[calc(var(--header-height)+min(200px,max(70px,20svh)))]\" dir=\"auto\" data-turn-id=\"request-WEB:c831e3f2-6e75-4636-af01-c3a5e130ccc5-12\" data-testid=\"conversation-turn-26\" data-scroll-anchor=\"false\" data-turn=\"assistant\">\n<div class=\"text-base my-auto mx-auto pb-10 [--thread-content-margin:var(--thread-content-margin-xs,calc(var(--spacing)*4))] @w-sm\/main:[--thread-content-margin:var(--thread-content-margin-sm,calc(var(--spacing)*6))] @w-lg\/main:[--thread-content-margin:var(--thread-content-margin-lg,calc(var(--spacing)*16))] px-(--thread-content-margin)\">\n<div class=\"[--thread-content-max-width:40rem] @w-lg\/main:[--thread-content-max-width:48rem] mx-auto max-w-(--thread-content-max-width) flex-1 group\/turn-messages focus-visible:outline-hidden relative flex w-full min-w-0 flex-col agent-turn\">\n<div class=\"flex max-w-full flex-col gap-4 grow\">\n<div class=\"min-h-8 text-message relative flex w-full flex-col items-end gap-2 text-start break-words whitespace-normal outline-none keyboard-focused:focus-ring [.text-message+&amp;]:mt-1\" dir=\"auto\" tabindex=\"0\" data-message-author-role=\"assistant\" data-message-id=\"abeca088-7c53-4fc1-9f8a-96f37aec97c7\" data-message-model-slug=\"gpt-5-3\" data-turn-start-message=\"true\">\n<div class=\"flex w-full flex-col gap-1 empty:hidden\">\n<div class=\"markdown prose dark:prose-invert w-full wrap-break-word light markdown-new-styling\">\n<div>\n<div class=\"flex h-svh w-screen flex-col\">\n<div class=\"relative z-0 flex min-h-0 w-full flex-1\">\n<div class=\"relative flex min-h-0 w-full flex-1\">\n<div class=\"@container\/main relative flex min-w-0 flex-1 flex-col -translate-y-[calc(env(safe-area-inset-bottom,0px)\/2)] pt-[calc(env(safe-area-inset-bottom,0px)\/2)]\">\n<div class=\"@w-sm\/main:[scrollbar-gutter:var(--stage-scroll-gutter)] touch:[scrollbar-width:none] group\/scroll-root relative flex min-h-0 min-w-0 flex-1 flex-col [scrollbar-gutter:stable] not-print:overflow-x-clip not-print:overflow-y-auto group-data-stream-active\/scroll-root:[overflow-anchor:none] scroll-pt-(--header-height) [--sticky-padding-top:var(--header-height)] [--sticky-padding-bottom:0px] [--scroll-root-safe-area-inset-top:calc(var(--sticky-padding-top)+env(safe-area-inset-top,0px))] [--scroll-root-safe-area-inset-bottom:calc(var(--sticky-padding-bottom)+var(--screen-keyboard-height,0px)+env(safe-area-inset-bottom,0px))] [--scroll-root-safe-area-height:calc(100lvh-var(--scroll-root-safe-area-inset-top)-var(--scroll-root-safe-area-inset-bottom))] has-data-[fixed-header=less-than-xl]:@w-xl\/main:scroll-pt-0 has-data-[fixed-header=less-than-xl]:@w-xl\/main:[--sticky-padding-top:0px] has-data-[fixed-header=less-than-xxl]:@w-2xl\/main:scroll-pt-0 has-data-[fixed-header=less-than-xxl]:@w-2xl\/main:[--sticky-padding-top:0px]\" data-scroll-root=\"\" data-scroll-from-top=\"\">\n<p>&nbsp;<\/p>\n<div id=\"thread\" class=\"group\/thread flex flex-col min-h-full\">\n<div class=\"composer-parent flex flex-1 flex-col focus-visible:outline-0\" role=\"presentation\">\n<div class=\"relative basis-auto flex-col -mb-(--composer-overlap-px) pb-(--composer-overlap-px) [--composer-overlap-px:28px] grow flex\">\n<div class=\"flex flex-col text-sm\">\n<section class=\"text-token-text-primary w-full focus:outline-none [--shadow-height:45px] has-data-writing-block:pointer-events-none has-data-writing-block:-mt-(--shadow-height) has-data-writing-block:pt-(--shadow-height) [&amp;:has([data-writing-block])&gt;*]:pointer-events-auto [content-visibility:auto] supports-[content-visibility:auto]:[contain-intrinsic-size:auto_100lvh] R6Vx5W_threadScrollVars scroll-mb-[calc(var(--scroll-root-safe-area-inset-bottom,0px)+var(--thread-response-height))] scroll-mt-[calc(var(--header-height)+min(200px,max(70px,20svh)))]\" dir=\"auto\" data-turn-id=\"request-69f845c4-e844-8385-a091-6f857b21af34-0\" data-testid=\"conversation-turn-36\" data-scroll-anchor=\"false\" data-turn=\"assistant\">\n<div class=\"text-base my-auto mx-auto pb-10 [--thread-content-margin:var(--thread-content-margin-xs,calc(var(--spacing)*4))] @w-sm\/main:[--thread-content-margin:var(--thread-content-margin-sm,calc(var(--spacing)*6))] @w-lg\/main:[--thread-content-margin:var(--thread-content-margin-lg,calc(var(--spacing)*16))] px-(--thread-content-margin)\">\n<div class=\"[--thread-content-max-width:40rem] @w-lg\/main:[--thread-content-max-width:48rem] mx-auto max-w-(--thread-content-max-width) flex-1 group\/turn-messages focus-visible:outline-hidden relative flex w-full min-w-0 flex-col agent-turn\">\n<div class=\"flex max-w-full flex-col gap-4 grow\">\n<div class=\"min-h-8 text-message relative flex w-full flex-col items-end gap-2 text-start break-words whitespace-normal outline-none keyboard-focused:focus-ring [.text-message+&amp;]:mt-1\" dir=\"auto\" tabindex=\"0\" data-message-author-role=\"assistant\" data-message-id=\"25cb9561-b3ec-469a-9986-b39ba9d05cfe\" data-message-model-slug=\"gpt-5-3\" data-turn-start-message=\"true\">\n<div class=\"flex w-full flex-col gap-1 empty:hidden\">\n<div class=\"markdown prose dark:prose-invert w-full wrap-break-word light markdown-new-styling\">\n<p data-start=\"0\" data-end=\"76\"><strong data-start=\"0\" data-end=\"76\">Rochie imprimat\u0103 cu bretele Alice \u2013 feminitate lejer\u0103 \u0219i stil effortless<\/strong><\/p>\n<p data-start=\"78\" data-end=\"467\">Rochia imprimat\u0103 cu bretele Alice este alegerea ideal\u0103 pentru zilele \u00een care \u00ee\u021bi dore\u0219ti un look fresh, feminin \u0219i u\u0219or de purtat. Cu un design modern \u0219i un imprimeu plin de personalitate, aceast\u0103 rochie reu\u0219e\u0219te s\u0103 \u00eembine perfect confortul cu estetica actual\u0103, fiind potrivit\u0103 pentru o varietate de ocazii \u2013 de la plimb\u0103ri \u00een ora\u0219 \u0219i vacan\u021be, p\u00e2n\u0103 la ie\u0219iri relaxate sau evenimente de zi.<\/p>\n<p data-start=\"469\" data-end=\"874\">Imprimeul este elementul central al rochiei imprimat\u0103 cu bretele Alice, oferind dinamism \u0219i un plus de stil. Fie c\u0103 este vorba despre motive florale, abstracte sau grafice, imprimeul aduce un aer vibrant \u0219i contemporan, transform\u00e2nd rochia \u00eentr-o pies\u0103 care atrage privirea f\u0103r\u0103 a fi exagerat\u0103. Este genul de rochie care \u00ee\u021bi completeaz\u0103 look-ul f\u0103r\u0103 efort, fiind suficient\u0103 pentru a crea o \u021binut\u0103 reu\u0219it\u0103.<\/p>\n<p data-start=\"876\" data-end=\"1204\">Bretelele fine adaug\u0103 un plus de delicate\u021be \u0219i lejeritate designului. Rochia imprimat\u0103 cu bretele Alice este conceput\u0103 pentru a eviden\u021bia subtil zona umerilor \u0219i a g\u00e2tului, oferind un aer feminin \u0219i relaxat. Acest tip de croial\u0103 este perfect pentru sezonul cald, asigur\u00e2nd confort \u0219i libertate de mi\u0219care pe tot parcursul zilei.<\/p>\n<p data-start=\"1206\" data-end=\"1547\">Croiala rochiei este lejer\u0103 \u0219i fluid\u0103, ideal\u0103 pentru a crea o siluet\u0103 armonioas\u0103 \u0219i natural\u0103. Rochia imprimat\u0103 cu bretele Alice urm\u0103re\u0219te linia corpului f\u0103r\u0103 a fi mulat\u0103, oferind un echilibru perfect \u00eentre stil \u0219i confort. Talia poate fi u\u0219or definit\u0103, \u00een func\u021bie de model, contribuind la eviden\u021bierea formelor \u00eentr-un mod subtil \u0219i elegant.<\/p>\n<p data-start=\"1549\" data-end=\"1917\">Materialul din care este realizat\u0103 rochia este u\u0219or, pl\u0103cut la atingere \u0219i perfect pentru temperaturi ridicate. Textura sa permite pielii s\u0103 respire, oferind o senza\u021bie de prospe\u021bime chiar \u0219i \u00een cele mai c\u0103lduroase zile. Rochia imprimat\u0103 cu bretele Alice este ideal\u0103 pentru vacan\u021be, plimb\u0103ri pe malul m\u0103rii sau zile relaxate \u00een ora\u0219, fiind o pies\u0103 practic\u0103 \u0219i stilat\u0103.<\/p>\n<p data-start=\"1919\" data-end=\"2345\">Versatilitatea este unul dintre cele mai mari avantaje ale acestei rochii. Poate fi purtat\u0103 \u00een numeroase combina\u021bii, \u00een func\u021bie de stilul dorit. Pentru un look casual, o po\u021bi asorta cu sandale joase sau espadrile \u0219i o geant\u0103 de zi. Pentru o apari\u021bie mai elegant\u0103, adaug\u0103 o pereche de sandale cu toc \u0219i accesorii fine. Rochia imprimat\u0103 cu bretele Alice se adapteaz\u0103 cu u\u0219urin\u021b\u0103, oferindu-\u021bi libertatea de a crea \u021binute variate.<\/p>\n<p data-start=\"2347\" data-end=\"2733\">Un alt aspect important este faptul c\u0103 aceast\u0103 rochie se fotografiaz\u0103 foarte bine. Imprimeul \u0219i croiala fluid\u0103 creeaz\u0103 un efect vizual pl\u0103cut \u0219i dinamic, perfect pentru apari\u021bii pe social media sau pentru momentele \u00een care vrei s\u0103 surprinzi cele mai frumoase cadre. Rochia imprimat\u0103 cu bretele Alice ofer\u0103 un look natural \u0219i fresh, ideal pentru femeile care apreciaz\u0103 stilul effortless.<\/p>\n<p data-start=\"2735\" data-end=\"3046\">Designul este potrivit pentru diferite tipuri de siluet\u0103, datorit\u0103 croielii sale echilibrate. Rochia imprimat\u0103 cu bretele Alice avantajeaz\u0103 at\u00e2t siluetele delicate, c\u00e2t \u0219i pe cele mai pline, oferind un aspect armonios \u0219i feminin. Este o pies\u0103 care \u00ee\u021bi pune \u00een valoare frumuse\u021bea natural\u0103, f\u0103r\u0103 a fi restrictiv\u0103.<\/p>\n<p data-start=\"3048\" data-end=\"3361\">Finisajele sunt realizate cu aten\u021bie, iar cus\u0103turile sunt fine \u0219i rezistente, asigur\u00e2nd un produs de calitate. Bretelele sunt bine fixate, iar materialul \u00ee\u0219i p\u0103streaz\u0103 forma \u0219i aspectul chiar \u0219i dup\u0103 mai multe purt\u0103ri. Toate aceste detalii contribuie la durabilitatea rochiei \u0219i la men\u021binerea unui look impecabil.<\/p>\n<p data-start=\"3363\" data-end=\"3623\">Rochia imprimat\u0103 cu bretele Alice este mai mult dec\u00e2t o pies\u0103 vestimentar\u0103 \u2013 este expresia unui stil relaxat, feminin \u0219i modern. Este alegerea perfect\u0103 pentru femeia care \u00ee\u0219i dore\u0219te s\u0103 se simt\u0103 confortabil, f\u0103r\u0103 a face compromisuri \u00een ceea ce prive\u0219te stilul.<\/p>\n<p data-start=\"3625\" data-end=\"3846\" data-is-last-node=\"\" data-is-only-node=\"\">Alege rochia imprimat\u0103 cu bretele Alice \u0219i bucur\u0103-te de o pies\u0103 versatil\u0103, u\u0219or de purtat \u0219i plin\u0103 de personalitate. Este rochia care \u00ee\u021bi va \u00eenso\u021bi cele mai frumoase momente, oferindu-\u021bi un look fresh, elegant \u0219i natural zilnic.<\/p>\n<\/div>\n<\/div>\n<\/div>\n<\/div>\n<div class=\"z-0 flex min-h-[46px] justify-start\"><\/div>\n<div class=\"mt-3 w-full empty:hidden\">\n<div class=\"text-center\"><\/div>\n<\/div>\n<\/div>\n<\/div>\n<\/section>\n<div class=\"pointer-events-none -mt-px h-px translate-y-[calc(var(--scroll-root-safe-area-inset-bottom)-14*var(--spacing))]\" aria-hidden=\"true\"><\/div>\n<div class=\"pointer-events-none translate-y-(--scroll-root-safe-area-inset-bottom) R6Vx5W_threadScrollVars min-h-(--gutter-remaining-height,0px) group-data-stream-active\/scroll-root:h-[calc(var(--thread-response-height)-16*var(--spacing))]\"><\/div>\n<\/div>\n<\/div>\n<div id=\"thread-bottom-container\" class=\"sticky bottom-0 z-10 group\/thread-bottom-container relative isolate w-full basis-auto has-data-has-thread-error:pt-2 has-data-has-thread-error:[box-shadow:var(--sharp-edge-bottom-shadow)] md:border-transparent md:pt-0 dark:border-white\/20 md:dark:border-transparent print:hidden content-fade single-line flex flex-col\">\n<div class=\"relative mx-auto h-0\">\n<div class=\"flex h-0 items-end justify-center motion-safe:transition-all motion-safe:delay-300 motion-safe:duration-300 group-[:not([data-scroll-from-end])]\/scroll-root:scale-50 group-[:not([data-scroll-from-end])]\/scroll-root:translate-y-2 group-[:not([data-scroll-from-end])]\/scroll-root:opacity-0 group-[:not([data-scroll-from-end])]\/scroll-root:pointer-events-none group-[:not([data-scroll-from-end])]\/scroll-root:duration-100 group-[:not([data-scroll-from-end])]\/scroll-root:delay-0 absolute start-1\/2 z-10 -translate-x-1\/2 bottom-[calc(100%+6*var(--spacing)+var(--thread-scroll-to-bottom-banner-offset,0px))]\"><\/div>\n<\/div>\n<div id=\"thread-bottom\">\n<div>\n<div class=\"text-base mx-auto [--thread-content-margin:var(--thread-content-margin-xs,calc(var(--spacing)*4))] @w-sm\/main:[--thread-content-margin:var(--thread-content-margin-sm,calc(var(--spacing)*6))] @w-lg\/main:[--thread-content-margin:var(--thread-content-margin-lg,calc(var(--spacing)*16))] px-(--thread-content-margin)\">\n<div>\n<div class=\"[--thread-content-max-width:40rem] @w-lg\/main:[--thread-content-max-width:48rem] mx-auto max-w-(--thread-content-max-width) flex-1 mb-[var(--thread-component-gap,1rem)]\">\n<div class=\"pointer-events-auto relative z-1 flex h-(--composer-container-height,100%) max-w-full flex-(--composer-container-flex,1) flex-col\">\n<form class=\"group\/composer w-full\" data-type=\"unified-composer\">\n<div class=\"\">\n<div class=\"bg-token-bg-primary dark:bg-token-bg-elevated-primary dark-oled:bg-token-bg-primary corner-superellipse\/1.1 cursor-text overflow-clip bg-clip-padding p-2.5 contain-inline-size motion-safe:transition-colors motion-safe:duration-200 motion-safe:ease-in-out grid grid-cols-[auto_1fr_auto] [grid-template-areas:'header_header_header'_'leading_primary_trailing'_'._footer_.'] group-data-expanded\/composer:[grid-template-areas:'header_header_header'_'primary_primary_primary'_'leading_footer_trailing'] shadow-short-composer\" data-composer-surface=\"true\">\n<div class=\"-my-2.5 flex min-h-14 items-center overflow-x-hidden px-1.5 [grid-area:primary] group-data-expanded\/composer:mb-0 group-data-expanded\/composer:px-2.5\">\n<div class=\"wcDTda_prosemirror-parent text-token-text-primary max-h-[max(30svh,5rem)] max-h-52 min-h-[var(--deep-research-composer-extra-height,unset)] flex-1 overflow-auto [scrollbar-width:thin] default-browser vertical-scroll-fade-mask\">\n<div id=\"prompt-textarea\" class=\"ProseMirror\" role=\"textbox\" contenteditable=\"true\" translate=\"no\" data-virtualkeyboard=\"true\" aria-multiline=\"true\" aria-label=\"Discut\u0103 cu ChatGPT\"><\/div>\n<\/div>\n<\/div>\n<div class=\"flex items-center gap-2 [grid-area:trailing]\">\n<div class=\"relative ms-1\">\n<div>\n<div class=\"-me-2\"><\/div>\n<\/div>\n<\/div>\n<div class=\"ms-auto flex items-center gap-1.5\">\n<div id=\"_r_6f_\" class=\"fixed inset-s-[anchor(center)] inset-e-auto top-[calc(anchor(bottom)+var(--spacing))] bottom-auto h-fit -translate-x-1\/2 [position-try-fallbacks:flip-block] overflow-visible bg-transparent z-50\" role=\"tooltip\"><\/div>\n<p>&nbsp;<\/p>\n<div>\n<div class=\"inline-flex\">\n<div>\n<div id=\"_r_fc_\" class=\"fixed inset-s-[anchor(center)] inset-e-auto top-[calc(anchor(bottom)+var(--spacing))] bottom-auto h-fit -translate-x-1\/2 [position-try-fallbacks:flip-block] overflow-visible bg-transparent z-50\" role=\"tooltip\"><\/div>\n<p>&nbsp;<\/p>\n<\/div>\n<\/div>\n<\/div>\n<\/div>\n<\/div>\n<\/div>\n<\/div>\n<\/form>\n<\/div>\n<\/div>\n<\/div>\n<\/div>\n<\/div>\n<\/div>\n<div class=\"-mt-4 text-token-text-secondary relative w-full overflow-hidden text-center text-xs [view-transition-name:var(--vt-disclaimer)] md:px-[60px]\">\n<div class=\"text-base mx-auto [--thread-content-margin:var(--thread-content-margin-xs,calc(var(--spacing)*4))] @w-sm\/main:[--thread-content-margin:var(--thread-content-margin-sm,calc(var(--spacing)*6))] @w-lg\/main:[--thread-content-margin:var(--thread-content-margin-lg,calc(var(--spacing)*16))] px-(--thread-content-margin)\">\n<div class=\"[--thread-content-max-width:40rem] @w-lg\/main:[--thread-content-max-width:48rem] mx-auto max-w-(--thread-content-max-width) flex-1\"><\/div>\n<\/div>\n<\/div>\n<\/div>\n<\/div>\n<\/div>\n<p>&nbsp;<\/p>\n<\/div>\n<\/div>\n<\/div>\n<\/div>\n<\/div>\n<\/div>\n<\/div>\n<\/div>\n<\/div>\n<\/div>\n<div class=\"z-0 flex min-h-[46px] justify-start\">\n<section class=\"text-token-text-primary w-full focus:outline-none [--shadow-height:45px] has-data-writing-block:pointer-events-none has-data-writing-block:-mt-(--shadow-height) has-data-writing-block:pt-(--shadow-height) [&amp;:has([data-writing-block])&gt;*]:pointer-events-auto [content-visibility:auto] supports-[content-visibility:auto]:[contain-intrinsic-size:auto_100lvh] R6Vx5W_threadScrollVars scroll-mb-[calc(var(--scroll-root-safe-area-inset-bottom,0px)+var(--thread-response-height))] scroll-mt-[calc(var(--header-height)+min(200px,max(70px,20svh)))]\" dir=\"auto\" data-turn-id=\"request-WEB:c831e3f2-6e75-4636-af01-c3a5e130ccc5-13\" data-testid=\"conversation-turn-28\" data-scroll-anchor=\"false\" data-turn=\"assistant\">\n<div class=\"text-base my-auto mx-auto pb-10 [--thread-content-margin:var(--thread-content-margin-xs,calc(var(--spacing)*4))] @w-sm\/main:[--thread-content-margin:var(--thread-content-margin-sm,calc(var(--spacing)*6))] @w-lg\/main:[--thread-content-margin:var(--thread-content-margin-lg,calc(var(--spacing)*16))] px-(--thread-content-margin)\">\n<div class=\"[--thread-content-max-width:40rem] @w-lg\/main:[--thread-content-max-width:48rem] mx-auto max-w-(--thread-content-max-width) flex-1 group\/turn-messages focus-visible:outline-hidden relative flex w-full min-w-0 flex-col agent-turn\">\n<div class=\"flex max-w-full flex-col gap-4 grow\">\n<div class=\"min-h-8 text-message relative flex w-full flex-col items-end gap-2 text-start break-words whitespace-normal outline-none keyboard-focused:focus-ring [.text-message+&amp;]:mt-1\" dir=\"auto\" tabindex=\"0\" data-message-author-role=\"assistant\" data-message-id=\"ce0f905e-33d4-4e10-9beb-0d7666358b77\" data-message-model-slug=\"gpt-5-3\" data-turn-start-message=\"true\">\n<div class=\"flex w-full flex-col gap-1 empty:hidden\">\n<div class=\"markdown prose dark:prose-invert w-full wrap-break-word light markdown-new-styling\"><\/div>\n<\/div>\n<\/div>\n<\/div>\n<\/div>\n<\/div>\n<\/section>\n<\/div>\n<\/div>\n<\/div>\n<\/section>\n<div class=\"pointer-events-none -mt-px h-px translate-y-[calc(var(--scroll-root-safe-area-inset-bottom)-14*var(--spacing))]\" aria-hidden=\"true\"><\/div>\n","protected":false},"excerpt":{"rendered":"<p>&nbsp;<\/p>\n<ul>\n<li>Modelul poarta marimea S\/M si are inaltimea 1.80 cm<\/li>\n<li>Compozitie: 100%bumbac<\/li>\n<\/ul>","protected":false},"featured_media":213538,"comment_status":"open","ping_status":"closed","template":"","meta":[],"product_brand":[],"product_cat":[436,506,532,439,544,559,441,437,520,442,519,18,538,523],"product_tag":[431],"class_list":{"0":"post-213535","1":"product","2":"type-product","3":"status-publish","4":"has-post-thumbnail","6":"product_cat-haine-dama","7":"product_cat-noua-colectie","8":"product_cat-albastre","9":"product_cat-casual","10":"product_cat-clos-si-a-line","11":"product_cat-cu-bretele","12":"product_cat-cu-imprimeu","13":"product_cat-rochii-dama","14":"product_cat-de-primavara","15":"product_cat-rochii-de-vara","16":"product_cat-de-vara","17":"product_cat-de-zi","18":"product_cat-din-bumbac-si-in","19":"product_cat-midi","20":"product_tag-noutati","21":"pa_colectie-primavara-vara-2026","22":"pa_culoare-navy","23":"pa_marime-l-xl","24":"pa_marime-s-m","25":"shop-item","26":"sr-item","28":"first","29":"instock","30":"taxable","31":"shipping-taxable","32":"purchasable","33":"product-type-variable"},"_links":{"self":[{"href":"https:\/\/www.etic.ro\/en\/wp-json\/wp\/v2\/product\/213535","targetHints":{"allow":["GET"]}}],"collection":[{"href":"https:\/\/www.etic.ro\/en\/wp-json\/wp\/v2\/product"}],"about":[{"href":"https:\/\/www.etic.ro\/en\/wp-json\/wp\/v2\/types\/product"}],"replies":[{"embeddable":true,"href":"https:\/\/www.etic.ro\/en\/wp-json\/wp\/v2\/comments?post=213535"}],"wp:featuredmedia":[{"embeddable":true,"href":"https:\/\/www.etic.ro\/en\/wp-json\/wp\/v2\/media\/213538"}],"wp:attachment":[{"href":"https:\/\/www.etic.ro\/en\/wp-json\/wp\/v2\/media?parent=213535"}],"wp:term":[{"taxonomy":"product_brand","embeddable":true,"href":"https:\/\/www.etic.ro\/en\/wp-json\/wp\/v2\/product_brand?post=213535"},{"taxonomy":"product_cat","embeddable":true,"href":"https:\/\/www.etic.ro\/en\/wp-json\/wp\/v2\/product_cat?post=213535"},{"taxonomy":"product_tag","embeddable":true,"href":"https:\/\/www.etic.ro\/en\/wp-json\/wp\/v2\/product_tag?post=213535"}],"curies":[{"name":"wp","href":"https:\/\/api.w.org\/{rel}","templated":true}]}}