{"id":211849,"date":"2026-04-27T07:30:26","date_gmt":"2026-04-27T05:30:26","guid":{"rendered":"https:\/\/www.etic.ro\/?post_type=product&#038;p=211849"},"modified":"2026-05-03T17:35:59","modified_gmt":"2026-05-03T15:35:59","slug":"rochie-cu-maneca-scurta-si-imprimeu-floral-luana","status":"publish","type":"product","link":"https:\/\/www.etic.ro\/en\/product\/rochie-cu-maneca-scurta-si-imprimeu-floral-luana\/","title":{"rendered":"Rochie cu maneca scurta si imprimeu floral Luana"},"content":{"rendered":"<div class=\"\" data-turn-id-container=\"request-WEB:25ae6b00-91b8-498b-ac41-f9f5ba39d493-9\" data-is-intersecting=\"true\">\n<section class=\"text-token-text-primary w-full focus:outline-none [--shadow-height:45px] has-data-writing-block:pointer-events-none has-data-writing-block:-mt-(--shadow-height) has-data-writing-block:pt-(--shadow-height) [&amp;:has([data-writing-block])&gt;*]:pointer-events-auto R6Vx5W_threadScrollVars scroll-mb-[calc(var(--scroll-root-safe-area-inset-bottom,0px)+var(--thread-response-height))] scroll-mt-[calc(var(--header-height)+min(200px,max(70px,20svh)))]\" dir=\"auto\" data-turn-id=\"request-WEB:25ae6b00-91b8-498b-ac41-f9f5ba39d493-9\" data-testid=\"conversation-turn-20\" data-scroll-anchor=\"false\" data-turn=\"assistant\">\n<div class=\"text-base my-auto mx-auto pb-10 [--thread-content-margin:var(--thread-content-margin-xs,calc(var(--spacing)*4))] @w-sm\/main:[--thread-content-margin:var(--thread-content-margin-sm,calc(var(--spacing)*6))] @w-lg\/main:[--thread-content-margin:var(--thread-content-margin-lg,calc(var(--spacing)*16))] px-(--thread-content-margin)\">\n<div class=\"[--thread-content-max-width:40rem] @w-lg\/main:[--thread-content-max-width:48rem] mx-auto max-w-(--thread-content-max-width) flex-1 group\/turn-messages focus-visible:outline-hidden relative flex w-full min-w-0 flex-col agent-turn\">\n<div class=\"z-0 flex min-h-[46px] justify-start\">\n<div class=\"\" data-turn-id-container=\"8f372f75-52a6-4c01-952d-4dca626b3470\" data-is-intersecting=\"true\">\n<div>\n<div class=\"flex h-svh w-screen flex-col\">\n<div class=\"relative z-0 flex min-h-0 w-full flex-1\">\n<div class=\"relative flex min-h-0 w-full flex-1\">\n<div class=\"@container\/main relative flex min-w-0 flex-1 flex-col -translate-y-[calc(env(safe-area-inset-bottom,0px)\/2)] pt-[calc(env(safe-area-inset-bottom,0px)\/2)]\">\n<div class=\"@w-sm\/main:[scrollbar-gutter:var(--stage-scroll-gutter)] touch:[scrollbar-width:none] group\/scroll-root relative flex min-h-0 min-w-0 flex-1 flex-col [scrollbar-gutter:stable] not-print:overflow-x-clip not-print:overflow-y-auto group-data-stream-active\/scroll-root:[overflow-anchor:none] scroll-pt-(--header-height) [--sticky-padding-top:var(--header-height)] [--sticky-padding-bottom:0px] [--scroll-root-safe-area-inset-top:calc(var(--sticky-padding-top)+env(safe-area-inset-top,0px))] [--scroll-root-safe-area-inset-bottom:calc(var(--sticky-padding-bottom)+var(--screen-keyboard-height,0px)+env(safe-area-inset-bottom,0px))] [--scroll-root-safe-area-height:calc(100lvh-var(--scroll-root-safe-area-inset-top)-var(--scroll-root-safe-area-inset-bottom))] has-data-[fixed-header=less-than-xl]:@w-xl\/main:scroll-pt-0 has-data-[fixed-header=less-than-xl]:@w-xl\/main:[--sticky-padding-top:0px] has-data-[fixed-header=less-than-xxl]:@w-2xl\/main:scroll-pt-0 has-data-[fixed-header=less-than-xxl]:@w-2xl\/main:[--sticky-padding-top:0px]\" data-scroll-root=\"\" data-scroll-from-top=\"\">\n<p>&nbsp;<\/p>\n<div id=\"thread\" class=\"group\/thread flex flex-col min-h-full\">\n<div class=\"composer-parent flex flex-1 flex-col focus-visible:outline-0\" role=\"presentation\">\n<div class=\"relative basis-auto flex-col -mb-(--composer-overlap-px) pb-(--composer-overlap-px) [--composer-overlap-px:28px] grow flex\">\n<div class=\"flex flex-col text-sm\">\n<h2 data-turn-id-container=\"8f3bbb12-8f42-4d33-ab10-42f940c2e739\" data-is-intersecting=\"true\"><strong data-start=\"0\" data-end=\"95\">Rochie cu m\u00e2nec\u0103 scurt\u0103 \u0219i imprimeu floral Luana <\/strong><\/h2>\n<div class=\"\" data-turn-id-container=\"request-WEB:25ae6b00-91b8-498b-ac41-f9f5ba39d493-12\" data-is-intersecting=\"true\">\n<section class=\"text-token-text-primary w-full focus:outline-none [--shadow-height:45px] has-data-writing-block:pointer-events-none has-data-writing-block:-mt-(--shadow-height) has-data-writing-block:pt-(--shadow-height) [&amp;:has([data-writing-block])&gt;*]:pointer-events-auto R6Vx5W_threadScrollVars scroll-mb-[calc(var(--scroll-root-safe-area-inset-bottom,0px)+var(--thread-response-height))] scroll-mt-[calc(var(--header-height)+min(200px,max(70px,20svh)))]\" dir=\"auto\" data-turn-id=\"request-WEB:25ae6b00-91b8-498b-ac41-f9f5ba39d493-12\" data-testid=\"conversation-turn-26\" data-scroll-anchor=\"false\" data-turn=\"assistant\">\n<div class=\"text-base my-auto mx-auto pb-10 [--thread-content-margin:var(--thread-content-margin-xs,calc(var(--spacing)*4))] @w-sm\/main:[--thread-content-margin:var(--thread-content-margin-sm,calc(var(--spacing)*6))] @w-lg\/main:[--thread-content-margin:var(--thread-content-margin-lg,calc(var(--spacing)*16))] px-(--thread-content-margin)\">\n<div class=\"[--thread-content-max-width:40rem] @w-lg\/main:[--thread-content-max-width:48rem] mx-auto max-w-(--thread-content-max-width) flex-1 group\/turn-messages focus-visible:outline-hidden relative flex w-full min-w-0 flex-col agent-turn\">\n<div class=\"flex max-w-full flex-col gap-4 grow\">\n<div class=\"min-h-8 text-message relative flex w-full flex-col items-end gap-2 text-start break-words whitespace-normal outline-none keyboard-focused:focus-ring [.text-message+&amp;]:mt-1\" dir=\"auto\" tabindex=\"0\" data-message-author-role=\"assistant\" data-message-id=\"44360604-3337-406a-b2fa-deb19551c9b9\" data-message-model-slug=\"gpt-5-3\" data-turn-start-message=\"true\">\n<div class=\"flex w-full flex-col gap-1 empty:hidden\">\n<div class=\"markdown prose dark:prose-invert w-full wrap-break-word light markdown-new-styling\">\n<p data-start=\"0\" data-end=\"95\"><strong data-start=\"0\" data-end=\"95\">Rochie cu m\u00e2nec\u0103 scurt\u0103 \u0219i imprimeu floral Luana \u2013 elegan\u021b\u0103 feminin\u0103 \u0219i prospe\u021bime natural\u0103<\/strong><\/p>\n<p data-start=\"97\" data-end=\"541\">Rochia cu m\u00e2nec\u0103 scurt\u0103 \u0219i imprimeu floral Luana este alegerea perfect\u0103 pentru femeile care \u00ee\u0219i doresc un look delicat, feminin \u0219i mereu actual. Cu un design versatil \u0219i un imprimeu floral plin de via\u021b\u0103, aceast\u0103 rochie reu\u0219e\u0219te s\u0103 aduc\u0103 un plus de prospe\u021bime oric\u0103rei garderobe. Rochia cu m\u00e2nec\u0103 scurt\u0103 \u0219i imprimeu floral Luana este ideal\u0103 pentru zilele \u00een care vrei s\u0103 ar\u0103\u021bi bine f\u0103r\u0103 efort, p\u0103str\u00e2nd \u00een acela\u0219i timp un aer elegant \u0219i rafinat.<\/p>\n<p data-start=\"543\" data-end=\"951\">Realizat\u0103 dintr-un material u\u0219or \u0219i confortabil, rochia cu m\u00e2nec\u0103 scurt\u0103 \u0219i imprimeu floral Luana ofer\u0103 o senza\u021bie pl\u0103cut\u0103 la purtare, fiind potrivit\u0103 pentru temperaturile ridicate. \u021aes\u0103tura respirabil\u0103 permite pielii s\u0103 respire \u0219i \u00ee\u021bi ofer\u0103 libertate de mi\u0219care, ceea ce o face perfect\u0103 pentru purtarea zilnic\u0103. Este o pies\u0103 vestimentar\u0103 practic\u0103 \u0219i stilat\u0103, care \u00ee\u021bi asigur\u0103 confort pe tot parcursul zilei.<\/p>\n<p data-start=\"953\" data-end=\"1323\">Imprimeul floral este elementul central al rochiei cu m\u00e2nec\u0103 scurt\u0103 \u0219i imprimeu floral Luana, aduc\u00e2nd un aer romantic \u0219i proasp\u0103t fiec\u0103rei \u021binute. Florile sunt dispuse armonios, cre\u00e2nd un efect vizual pl\u0103cut \u0219i u\u0219or de asortat. Aceast\u0103 rochie este ideal\u0103 pentru femeile care iubesc stilul feminin \u0219i vor s\u0103 \u00ee\u0219i exprime personalitatea prin detalii subtile, dar de impact.<\/p>\n<p data-start=\"1325\" data-end=\"1696\">Croiala rochiei cu m\u00e2nec\u0103 scurt\u0103 \u0219i imprimeu floral Luana este g\u00e2ndit\u0103 pentru a avantaja silueta, oferind un echilibru perfect \u00eentre lejeritate \u0219i elegan\u021b\u0103. Linia sa fluid\u0103 cade natural pe corp, eviden\u021biind formele \u00eentr-un mod delicat, f\u0103r\u0103 a fi restrictiv\u0103. M\u00e2necile scurte adaug\u0103 un plus de confort \u0219i sunt ideale pentru sezonul cald, oferind un look relaxat \u0219i modern.<\/p>\n<p data-start=\"1698\" data-end=\"2117\">Versatilitatea este unul dintre cele mai mari atuuri ale rochiei cu m\u00e2nec\u0103 scurt\u0103 \u0219i imprimeu floral Luana. O po\u021bi purta \u00een numeroase contexte, de la plimb\u0103ri \u00een ora\u0219 p\u00e2n\u0103 la \u00eent\u00e2lniri sau evenimente casual. Se potrive\u0219te perfect cu sandale, espadrile sau chiar sneakers, \u00een func\u021bie de stilul pe care vrei s\u0103 \u00eel abordezi. De asemenea, poate fi accesorizat\u0103 cu o geant\u0103 chic \u0219i bijuterii fine pentru un plus de elegan\u021b\u0103.<\/p>\n<p data-start=\"2119\" data-end=\"2456\">Rochia cu m\u00e2nec\u0103 scurt\u0103 \u0219i imprimeu floral Luana este ideal\u0103 \u0219i pentru vacan\u021be, fiind u\u0219or de \u00eempachetat \u0219i de purtat. Nu ocup\u0103 mult spa\u021biu \u0219i poate fi integrat\u0103 rapid \u00een diferite \u021binute, oferindu-\u021bi un look fresh \u00een fiecare zi. Este o pies\u0103 indispensabil\u0103 pentru sezonul cald, care \u00ee\u021bi ofer\u0103 libertatea de a experimenta stiluri variate.<\/p>\n<p data-start=\"2458\" data-end=\"2759\">Detaliile atent lucrate contribuie la aspectul premium al acestei rochii. Cus\u0103turile sunt fine \u0219i rezistente, iar imprimeul \u00ee\u0219i p\u0103streaz\u0103 intensitatea culorilor chiar \u0219i dup\u0103 multiple sp\u0103l\u0103ri. Este o pies\u0103 durabil\u0103, care \u00ee\u0219i men\u021bine forma \u0219i aspectul \u00een timp, oferindu-\u021bi \u00eencredere la fiecare purtare.<\/p>\n<p data-start=\"2761\" data-end=\"3072\">Din punct de vedere stilistic, rochia cu m\u00e2nec\u0103 scurt\u0103 \u0219i imprimeu floral Luana poate fi integrat\u0103 \u00een outfituri variate. Po\u021bi opta pentru un look romantic, cu accesorii delicate, sau pentru unul modern, combin\u00e2nd-o cu piese minimaliste. Este o rochie care \u00ee\u021bi permite s\u0103 \u00ee\u021bi exprimi stilul personal cu u\u0219urin\u021b\u0103.<\/p>\n<p data-start=\"3074\" data-end=\"3465\" data-is-last-node=\"\" data-is-only-node=\"\">\u00cen concluzie, rochia cu m\u00e2nec\u0103 scurt\u0103 \u0219i imprimeu floral Luana este o pies\u0103 esen\u021bial\u0103 pentru garderoba de sezon. Elegant\u0103, confortabil\u0103 \u0219i versatil\u0103, aceasta \u00ee\u021bi ofer\u0103 posibilitatea de a crea \u021binute feminine \u0219i pline de stil. Dac\u0103 \u00ee\u021bi dore\u0219ti o rochie care s\u0103 \u00ee\u021bi aduc\u0103 un plus de prospe\u021bime \u0219i rafinament, rochia cu m\u00e2nec\u0103 scurt\u0103 \u0219i imprimeu floral Luana este alegerea perfect\u0103 pentru tine.<\/p>\n<\/div>\n<\/div>\n<\/div>\n<\/div>\n<div class=\"z-0 flex min-h-[46px] justify-start\">\n<div class=\"\" data-turn-id-container=\"8a00389a-d2b6-4402-a9f4-3953dd34ea1f\" data-is-intersecting=\"true\"><\/div>\n<div class=\"\" data-turn-id-container=\"request-WEB:25ae6b00-91b8-498b-ac41-f9f5ba39d493-13\" data-is-intersecting=\"true\">\n<section class=\"text-token-text-primary w-full focus:outline-none [--shadow-height:45px] has-data-writing-block:pointer-events-none has-data-writing-block:-mt-(--shadow-height) has-data-writing-block:pt-(--shadow-height) [&amp;:has([data-writing-block])&gt;*]:pointer-events-auto R6Vx5W_threadScrollVars scroll-mb-[calc(var(--scroll-root-safe-area-inset-bottom,0px)+var(--thread-response-height))] scroll-mt-[calc(var(--header-height)+min(200px,max(70px,20svh)))]\" dir=\"auto\" data-turn-id=\"request-WEB:25ae6b00-91b8-498b-ac41-f9f5ba39d493-13\" data-testid=\"conversation-turn-28\" data-scroll-anchor=\"false\" data-turn=\"assistant\">\n<div class=\"text-base my-auto mx-auto pb-10 [--thread-content-margin:var(--thread-content-margin-xs,calc(var(--spacing)*4))] @w-sm\/main:[--thread-content-margin:var(--thread-content-margin-sm,calc(var(--spacing)*6))] @w-lg\/main:[--thread-content-margin:var(--thread-content-margin-lg,calc(var(--spacing)*16))] px-(--thread-content-margin)\">\n<div class=\"[--thread-content-max-width:40rem] @w-lg\/main:[--thread-content-max-width:48rem] mx-auto max-w-(--thread-content-max-width) flex-1 group\/turn-messages focus-visible:outline-hidden relative flex w-full min-w-0 flex-col agent-turn\">\n<div class=\"flex max-w-full flex-col gap-4 grow\">\n<div class=\"min-h-8 text-message relative flex w-full flex-col items-end gap-2 text-start break-words whitespace-normal outline-none keyboard-focused:focus-ring [.text-message+&amp;]:mt-1\" dir=\"auto\" tabindex=\"0\" data-message-author-role=\"assistant\" data-message-id=\"1cb9f79d-6ca1-4e40-9c8c-d5f4042aaa5e\" data-message-model-slug=\"gpt-5-3\" data-turn-start-message=\"true\">\n<div class=\"flex w-full flex-col gap-1 empty:hidden\">\n<div class=\"markdown prose dark:prose-invert w-full wrap-break-word light markdown-new-styling\">\n<p data-start=\"0\" data-end=\"433\">Rochia cu m\u00e2nec\u0103 scurt\u0103 \u0219i imprimeu floral Luana se eviden\u021biaz\u0103 \u0219i prin u\u0219urin\u021ba cu care poate fi adaptat\u0103 diferitelor momente ale zilei. Diminea\u021ba o po\u021bi purta \u00eentr-o variant\u0103 casual, cu \u00eenc\u0103l\u021b\u0103minte comod\u0103 \u0219i accesorii simple, iar seara o po\u021bi transforma \u00eentr-o \u021binut\u0103 elegant\u0103, ad\u0103ug\u00e2nd sandale cu toc \u0219i o geant\u0103 rafinat\u0103. Aceast\u0103 versatilitate o face ideal\u0103 pentru femeile care \u00ee\u0219i doresc o pies\u0103 practic\u0103, dar cu impact vizual.<\/p>\n<p data-start=\"435\" data-end=\"751\">\u00cen plus, rochia cu m\u00e2nec\u0103 scurt\u0103 \u0219i imprimeu floral Luana este potrivit\u0103 pentru diverse tipuri de siluet\u0103, datorit\u0103 croielii sale fluide care nu constr\u00e2nge \u0219i eviden\u021biaz\u0103 natural formele corpului. Este o alegere inspirat\u0103 pentru orice femeie care \u00ee\u0219i dore\u0219te s\u0103 se simt\u0103 confortabil \u0219i \u00eencrez\u0103toare \u00een propriul stil.<\/p>\n<p data-start=\"753\" data-end=\"974\" data-is-last-node=\"\" data-is-only-node=\"\">Alege rochia cu m\u00e2nec\u0103 scurt\u0103 \u0219i imprimeu floral Luana pentru a aduce un plus de feminitate, culoare \u0219i elegan\u021b\u0103 garderobei tale \u0219i bucur\u0103-te de o pies\u0103 vestimentar\u0103 care \u00ee\u021bi va completa perfect \u021binutele \u00een fiecare sezon.<\/p>\n<\/div>\n<\/div>\n<\/div>\n<\/div>\n<div class=\"z-0 flex min-h-[46px] justify-start\"><\/div>\n<div class=\"mt-3 w-full empty:hidden\">\n<div class=\"text-center\"><\/div>\n<\/div>\n<\/div>\n<\/div>\n<\/section>\n<\/div>\n<div class=\"pointer-events-none -mt-px h-px translate-y-[calc(var(--scroll-root-safe-area-inset-bottom)-14*var(--spacing))]\" aria-hidden=\"true\"><\/div>\n<div class=\"pointer-events-none translate-y-(--scroll-root-safe-area-inset-bottom) R6Vx5W_threadScrollVars min-h-(--gutter-remaining-height,0px) group-data-stream-active\/scroll-root:h-[calc(var(--thread-response-height)-16*var(--spacing))]\"><\/div>\n<\/div>\n<div class=\"mt-3 w-full empty:hidden\">\n<div class=\"text-center\"><\/div>\n<\/div>\n<\/div>\n<\/div>\n<\/section>\n<\/div>\n<div class=\"pointer-events-none -mt-px h-px translate-y-[calc(var(--scroll-root-safe-area-inset-bottom)-14*var(--spacing))]\" aria-hidden=\"true\"><\/div>\n<div class=\"pointer-events-none translate-y-(--scroll-root-safe-area-inset-bottom) R6Vx5W_threadScrollVars min-h-(--gutter-remaining-height,0px) group-data-stream-active\/scroll-root:h-[calc(var(--thread-response-height)-16*var(--spacing))]\"><\/div>\n<\/div>\n<\/div>\n<div id=\"thread-bottom-container\" class=\"sticky bottom-0 z-10 group\/thread-bottom-container relative isolate w-full basis-auto has-data-has-thread-error:pt-2 has-data-has-thread-error:[box-shadow:var(--sharp-edge-bottom-shadow)] md:border-transparent md:pt-0 dark:border-white\/20 md:dark:border-transparent print:hidden content-fade single-line flex flex-col\">\n<div class=\"relative mx-auto h-0\">\n<div class=\"flex h-0 items-end justify-center motion-safe:transition-all motion-safe:delay-300 motion-safe:duration-300 group-[:not([data-scroll-from-end])]\/scroll-root:scale-50 group-[:not([data-scroll-from-end])]\/scroll-root:translate-y-2 group-[:not([data-scroll-from-end])]\/scroll-root:opacity-0 group-[:not([data-scroll-from-end])]\/scroll-root:pointer-events-none group-[:not([data-scroll-from-end])]\/scroll-root:duration-100 group-[:not([data-scroll-from-end])]\/scroll-root:delay-0 absolute start-1\/2 z-10 -translate-x-1\/2 bottom-[calc(100%+6*var(--spacing)+var(--thread-scroll-to-bottom-banner-offset,0px))]\"><\/div>\n<\/div>\n<div id=\"thread-bottom\">\n<div>\n<div class=\"text-base mx-auto [--thread-content-margin:var(--thread-content-margin-xs,calc(var(--spacing)*4))] @w-sm\/main:[--thread-content-margin:var(--thread-content-margin-sm,calc(var(--spacing)*6))] @w-lg\/main:[--thread-content-margin:var(--thread-content-margin-lg,calc(var(--spacing)*16))] px-(--thread-content-margin)\">\n<div class=\"[--thread-content-max-width:40rem] @w-lg\/main:[--thread-content-max-width:48rem] mx-auto max-w-(--thread-content-max-width) flex-1 mb-[var(--thread-component-gap,1rem)]\"><\/div>\n<\/div>\n<\/div>\n<\/div>\n<\/div>\n<\/div>\n<\/div>\n<p>&nbsp;<\/p>\n<\/div>\n<\/div>\n<\/div>\n<\/div>\n<\/div>\n<\/div>\n<\/div>\n<\/div>\n<\/div>\n<\/div>\n<\/section>\n<\/div>\n<div class=\"pointer-events-none -mt-px h-px translate-y-[calc(var(--scroll-root-safe-area-inset-bottom)-14*var(--spacing))]\" aria-hidden=\"true\"><\/div>\n","protected":false},"excerpt":{"rendered":"<p>&nbsp;<\/p>\n<ul>\n<li>Modelul poarta marimea S\/M\u00a0 si are inaltimea 1.77 cm<\/li>\n<li>Compozitie: 80%vascoza, 20%poliamida; captuseala-100%poliamida<\/li>\n<\/ul>","protected":false},"featured_media":211865,"comment_status":"open","ping_status":"closed","template":"","meta":[],"product_brand":[],"product_cat":[436,506,558,560,437,520,18,523,440,529],"product_tag":[431],"class_list":{"0":"post-211849","1":"product","2":"type-product","3":"status-publish","4":"has-post-thumbnail","6":"product_cat-haine-dama","7":"product_cat-noua-colectie","8":"product_cat-cu-guler","9":"product_cat-cu-nasturi","10":"product_cat-rochii-dama","11":"product_cat-de-primavara","12":"product_cat-de-zi","13":"product_cat-midi","14":"product_cat-office","15":"product_cat-roz","16":"product_tag-noutati","17":"pa_colectie-primavara-vara-2026","18":"pa_culoare-roz","19":"pa_marime-l-xl","20":"pa_marime-s-m","21":"shop-item","22":"sr-item","24":"first","25":"instock","26":"taxable","27":"shipping-taxable","28":"purchasable","29":"product-type-variable"},"_links":{"self":[{"href":"https:\/\/www.etic.ro\/en\/wp-json\/wp\/v2\/product\/211849","targetHints":{"allow":["GET"]}}],"collection":[{"href":"https:\/\/www.etic.ro\/en\/wp-json\/wp\/v2\/product"}],"about":[{"href":"https:\/\/www.etic.ro\/en\/wp-json\/wp\/v2\/types\/product"}],"replies":[{"embeddable":true,"href":"https:\/\/www.etic.ro\/en\/wp-json\/wp\/v2\/comments?post=211849"}],"wp:featuredmedia":[{"embeddable":true,"href":"https:\/\/www.etic.ro\/en\/wp-json\/wp\/v2\/media\/211865"}],"wp:attachment":[{"href":"https:\/\/www.etic.ro\/en\/wp-json\/wp\/v2\/media?parent=211849"}],"wp:term":[{"taxonomy":"product_brand","embeddable":true,"href":"https:\/\/www.etic.ro\/en\/wp-json\/wp\/v2\/product_brand?post=211849"},{"taxonomy":"product_cat","embeddable":true,"href":"https:\/\/www.etic.ro\/en\/wp-json\/wp\/v2\/product_cat?post=211849"},{"taxonomy":"product_tag","embeddable":true,"href":"https:\/\/www.etic.ro\/en\/wp-json\/wp\/v2\/product_tag?post=211849"}],"curies":[{"name":"wp","href":"https:\/\/api.w.org\/{rel}","templated":true}]}}