{"id":210829,"date":"2026-03-06T12:05:18","date_gmt":"2026-03-06T10:05:18","guid":{"rendered":"https:\/\/www.etic.ro\/?post_type=product&#038;p=210829"},"modified":"2026-04-28T13:32:31","modified_gmt":"2026-04-28T11:32:31","slug":"bluza-cu-nasturi-si-aplicatii-pietre-anais","status":"publish","type":"product","link":"https:\/\/www.etic.ro\/en\/product\/bluza-cu-nasturi-si-aplicatii-pietre-anais\/","title":{"rendered":"Bluza cu nasturi si aplicatii pietre Anais"},"content":{"rendered":"<div class=\"relative basis-auto flex-col -mb-(--composer-overlap-px) pb-(--composer-overlap-px) [--composer-overlap-px:28px] grow flex\">\n<div class=\"flex flex-col text-sm pb-25\">\n<section class=\"text-token-text-primary w-full focus:outline-none [--shadow-height:45px] has-data-writing-block:pointer-events-none has-data-writing-block:-mt-(--shadow-height) has-data-writing-block:pt-(--shadow-height) [&amp;:has([data-writing-block])&gt;*]:pointer-events-auto scroll-mt-(--header-height)\" dir=\"auto\" data-turn-id=\"ce4da891-3593-45c4-a4cf-d97adf8c1c60\" data-testid=\"conversation-turn-23\" data-scroll-anchor=\"false\" data-turn=\"user\"><\/section>\n<section class=\"text-token-text-primary w-full focus:outline-none [--shadow-height:45px] has-data-writing-block:pointer-events-none has-data-writing-block:-mt-(--shadow-height) has-data-writing-block:pt-(--shadow-height) [&amp;:has([data-writing-block])&gt;*]:pointer-events-auto scroll-mt-[calc(var(--header-height)+min(200px,max(70px,20svh)))]\" dir=\"auto\" data-turn-id=\"request-WEB:fedb1199-e7f2-4ffb-8dad-dbaba3ff218d-11\" data-testid=\"conversation-turn-24\" data-scroll-anchor=\"true\" data-turn=\"assistant\">\n<div class=\"text-base my-auto mx-auto pb-10 [--thread-content-margin:var(--thread-content-margin-xs,calc(var(--spacing)*4))] @w-sm\/main:[--thread-content-margin:var(--thread-content-margin-sm,calc(var(--spacing)*6))] @w-lg\/main:[--thread-content-margin:var(--thread-content-margin-lg,calc(var(--spacing)*16))] px-(--thread-content-margin)\">\n<div class=\"[--thread-content-max-width:40rem] @w-lg\/main:[--thread-content-max-width:48rem] mx-auto max-w-(--thread-content-max-width) flex-1 group\/turn-messages focus-visible:outline-hidden relative flex w-full min-w-0 flex-col agent-turn\">\n<div class=\"flex max-w-full flex-col gap-4 grow\">\n<div class=\"min-h-8 text-message relative flex w-full flex-col items-end gap-2 text-start break-words whitespace-normal outline-none keyboard-focused:focus-ring [.text-message+&amp;]:mt-1\" dir=\"auto\" tabindex=\"0\" data-message-author-role=\"assistant\" data-message-id=\"ead54563-a95f-4013-8f6c-8508e8910b03\" data-message-model-slug=\"gpt-5-3\" data-turn-start-message=\"true\">\n<div class=\"flex w-full flex-col gap-1 empty:hidden\">\n<div class=\"markdown prose dark:prose-invert w-full wrap-break-word light markdown-new-styling\"><\/div>\n<\/div>\n<\/div>\n<\/div>\n<div class=\"z-0 flex min-h-[46px] justify-start\">\n<div class=\"flex flex-col text-sm pb-25\">\n<section class=\"text-token-text-primary w-full focus:outline-none [--shadow-height:45px] has-data-writing-block:pointer-events-none has-data-writing-block:-mt-(--shadow-height) has-data-writing-block:pt-(--shadow-height) [&amp;:has([data-writing-block])&gt;*]:pointer-events-auto scroll-mt-[calc(var(--header-height)+min(200px,max(70px,20svh)))]\" dir=\"auto\" data-turn-id=\"request-WEB:fedb1199-e7f2-4ffb-8dad-dbaba3ff218d-12\" data-testid=\"conversation-turn-26\" data-scroll-anchor=\"true\" data-turn=\"assistant\">\n<div class=\"text-base my-auto mx-auto pb-10 [--thread-content-margin:var(--thread-content-margin-xs,calc(var(--spacing)*4))] @w-sm\/main:[--thread-content-margin:var(--thread-content-margin-sm,calc(var(--spacing)*6))] @w-lg\/main:[--thread-content-margin:var(--thread-content-margin-lg,calc(var(--spacing)*16))] px-(--thread-content-margin)\">\n<div class=\"[--thread-content-max-width:40rem] @w-lg\/main:[--thread-content-max-width:48rem] mx-auto max-w-(--thread-content-max-width) flex-1 group\/turn-messages focus-visible:outline-hidden relative flex w-full min-w-0 flex-col agent-turn\">\n<div class=\"flex max-w-full flex-col gap-4 grow\">\n<div class=\"min-h-8 text-message relative flex w-full flex-col items-end gap-2 text-start break-words whitespace-normal outline-none keyboard-focused:focus-ring [.text-message+&amp;]:mt-1\" dir=\"auto\" tabindex=\"0\" data-message-author-role=\"assistant\" data-message-id=\"334ad778-582c-4342-91f3-442658b68443\" data-message-model-slug=\"gpt-5-3\" data-turn-start-message=\"true\">\n<div class=\"flex w-full flex-col gap-1 empty:hidden\">\n<div class=\"markdown prose dark:prose-invert w-full wrap-break-word light markdown-new-styling\">\n<div class=\"flex max-w-full flex-col gap-4 grow\">\n<div class=\"min-h-8 text-message relative flex w-full flex-col items-end gap-2 text-start break-words whitespace-normal outline-none keyboard-focused:focus-ring [.text-message+&amp;]:mt-1\" dir=\"auto\" tabindex=\"0\" data-message-author-role=\"assistant\" data-message-id=\"60537849-1a10-4b20-a504-eb7f0c22fcfe\" data-message-model-slug=\"gpt-5-3\" data-turn-start-message=\"true\">\n<div class=\"flex w-full flex-col gap-1 empty:hidden\">\n<div class=\"markdown prose dark:prose-invert w-full wrap-break-word light markdown-new-styling\">\n<h2 data-start=\"0\" data-end=\"449\">Bluza cu nasturi si aplicatii pietre Anais<\/h2>\n<p data-start=\"0\" data-end=\"449\">Bluza cu nasturi \u0219i aplica\u021bii pietre Anais este alegerea perfect\u0103 pentru femeia modern\u0103 care \u00ee\u0219i dore\u0219te s\u0103 \u00eembine elegan\u021ba clasic\u0103 cu accentele contemporane, \u00eentr-o pies\u0103 vestimentar\u0103 versatil\u0103 \u0219i u\u0219or de integrat \u00een diverse \u021binute. Cu un design rafinat \u0219i detalii atent lucrate, aceast\u0103 bluz\u0103 reu\u0219e\u0219te s\u0103 transforme orice outfit \u00eentr-o apari\u021bie sofisticat\u0103, fie c\u0103 este purtat\u0103 \u00eentr-un context office, casual chic sau chiar la evenimente speciale.<\/p>\n<p data-start=\"451\" data-end=\"943\">Realizat\u0103 dintr-un material de calitate superioar\u0103, bluza cu nasturi \u0219i aplica\u021bii pietre Anais ofer\u0103 un confort sporit pe durata \u00eentregii zile. Textura pl\u0103cut\u0103 la atingere \u0219i croiala lejer\u0103 permit pielii s\u0103 respire, fiind ideal\u0103 at\u00e2t pentru zilele aglomerate la birou, c\u00e2t \u0219i pentru ie\u0219irile \u00een ora\u0219. Materialul este ales astfel \u00eenc\u00e2t s\u0103 \u00ee\u0219i p\u0103streze forma \u0219i aspectul impecabil chiar \u0219i dup\u0103 multiple purt\u0103ri \u0219i sp\u0103l\u0103ri, ceea ce face din aceast\u0103 pies\u0103 o investi\u021bie de durat\u0103 \u00een garderoba ta.<\/p>\n<p data-start=\"945\" data-end=\"1368\">Unul dintre elementele care definesc bluza Anais este reprezentat de aplica\u021biile cu pietre delicate, pozi\u021bionate strategic pentru a ad\u0103uga un plus de str\u0103lucire \u0219i feminitate. Aceste detalii subtile transform\u0103 bluza \u00eentr-o pies\u0103 statement, f\u0103r\u0103 a fi \u00eens\u0103 prea \u00eenc\u0103rcat\u0103. Pietrele reflect\u0103 discret lumina, oferind un efect elegant \u0219i sofisticat, perfect pentru momentele \u00een care vrei s\u0103 atragi aten\u021bia prin stil \u0219i bun gust.<\/p>\n<p data-start=\"1370\" data-end=\"1714\">Designul cu nasturi adaug\u0103 un aer clasic \u0219i versatil, permi\u021b\u00e2nd multiple variante de styling. Bluza cu nasturi \u0219i aplica\u021bii pietre Anais poate fi purtat\u0103 \u00eenchis\u0103 complet pentru un look elegant \u0219i formal sau u\u0219or descheiat\u0103 pentru un aer relaxat \u0219i modern. Nasturii sunt atent integra\u021bi \u00een design, complet\u00e2nd armonios aspectul general al bluzei.<\/p>\n<p data-start=\"1716\" data-end=\"2173\">Croiala este g\u00e2ndit\u0103 pentru a avantaja diferite tipuri de siluet\u0103, pun\u00e2nd \u00een eviden\u021b\u0103 linia corpului f\u0103r\u0103 a fi prea mulat\u0103. M\u00e2necile sunt realizate astfel \u00eenc\u00e2t s\u0103 ofere libertate de mi\u0219care, iar lungimea bluzei permite combinarea cu pantaloni elegan\u021bi, fuste sau chiar jean\u0219i, pentru un look casual sofisticat. Bluza cu nasturi \u0219i aplica\u021bii pietre Anais devine astfel o pies\u0103 esen\u021bial\u0103 \u00een garderoba oric\u0103rei femei care apreciaz\u0103 stilul versatil \u0219i elegant.<\/p>\n<p data-start=\"2175\" data-end=\"2632\">\u00cen ceea ce prive\u0219te stylingul, aceast\u0103 bluz\u0103 poate fi integrat\u0103 cu u\u0219urin\u021b\u0103 \u00een multiple \u021binute. Pentru un outfit office, o po\u021bi asorta cu o pereche de pantaloni conici \u0219i pantofi cu toc, ob\u021bin\u00e2nd un look profesional \u0219i stilat. Pentru o apari\u021bie casual chic, combin-o cu jean\u0219i \u0219i o pereche de balerini sau sneakers, iar pentru un eveniment special, adaug\u0103 o fust\u0103 elegant\u0103 \u0219i accesorii minimaliste care s\u0103 completeze armonios detaliile cu pietre ale bluzei.<\/p>\n<p data-start=\"2634\" data-end=\"2942\">Bluza cu nasturi \u0219i aplica\u021bii pietre Anais este alegerea ideal\u0103 pentru femeile care \u00ee\u0219i doresc o pies\u0103 vestimentar\u0103 versatil\u0103, u\u0219or de purtat \u0219i de adaptat \u00een func\u021bie de context. Detaliile atent lucrate, materialele de calitate \u0219i designul modern fac din aceast\u0103 bluz\u0103 o op\u021biune excelent\u0103 pentru orice sezon.<\/p>\n<p data-start=\"2944\" data-end=\"3226\" data-is-last-node=\"\" data-is-only-node=\"\">Alege bluza cu nasturi \u0219i aplica\u021bii pietre Anais \u0219i bucur\u0103-te de un look elegant, feminin \u0219i actual, care \u00ee\u021bi va pune \u00een valoare stilul personal \u00een fiecare zi. Indiferent de ocazie, aceast\u0103 pies\u0103 \u00ee\u021bi va oferi \u00eencrederea \u0219i rafinamentul de care ai nevoie pentru a te sim\u021bi impecabil.<\/p>\n<\/div>\n<\/div>\n<\/div>\n<\/div>\n<div class=\"z-0 flex min-h-[46px] justify-start\">\n<section class=\"text-token-text-primary w-full focus:outline-none [--shadow-height:45px] has-data-writing-block:pointer-events-none has-data-writing-block:-mt-(--shadow-height) has-data-writing-block:pt-(--shadow-height) [&amp;:has([data-writing-block])&gt;*]:pointer-events-auto scroll-mt-(--header-height)\" dir=\"auto\" data-turn-id=\"5de36486-5775-4f2f-83b2-747350fcdf16\" data-testid=\"conversation-turn-3\" data-scroll-anchor=\"false\" data-turn=\"user\"><\/section>\n<section class=\"text-token-text-primary w-full focus:outline-none [--shadow-height:45px] has-data-writing-block:pointer-events-none has-data-writing-block:-mt-(--shadow-height) has-data-writing-block:pt-(--shadow-height) [&amp;:has([data-writing-block])&gt;*]:pointer-events-auto scroll-mt-[calc(var(--header-height)+min(200px,max(70px,20svh)))]\" dir=\"auto\" data-turn-id=\"request-WEB:9780e700-5eed-4b19-b91a-8d10c4ea2c8d-1\" data-testid=\"conversation-turn-4\" data-scroll-anchor=\"true\" data-turn=\"assistant\">\n<div class=\"text-base my-auto mx-auto pb-10 [--thread-content-margin:var(--thread-content-margin-xs,calc(var(--spacing)*4))] @w-sm\/main:[--thread-content-margin:var(--thread-content-margin-sm,calc(var(--spacing)*6))] @w-lg\/main:[--thread-content-margin:var(--thread-content-margin-lg,calc(var(--spacing)*16))] px-(--thread-content-margin)\">\n<div class=\"[--thread-content-max-width:40rem] @w-lg\/main:[--thread-content-max-width:48rem] mx-auto max-w-(--thread-content-max-width) flex-1 group\/turn-messages focus-visible:outline-hidden relative flex w-full min-w-0 flex-col agent-turn\">\n<div class=\"flex max-w-full flex-col gap-4 grow\">\n<div class=\"min-h-8 text-message relative flex w-full flex-col items-end gap-2 text-start break-words whitespace-normal outline-none keyboard-focused:focus-ring [.text-message+&amp;]:mt-1\" dir=\"auto\" tabindex=\"0\" data-message-author-role=\"assistant\" data-message-id=\"de7831a0-003a-4bc3-8d88-9ee17bcd1c59\" data-message-model-slug=\"gpt-5-3\" data-turn-start-message=\"true\">\n<div class=\"flex w-full flex-col gap-1 empty:hidden\">\n<div class=\"markdown prose dark:prose-invert w-full wrap-break-word light markdown-new-styling\">\n<p data-start=\"0\" data-end=\"451\">Bluza cu nasturi \u0219i aplica\u021bii pietre Anais se remarc\u0103 \u0219i prin aten\u021bia la detalii, fiecare element fiind g\u00e2ndit pentru a oferi un echilibru perfect \u00eentre estetic \u0219i func\u021bional. Finisajele sunt realizate cu grij\u0103, cus\u0103turile sunt rezistente \u0219i discrete, iar aplica\u021biile sunt fixate astfel \u00eenc\u00e2t s\u0103 \u00ee\u0219i p\u0103streze aspectul impecabil \u00een timp. Acest lucru contribuie la un produs final de calitate, care \u00ee\u0219i men\u021bine farmecul chiar \u0219i dup\u0103 utiliz\u0103ri repetate.<\/p>\n<p data-start=\"453\" data-end=\"782\">Un alt avantaj al acestei piese este u\u0219urin\u021ba \u00een \u00eentre\u021binere. Bluza cu nasturi \u0219i aplica\u021bii pietre Anais poate fi integrat\u0103 f\u0103r\u0103 efort \u00een rutina ta zilnic\u0103, f\u0103r\u0103 a necesita \u00eengrijire complicat\u0103. Respect\u00e2nd instruc\u021biunile de sp\u0103lare, vei putea p\u0103stra intensitatea culorii \u0219i str\u0103lucirea aplica\u021biilor pentru o perioad\u0103 \u00eendelungat\u0103.<\/p>\n<p data-start=\"784\" data-end=\"1184\" data-is-last-node=\"\" data-is-only-node=\"\">Datorit\u0103 versatilit\u0103\u021bii sale, bluza cu nasturi \u0219i aplica\u021bii pietre Anais este potrivit\u0103 pentru orice moment al zilei. Fie c\u0103 alegi s\u0103 o por\u021bi la birou, la o \u00eent\u00e2lnire sau \u00eentr-o ie\u0219ire relaxat\u0103, aceast\u0103 pies\u0103 va ad\u0103uga un plus de stil \u0219i rafinament fiec\u0103rei apari\u021bii. Este genul de articol vestimentar care nu se demodeaz\u0103 \u0219i care \u00ee\u021bi ofer\u0103 mereu op\u021biuni noi de styling, adaptate personalit\u0103\u021bii tale.<\/p>\n<\/div>\n<\/div>\n<\/div>\n<\/div>\n<\/div>\n<\/div>\n<\/section>\n<\/div>\n<div class=\"mt-3 w-full empty:hidden\">\n<div class=\"text-center\">\n<div>\n<div class=\"inline-flex border border-gray-100 dark:border-gray-700 rounded-xl\">\n<div class=\"bg-token-main-surface-tertiary w-px flex-1 self-stretch\"><\/div>\n<\/div>\n<\/div>\n<\/div>\n<\/div>\n<\/div>\n<\/div>\n<\/div>\n<\/div>\n<div class=\"z-0 flex min-h-[46px] justify-start\"><\/div>\n<div class=\"mt-3 w-full empty:hidden\">\n<div class=\"text-center\"><\/div>\n<\/div>\n<\/div>\n<\/div>\n<\/section>\n<\/div>\n<div class=\"pointer-events-none h-px w-px absolute bottom-0\" aria-hidden=\"true\" data-edge=\"true\"><\/div>\n<\/div>\n<div class=\"mt-3 w-full empty:hidden\">\n<div class=\"text-center\"><\/div>\n<\/div>\n<\/div>\n<\/div>\n<\/section>\n<\/div>\n<div class=\"pointer-events-none h-px w-px absolute bottom-0\" aria-hidden=\"true\" data-edge=\"true\"><\/div>\n<\/div>\n<div id=\"thread-bottom-container\" class=\"sticky bottom-0 z-10 group\/thread-bottom-container relative isolate w-full basis-auto has-data-has-thread-error:pt-2 has-data-has-thread-error:[box-shadow:var(--sharp-edge-bottom-shadow)] md:border-transparent md:pt-0 dark:border-white\/20 md:dark:border-transparent print:hidden content-fade single-line flex flex-col\">\n<div class=\"relative mx-auto h-0\"><\/div>\n<div id=\"thread-bottom\">\n<div>\n<div class=\"text-base mx-auto [--thread-content-margin:var(--thread-content-margin-xs,calc(var(--spacing)*4))] @w-sm\/main:[--thread-content-margin:var(--thread-content-margin-sm,calc(var(--spacing)*6))] @w-lg\/main:[--thread-content-margin:var(--thread-content-margin-lg,calc(var(--spacing)*16))] px-(--thread-content-margin)\">\n<div class=\"[--thread-content-max-width:40rem] @w-lg\/main:[--thread-content-max-width:48rem] mx-auto max-w-(--thread-content-max-width) flex-1 mb-[var(--thread-component-gap,1rem)]\">\n<div class=\"flex justify-center empty:hidden\"><\/div>\n<div class=\"pointer-events-auto relative z-1 flex h-(--composer-container-height,100%) max-w-full flex-(--composer-container-flex,1) flex-col\">\n<form class=\"group\/composer w-full\" data-type=\"unified-composer\" aria-label=\"Solicitare \u201e\u00eentreab\u0103 orice\u201d\">\n<div class=\"\">\n<div class=\"bg-token-bg-primary corner-superellipse\/1.1 cursor-text overflow-clip bg-clip-padding p-2.5 contain-inline-size motion-safe:transition-colors motion-safe:duration-200 motion-safe:ease-in-out dark:bg-[#303030] grid grid-cols-[auto_1fr_auto] [grid-template-areas:'header_header_header'_'leading_primary_trailing'_'._footer_.'] group-data-expanded\/composer:[grid-template-areas:'header_header_header'_'primary_primary_primary'_'leading_footer_trailing'] shadow-short-composer\" data-composer-surface=\"true\">\n<div class=\"[grid-area:leading]\"><\/div>\n<div class=\"flex items-center gap-2 [grid-area:trailing]\">\n<div class=\"ms-auto flex items-center gap-1.5\">\n<p>&nbsp;<\/p>\n<div>\n<div class=\"relative\"><\/div>\n<\/div>\n<\/div>\n<\/div>\n<\/div>\n<\/div>\n<\/form>\n<\/div>\n<\/div>\n<\/div>\n<\/div>\n<\/div>\n<\/div>\n","protected":false},"excerpt":{"rendered":"<p>&nbsp;<\/p>\n<ul>\n<li>Compozitie:73%vascoza,22%bumbac,3%elastan,1%metal,1%plastic<\/li>\n<li>Modelul poarta marimea S\/M si are inaltimea 1.77 cm.<\/li>\n<\/ul>\n<p>&nbsp;<\/p>","protected":false},"featured_media":210834,"comment_status":"open","ping_status":"closed","template":"","meta":[],"product_brand":[],"product_cat":[436,20,443,445,506],"product_tag":[],"class_list":{"0":"post-210829","1":"product","2":"type-product","3":"status-publish","4":"has-post-thumbnail","6":"product_cat-haine-dama","7":"product_cat-bluze-dama","8":"product_cat-bluze-elegante-dama","9":"product_cat-bluza-office-dama","10":"product_cat-noua-colectie","11":"pa_colectie-primavara-vara-2026","12":"pa_culoare-alb","13":"pa_marime-l-xl","14":"pa_marime-s-m","15":"shop-item","16":"sr-item","18":"first","19":"instock","20":"taxable","21":"shipping-taxable","22":"purchasable","23":"product-type-variable"},"_links":{"self":[{"href":"https:\/\/www.etic.ro\/en\/wp-json\/wp\/v2\/product\/210829","targetHints":{"allow":["GET"]}}],"collection":[{"href":"https:\/\/www.etic.ro\/en\/wp-json\/wp\/v2\/product"}],"about":[{"href":"https:\/\/www.etic.ro\/en\/wp-json\/wp\/v2\/types\/product"}],"replies":[{"embeddable":true,"href":"https:\/\/www.etic.ro\/en\/wp-json\/wp\/v2\/comments?post=210829"}],"wp:featuredmedia":[{"embeddable":true,"href":"https:\/\/www.etic.ro\/en\/wp-json\/wp\/v2\/media\/210834"}],"wp:attachment":[{"href":"https:\/\/www.etic.ro\/en\/wp-json\/wp\/v2\/media?parent=210829"}],"wp:term":[{"taxonomy":"product_brand","embeddable":true,"href":"https:\/\/www.etic.ro\/en\/wp-json\/wp\/v2\/product_brand?post=210829"},{"taxonomy":"product_cat","embeddable":true,"href":"https:\/\/www.etic.ro\/en\/wp-json\/wp\/v2\/product_cat?post=210829"},{"taxonomy":"product_tag","embeddable":true,"href":"https:\/\/www.etic.ro\/en\/wp-json\/wp\/v2\/product_tag?post=210829"}],"curies":[{"name":"wp","href":"https:\/\/api.w.org\/{rel}","templated":true}]}}