{"id":209237,"date":"2025-11-26T12:04:48","date_gmt":"2025-11-26T10:04:48","guid":{"rendered":"https:\/\/www.etic.ro\/?post_type=product&#038;p=209237"},"modified":"2026-04-28T13:38:53","modified_gmt":"2026-04-28T11:38:53","slug":"camasa-cu-talie-reglabila-lavinia-verde","status":"publish","type":"product","link":"https:\/\/www.etic.ro\/en\/product\/camasa-cu-talie-reglabila-lavinia-verde\/","title":{"rendered":"C\u0103ma\u0219\u0103 cu talie reglabil\u0103 Lavinia"},"content":{"rendered":"<div class=\"flex flex-col text-sm pb-25\">\n<section class=\"text-token-text-primary w-full focus:outline-none [--shadow-height:45px] has-data-writing-block:pointer-events-none has-data-writing-block:-mt-(--shadow-height) has-data-writing-block:pt-(--shadow-height) [&amp;:has([data-writing-block])&gt;*]:pointer-events-auto scroll-mt-[calc(var(--header-height)+min(200px,max(70px,20svh)))]\" dir=\"auto\" data-turn-id=\"request-WEB:fedb1199-e7f2-4ffb-8dad-dbaba3ff218d-5\" data-testid=\"conversation-turn-12\" data-scroll-anchor=\"true\" data-turn=\"assistant\">\n<div class=\"text-base my-auto mx-auto pb-10 [--thread-content-margin:var(--thread-content-margin-xs,calc(var(--spacing)*4))] @w-sm\/main:[--thread-content-margin:var(--thread-content-margin-sm,calc(var(--spacing)*6))] @w-lg\/main:[--thread-content-margin:var(--thread-content-margin-lg,calc(var(--spacing)*16))] px-(--thread-content-margin)\">\n<div class=\"[--thread-content-max-width:40rem] @w-lg\/main:[--thread-content-max-width:48rem] mx-auto max-w-(--thread-content-max-width) flex-1 group\/turn-messages focus-visible:outline-hidden relative flex w-full min-w-0 flex-col agent-turn\">\n<div class=\"flex max-w-full flex-col gap-4 grow\">\n<div class=\"min-h-8 text-message relative flex w-full flex-col items-end gap-2 text-start break-words whitespace-normal outline-none keyboard-focused:focus-ring [.text-message+&amp;]:mt-1\" dir=\"auto\" tabindex=\"0\" data-message-author-role=\"assistant\" data-message-id=\"64388587-fe8a-4be9-a6e8-cfc76522a6ed\" data-message-model-slug=\"gpt-5-3\" data-turn-start-message=\"true\">\n<div class=\"flex w-full flex-col gap-1 empty:hidden\">\n<div class=\"markdown prose dark:prose-invert w-full wrap-break-word light markdown-new-styling\">\n<div class=\"flex flex-col text-sm pb-25\">\n<section class=\"text-token-text-primary w-full focus:outline-none [--shadow-height:45px] has-data-writing-block:pointer-events-none has-data-writing-block:-mt-(--shadow-height) has-data-writing-block:pt-(--shadow-height) [&amp;:has([data-writing-block])&gt;*]:pointer-events-auto scroll-mt-(--header-height)\" dir=\"auto\" data-turn-id=\"95bf731a-ced7-48d5-960f-97fbc9d0a21e\" data-testid=\"conversation-turn-29\" data-scroll-anchor=\"false\" data-turn=\"user\"><\/section>\n<section class=\"text-token-text-primary w-full focus:outline-none [--shadow-height:45px] has-data-writing-block:pointer-events-none has-data-writing-block:-mt-(--shadow-height) has-data-writing-block:pt-(--shadow-height) [&amp;:has([data-writing-block])&gt;*]:pointer-events-auto scroll-mt-[calc(var(--header-height)+min(200px,max(70px,20svh)))]\" dir=\"auto\" data-turn-id=\"request-69c26a02-f458-838d-a565-71d5fd7dd632-1\" data-testid=\"conversation-turn-30\" data-scroll-anchor=\"true\" data-turn=\"assistant\">\n<div class=\"text-base my-auto mx-auto pb-10 [--thread-content-margin:var(--thread-content-margin-xs,calc(var(--spacing)*4))] @w-sm\/main:[--thread-content-margin:var(--thread-content-margin-sm,calc(var(--spacing)*6))] @w-lg\/main:[--thread-content-margin:var(--thread-content-margin-lg,calc(var(--spacing)*16))] px-(--thread-content-margin)\">\n<div class=\"[--thread-content-max-width:40rem] @w-lg\/main:[--thread-content-max-width:48rem] mx-auto max-w-(--thread-content-max-width) flex-1 group\/turn-messages focus-visible:outline-hidden relative flex w-full min-w-0 flex-col agent-turn\">\n<div class=\"flex max-w-full flex-col gap-4 grow\">\n<div class=\"min-h-8 text-message relative flex w-full flex-col items-end gap-2 text-start break-words whitespace-normal outline-none keyboard-focused:focus-ring [.text-message+&amp;]:mt-1\" dir=\"auto\" tabindex=\"0\" data-message-author-role=\"assistant\" data-message-id=\"fbe248e8-a1d7-44c7-932d-d6484892cdbf\" data-message-model-slug=\"gpt-5-3\" data-turn-start-message=\"true\">\n<div class=\"flex w-full flex-col gap-1 empty:hidden\">\n<div class=\"markdown prose dark:prose-invert w-full wrap-break-word light markdown-new-styling\">\n<div class=\"flex max-w-full flex-col gap-4 grow\">\n<div class=\"min-h-8 text-message relative flex w-full flex-col items-end gap-2 text-start break-words whitespace-normal outline-none keyboard-focused:focus-ring [.text-message+&amp;]:mt-1\" dir=\"auto\" tabindex=\"0\" data-message-author-role=\"assistant\" data-message-id=\"84b12739-0fde-4813-b544-d5be5b786d4f\" data-message-model-slug=\"gpt-5-3\" data-turn-start-message=\"true\">\n<div class=\"flex w-full flex-col gap-1 empty:hidden\">\n<div class=\"markdown prose dark:prose-invert w-full wrap-break-word light markdown-new-styling\">\n<div class=\"flex flex-col text-sm pb-25\">\n<section class=\"text-token-text-primary w-full focus:outline-none [--shadow-height:45px] has-data-writing-block:pointer-events-none has-data-writing-block:-mt-(--shadow-height) has-data-writing-block:pt-(--shadow-height) [&amp;:has([data-writing-block])&gt;*]:pointer-events-auto scroll-mt-(--header-height)\" dir=\"auto\" data-turn-id=\"721ee7ef-f324-4ddd-9f3f-893a778fe635\" data-testid=\"conversation-turn-49\" data-scroll-anchor=\"false\" data-turn=\"user\"><\/section>\n<section class=\"text-token-text-primary w-full focus:outline-none [--shadow-height:45px] has-data-writing-block:pointer-events-none has-data-writing-block:-mt-(--shadow-height) has-data-writing-block:pt-(--shadow-height) [&amp;:has([data-writing-block])&gt;*]:pointer-events-auto scroll-mt-[calc(var(--header-height)+min(200px,max(70px,20svh)))]\" dir=\"auto\" data-turn-id=\"request-69c26a02-f458-838d-a565-71d5fd7dd632-11\" data-testid=\"conversation-turn-50\" data-scroll-anchor=\"true\" data-turn=\"assistant\">\n<div class=\"text-base my-auto mx-auto pb-10 [--thread-content-margin:var(--thread-content-margin-xs,calc(var(--spacing)*4))] @w-sm\/main:[--thread-content-margin:var(--thread-content-margin-sm,calc(var(--spacing)*6))] @w-lg\/main:[--thread-content-margin:var(--thread-content-margin-lg,calc(var(--spacing)*16))] px-(--thread-content-margin)\">\n<div class=\"[--thread-content-max-width:40rem] @w-lg\/main:[--thread-content-max-width:48rem] mx-auto max-w-(--thread-content-max-width) flex-1 group\/turn-messages focus-visible:outline-hidden relative flex w-full min-w-0 flex-col agent-turn\">\n<div class=\"flex max-w-full flex-col gap-4 grow\">\n<div class=\"min-h-8 text-message relative flex w-full flex-col items-end gap-2 text-start break-words whitespace-normal outline-none keyboard-focused:focus-ring [.text-message+&amp;]:mt-1\" dir=\"auto\" tabindex=\"0\" data-message-author-role=\"assistant\" data-message-id=\"3d91fa23-f5cb-44f6-8a34-ecaad59ab773\" data-message-model-slug=\"gpt-5-3\" data-turn-start-message=\"true\">\n<div class=\"flex w-full flex-col gap-1 empty:hidden\">\n<div class=\"flex flex-col text-sm pb-25\">\n<section class=\"text-token-text-primary w-full focus:outline-none [--shadow-height:45px] has-data-writing-block:pointer-events-none has-data-writing-block:-mt-(--shadow-height) has-data-writing-block:pt-(--shadow-height) [&amp;:has([data-writing-block])&gt;*]:pointer-events-auto scroll-mt-(--header-height)\" dir=\"auto\" data-turn-id=\"98de4d81-b74c-4803-bd2c-52df36d867d8\" data-testid=\"conversation-turn-71\" data-scroll-anchor=\"false\" data-turn=\"user\"><\/section>\n<section class=\"text-token-text-primary w-full focus:outline-none [--shadow-height:45px] has-data-writing-block:pointer-events-none has-data-writing-block:-mt-(--shadow-height) has-data-writing-block:pt-(--shadow-height) [&amp;:has([data-writing-block])&gt;*]:pointer-events-auto scroll-mt-[calc(var(--header-height)+min(200px,max(70px,20svh)))]\" dir=\"auto\" data-turn-id=\"request-69c26a02-f458-838d-a565-71d5fd7dd632-6\" data-testid=\"conversation-turn-72\" data-scroll-anchor=\"true\" data-turn=\"assistant\">\n<div class=\"text-base my-auto mx-auto pb-10 [--thread-content-margin:var(--thread-content-margin-xs,calc(var(--spacing)*4))] @w-sm\/main:[--thread-content-margin:var(--thread-content-margin-sm,calc(var(--spacing)*6))] @w-lg\/main:[--thread-content-margin:var(--thread-content-margin-lg,calc(var(--spacing)*16))] px-(--thread-content-margin)\">\n<div class=\"[--thread-content-max-width:40rem] @w-lg\/main:[--thread-content-max-width:48rem] mx-auto max-w-(--thread-content-max-width) flex-1 group\/turn-messages focus-visible:outline-hidden relative flex w-full min-w-0 flex-col agent-turn\">\n<div class=\"flex max-w-full flex-col gap-4 grow\">\n<div class=\"min-h-8 text-message relative flex w-full flex-col items-end gap-2 text-start break-words whitespace-normal outline-none keyboard-focused:focus-ring [.text-message+&amp;]:mt-1\" dir=\"auto\" tabindex=\"0\" data-message-author-role=\"assistant\" data-message-id=\"2aeb4d56-5073-4924-a4eb-6e4e5f659976\" data-message-model-slug=\"gpt-5-3\" data-turn-start-message=\"true\">\n<div class=\"flex w-full flex-col gap-1 empty:hidden\">\n<div class=\"markdown prose dark:prose-invert w-full wrap-break-word light markdown-new-styling\">\n<div class=\"flex flex-col text-sm pb-25\">\n<section class=\"text-token-text-primary w-full focus:outline-none [--shadow-height:45px] has-data-writing-block:pointer-events-none has-data-writing-block:-mt-(--shadow-height) has-data-writing-block:pt-(--shadow-height) [&amp;:has([data-writing-block])&gt;*]:pointer-events-auto scroll-mt-(--header-height)\" dir=\"auto\" data-turn-id=\"52d21b5d-8457-49fd-ad4e-45eee32138ab\" data-testid=\"conversation-turn-79\" data-scroll-anchor=\"false\" data-turn=\"user\"><\/section>\n<section class=\"text-token-text-primary w-full focus:outline-none [--shadow-height:45px] has-data-writing-block:pointer-events-none has-data-writing-block:-mt-(--shadow-height) has-data-writing-block:pt-(--shadow-height) [&amp;:has([data-writing-block])&gt;*]:pointer-events-auto scroll-mt-[calc(var(--header-height)+min(200px,max(70px,20svh)))]\" dir=\"auto\" data-turn-id=\"request-69c26a02-f458-838d-a565-71d5fd7dd632-10\" data-testid=\"conversation-turn-80\" data-scroll-anchor=\"true\" data-turn=\"assistant\">\n<div class=\"text-base my-auto mx-auto pb-10 [--thread-content-margin:var(--thread-content-margin-xs,calc(var(--spacing)*4))] @w-sm\/main:[--thread-content-margin:var(--thread-content-margin-sm,calc(var(--spacing)*6))] @w-lg\/main:[--thread-content-margin:var(--thread-content-margin-lg,calc(var(--spacing)*16))] px-(--thread-content-margin)\">\n<div class=\"[--thread-content-max-width:40rem] @w-lg\/main:[--thread-content-max-width:48rem] mx-auto max-w-(--thread-content-max-width) flex-1 group\/turn-messages focus-visible:outline-hidden relative flex w-full min-w-0 flex-col agent-turn\">\n<div class=\"flex max-w-full flex-col gap-4 grow\">\n<div class=\"min-h-8 text-message relative flex w-full flex-col items-end gap-2 text-start break-words whitespace-normal outline-none keyboard-focused:focus-ring [.text-message+&amp;]:mt-1\" dir=\"auto\" tabindex=\"0\" data-message-author-role=\"assistant\" data-message-id=\"cf46cf60-777c-4178-92c0-5f29ad4e676a\" data-message-model-slug=\"gpt-5-3\" data-turn-start-message=\"true\">\n<div class=\"flex w-full flex-col gap-1 empty:hidden\">\n<div class=\"markdown prose dark:prose-invert w-full wrap-break-word light markdown-new-styling\"><\/div>\n<\/div>\n<\/div>\n<\/div>\n<\/div>\n<\/div>\n<\/section>\n<\/div>\n<\/div>\n<\/div>\n<\/div>\n<\/div>\n<\/div>\n<\/div>\n<\/section>\n<\/div>\n<\/div>\n<\/div>\n<\/div>\n<\/div>\n<\/div>\n<\/section>\n<\/div>\n<\/div>\n<\/div>\n<\/div>\n<\/div>\n<\/div>\n<\/div>\n<\/div>\n<\/div>\n<\/div>\n<\/div>\n<\/section>\n<\/div>\n<\/div>\n<\/div>\n<\/div>\n<\/div>\n<div class=\"z-0 flex min-h-[46px] justify-start\">\n<div class=\"flex flex-col text-sm pb-25\">\n<section class=\"text-token-text-primary w-full focus:outline-none [--shadow-height:45px] has-data-writing-block:pointer-events-none has-data-writing-block:-mt-(--shadow-height) has-data-writing-block:pt-(--shadow-height) [&amp;:has([data-writing-block])&gt;*]:pointer-events-auto scroll-mt-[calc(var(--header-height)+min(200px,max(70px,20svh)))]\" dir=\"auto\" data-turn-id=\"request-WEB:fedb1199-e7f2-4ffb-8dad-dbaba3ff218d-6\" data-testid=\"conversation-turn-14\" data-scroll-anchor=\"true\" data-turn=\"assistant\">\n<div class=\"text-base my-auto mx-auto pb-10 [--thread-content-margin:var(--thread-content-margin-xs,calc(var(--spacing)*4))] @w-sm\/main:[--thread-content-margin:var(--thread-content-margin-sm,calc(var(--spacing)*6))] @w-lg\/main:[--thread-content-margin:var(--thread-content-margin-lg,calc(var(--spacing)*16))] px-(--thread-content-margin)\">\n<div class=\"[--thread-content-max-width:40rem] @w-lg\/main:[--thread-content-max-width:48rem] mx-auto max-w-(--thread-content-max-width) flex-1 group\/turn-messages focus-visible:outline-hidden relative flex w-full min-w-0 flex-col agent-turn\">\n<div class=\"mt-3 w-full empty:hidden\">\n<div class=\"text-center\">\n<div class=\"pointer-events-none h-px w-px absolute bottom-0\" aria-hidden=\"true\" data-edge=\"true\">\n<div class=\"flex flex-col text-sm pb-25\">\n<section class=\"text-token-text-primary w-full focus:outline-none [--shadow-height:45px] has-data-writing-block:pointer-events-none has-data-writing-block:-mt-(--shadow-height) has-data-writing-block:pt-(--shadow-height) [&amp;:has([data-writing-block])&gt;*]:pointer-events-auto scroll-mt-(--header-height)\" dir=\"auto\" data-turn-id=\"c29e3d0e-234e-4fd4-9e42-e8544df9eda2\" data-testid=\"conversation-turn-85\" data-scroll-anchor=\"false\" data-turn=\"user\"><\/section>\n<section class=\"text-token-text-primary w-full focus:outline-none [--shadow-height:45px] has-data-writing-block:pointer-events-none has-data-writing-block:-mt-(--shadow-height) has-data-writing-block:pt-(--shadow-height) [&amp;:has([data-writing-block])&gt;*]:pointer-events-auto scroll-mt-[calc(var(--header-height)+min(200px,max(70px,20svh)))]\" dir=\"auto\" data-turn-id=\"request-69c26a02-f458-838d-a565-71d5fd7dd632-13\" data-testid=\"conversation-turn-86\" data-scroll-anchor=\"true\" data-turn=\"assistant\">\n<div class=\"text-base my-auto mx-auto pb-10 [--thread-content-margin:var(--thread-content-margin-xs,calc(var(--spacing)*4))] @w-sm\/main:[--thread-content-margin:var(--thread-content-margin-sm,calc(var(--spacing)*6))] @w-lg\/main:[--thread-content-margin:var(--thread-content-margin-lg,calc(var(--spacing)*16))] px-(--thread-content-margin)\">\n<div class=\"[--thread-content-max-width:40rem] @w-lg\/main:[--thread-content-max-width:48rem] mx-auto max-w-(--thread-content-max-width) flex-1 group\/turn-messages focus-visible:outline-hidden relative flex w-full min-w-0 flex-col agent-turn\">\n<div class=\"flex max-w-full flex-col gap-4 grow\">\n<div class=\"min-h-8 text-message relative flex w-full flex-col items-end gap-2 text-start break-words whitespace-normal outline-none keyboard-focused:focus-ring [.text-message+&amp;]:mt-1\" dir=\"auto\" tabindex=\"0\" data-message-author-role=\"assistant\" data-message-id=\"d27af0ed-31ba-4f92-9d5c-ad92b1eeac9f\" data-message-model-slug=\"gpt-5-3\" data-turn-start-message=\"true\">\n<div class=\"flex w-full flex-col gap-1 empty:hidden\">\n<div class=\"markdown prose dark:prose-invert w-full wrap-break-word light markdown-new-styling\">\n<p data-start=\"0\" data-end=\"83\"><strong data-start=\"0\" data-end=\"83\">C\u0103ma\u0219\u0103 cu talie reglabil\u0103 Lavinia \u2013 feminitate modern\u0103 \u0219i elegan\u021b\u0103 cu atitudine<\/strong><\/p>\n<p data-start=\"85\" data-end=\"466\">C\u0103ma\u0219a cu talie reglabil\u0103 Lavinia este alegerea perfect\u0103 pentru femeia care \u00ee\u0219i dore\u0219te o pies\u0103 vestimentar\u0103 feminin\u0103, elegant\u0103 \u0219i \u00een acela\u0219i timp versatil\u0103. Cu un design deosebit \u0219i detalii atent realizate, aceast\u0103 c\u0103ma\u0219\u0103 reu\u0219e\u0219te s\u0103 eviden\u021bieze silueta \u0219i s\u0103 aduc\u0103 un plus de stil oric\u0103rei \u021binute, fiind ideal\u0103 at\u00e2t pentru outfituri de zi, c\u00e2t \u0219i pentru apari\u021bii mai sofisticate.<\/p>\n<p data-start=\"468\" data-end=\"891\">C\u0103ma\u0219a cu talie reglabil\u0103 Lavinia se remarc\u0103 prin croiala sa modern\u0103, care combin\u0103 lejeritatea cu un efect de conturare a siluetei. Datorit\u0103 sistemului de ajustare \u00een talie, aceasta poate fi adaptat\u0103 \u00een func\u021bie de preferin\u021be, oferind fie un look mai relaxat, fie unul mai definit \u0219i feminin. Acest detaliu transform\u0103 c\u0103ma\u0219a cu talie reglabil\u0103 Lavinia \u00eentr-o pies\u0103 versatil\u0103, potrivit\u0103 pentru diferite tipuri de conforma\u021bie.<\/p>\n<p data-start=\"893\" data-end=\"1238\">Unul dintre elementele care atrag imediat aten\u021bia este designul elegant, completat de detalii precum nasturii decorativi \u0219i croiala atent conturat\u0103. C\u0103ma\u0219a cu talie reglabil\u0103 Lavinia \u00eembin\u0103 perfect simplitatea cu accentele sofisticate, oferind un look rafinat, dar \u00een acela\u0219i timp actual. Este o pies\u0103 statement, f\u0103r\u0103 a fi prea \u00eenc\u0103rcat\u0103 vizual.<\/p>\n<p data-start=\"1240\" data-end=\"1585\">Materialul din care este realizat\u0103 c\u0103ma\u0219a cu talie reglabil\u0103 Lavinia este ales cu grij\u0103 pentru a oferi confort pe tot parcursul zilei. Textura sa pl\u0103cut\u0103 la atingere \u0219i lejeritatea materialului o fac ideal\u0103 pentru purtare \u00eendelungat\u0103. \u00cen acela\u0219i timp, materialul este rezistent \u0219i \u00ee\u0219i p\u0103streaz\u0103 forma \u0219i culoarea, chiar \u0219i dup\u0103 multiple sp\u0103l\u0103ri.<\/p>\n<p data-start=\"1587\" data-end=\"2051\">Versatilitatea este unul dintre cele mai importante avantaje ale c\u0103m\u0103\u0219ii cu talie reglabil\u0103 Lavinia. Aceasta poate fi purtat\u0103 \u00een numeroase combina\u021bii vestimentare, adapt\u00e2ndu-se stilului t\u0103u. Pentru un look elegant, o po\u021bi combina cu pantaloni office sau o fust\u0103 midi \u0219i pantofi cu toc. Pentru un outfit casual chic, o po\u021bi purta cu jeans sau pantaloni lejeri \u0219i sneakers. C\u0103ma\u0219a cu talie reglabil\u0103 Lavinia \u00ee\u021bi ofer\u0103 libertatea de a crea \u021binute variate, f\u0103r\u0103 efort.<\/p>\n<p data-start=\"2053\" data-end=\"2368\">Culoarea c\u0103m\u0103\u0219ii cu talie reglabil\u0103 Lavinia este un alt element de impact. Nuan\u021bele vibrante sau sofisticate adaug\u0103 un plus de personalitate \u0219i stil, transform\u00e2nd aceast\u0103 pies\u0103 \u00eentr-un punct central al outfitului. Este u\u0219or de asortat \u0219i poate fi integrat\u0103 at\u00e2t \u00een \u021binute monocrome, c\u00e2t \u0219i \u00een combina\u021bii \u00eendr\u0103zne\u021be.<\/p>\n<p data-start=\"2370\" data-end=\"2655\">C\u0103ma\u0219a cu talie reglabil\u0103 Lavinia este ideal\u0103 pentru diferite momente ale zilei. O po\u021bi purta la birou pentru un look feminin \u0219i elegant sau o po\u021bi transforma \u00eentr-o pies\u0103 de impact pentru o ie\u0219ire \u00een ora\u0219. Este genul de articol vestimentar care \u00ee\u021bi ofer\u0103 \u00eencredere \u0219i stil f\u0103r\u0103 efort.<\/p>\n<p data-start=\"2657\" data-end=\"2917\">Un alt avantaj important al c\u0103m\u0103\u0219ii cu talie reglabil\u0103 Lavinia este u\u0219urin\u021ba \u00een \u00eentre\u021binere. Materialele de calitate \u0219i finisajele atent realizate asigur\u0103 durabilitate, p\u0103str\u00e2ndu-\u0219i aspectul impecabil \u00een timp. Este o investi\u021bie inteligent\u0103 pentru garderoba ta.<\/p>\n<p data-start=\"2919\" data-end=\"3163\">\u00cen plus, aceast\u0103 c\u0103ma\u0219\u0103 este perfect\u0103 pentru layering, fiind u\u0219or de combinat cu sacouri, jachete sau cardigane. Poate fi purtat\u0103 at\u00e2t ca pies\u0103 principal\u0103, c\u00e2t \u0219i ca element de baz\u0103 \u00een outfituri mai complexe, adapt\u00e2ndu-se cu u\u0219urin\u021b\u0103 sezonului.<\/p>\n<p data-start=\"3165\" data-end=\"3411\">Detaliile precum talia reglabil\u0103, nasturii decorativi \u0219i croiala feminin\u0103 subliniaz\u0103 aten\u021bia la design \u0219i calitatea produsului. C\u0103ma\u0219a cu talie reglabil\u0103 Lavinia este creat\u0103 pentru femeia modern\u0103, care \u00ee\u0219i dore\u0219te s\u0103 \u00eembine confortul cu elegan\u021ba.<\/p>\n<p data-start=\"3413\" data-end=\"3697\" data-is-last-node=\"\" data-is-only-node=\"\">Alege c\u0103ma\u0219a cu talie reglabil\u0103 Lavinia dac\u0103 \u00ee\u021bi dore\u0219ti o pies\u0103 versatil\u0103, feminin\u0103 \u0219i de impact. Este mai mult dec\u00e2t o simpl\u0103 c\u0103ma\u0219\u0103 \u2013 este o expresie a stilului t\u0103u, o combina\u021bie perfect\u0103 \u00eentre rafinament \u0219i modernitate, care \u00ee\u021bi va transforma fiecare apari\u021bie \u00eentr-una memorabil\u0103.<\/p>\n<\/div>\n<\/div>\n<\/div>\n<\/div>\n<div class=\"z-0 flex min-h-[46px] justify-start\">\n<p data-start=\"0\" data-end=\"435\">Pentru un plus de stil, c\u0103ma\u0219a cu talie reglabil\u0103 Lavinia poate fi accesorizat\u0103 \u00een func\u021bie de ocazie, oferindu-\u021bi posibilitatea de a crea \u021binute diferite cu aceea\u0219i pies\u0103. Po\u021bi eviden\u021bia talia ajust\u00e2nd cordonul pentru un efect mai definit sau o po\u021bi purta mai lejer pentru un look relaxat \u0219i modern. De asemenea, poate fi combinat\u0103 cu accesorii delicate pentru un outfit elegant sau cu elemente mai \u00eendr\u0103zne\u021be pentru un stil statement.<\/p>\n<p data-start=\"437\" data-end=\"778\">C\u0103ma\u0219a cu talie reglabil\u0103 Lavinia este ideal\u0103 \u0219i pentru tranzi\u021biile dintre sezoane, fiind suficient de u\u0219oar\u0103 pentru zilele c\u0103lduroase, dar \u0219i potrivit\u0103 pentru a fi purtat\u0103 \u00een combina\u021bie cu piese mai groase \u00een sezonul rece. Poate fi integrat\u0103 cu u\u0219urin\u021b\u0103 \u00een outfituri stratificate, al\u0103turi de sacouri sau jachete, f\u0103r\u0103 a pierde din elegan\u021b\u0103.<\/p>\n<p data-start=\"780\" data-end=\"1112\" data-is-last-node=\"\" data-is-only-node=\"\">Fiecare detaliu al c\u0103m\u0103\u0219ii cu talie reglabil\u0103 Lavinia este g\u00e2ndit pentru a oferi un echilibru \u00eentre estetic\u0103 \u0219i func\u021bionalitate. De la croiala care pune \u00een valoare silueta, p\u00e2n\u0103 la materialul de calitate \u0219i finisajele atent realizate, aceast\u0103 pies\u0103 reflect\u0103 un stil modern, feminin \u0219i versatil, perfect pentru orice moment al zilei.<\/p>\n<\/div>\n<div class=\"mt-3 w-full empty:hidden\">\n<div class=\"text-center\"><\/div>\n<\/div>\n<\/div>\n<\/div>\n<\/section>\n<\/div>\n<div class=\"pointer-events-none h-px w-px absolute bottom-0\" aria-hidden=\"true\" data-edge=\"true\"><\/div>\n<\/div>\n<\/div>\n<\/div>\n<\/div>\n<\/div>\n<\/section>\n<\/div>\n<div class=\"pointer-events-none h-px w-px absolute bottom-0\" aria-hidden=\"true\" data-edge=\"true\"><\/div>\n<\/div>\n<div class=\"mt-3 w-full empty:hidden\">\n<div class=\"text-center\"><\/div>\n<\/div>\n<\/div>\n<\/div>\n<\/section>\n<\/div>\n<div class=\"pointer-events-none h-px w-px absolute bottom-0\" aria-hidden=\"true\" data-edge=\"true\"><\/div>\n","protected":false},"excerpt":{"rendered":"<p>&nbsp;<\/p>\n<ul>\n<li>Compozitie: 98%poliester,1%metal,1%plastic<\/li>\n<li>Modelul poarta marimea 36 si are inaltimea 1.77 cm.<\/li>\n<\/ul>\n<p>&nbsp;<\/p>","protected":false},"featured_media":209244,"comment_status":"open","ping_status":"closed","template":"","meta":[],"product_brand":[],"product_cat":[436,28,448,447,506],"product_tag":[],"class_list":{"0":"post-209237","1":"product","2":"type-product","3":"status-publish","4":"has-post-thumbnail","6":"product_cat-haine-dama","7":"product_cat-camasi-dama","8":"product_cat-camasi-elegante-dama","9":"product_cat-camasi-office-dama","10":"product_cat-noua-colectie","11":"pa_colectie-primavara-vara-2026","12":"pa_culoare-verde","13":"pa_marime-21","14":"pa_marime-22","15":"pa_marime-23","16":"pa_marime-25","17":"shop-item","18":"sr-item","20":"first","21":"instock","22":"taxable","23":"shipping-taxable","24":"purchasable","25":"product-type-variable"},"_links":{"self":[{"href":"https:\/\/www.etic.ro\/en\/wp-json\/wp\/v2\/product\/209237","targetHints":{"allow":["GET"]}}],"collection":[{"href":"https:\/\/www.etic.ro\/en\/wp-json\/wp\/v2\/product"}],"about":[{"href":"https:\/\/www.etic.ro\/en\/wp-json\/wp\/v2\/types\/product"}],"replies":[{"embeddable":true,"href":"https:\/\/www.etic.ro\/en\/wp-json\/wp\/v2\/comments?post=209237"}],"wp:featuredmedia":[{"embeddable":true,"href":"https:\/\/www.etic.ro\/en\/wp-json\/wp\/v2\/media\/209244"}],"wp:attachment":[{"href":"https:\/\/www.etic.ro\/en\/wp-json\/wp\/v2\/media?parent=209237"}],"wp:term":[{"taxonomy":"product_brand","embeddable":true,"href":"https:\/\/www.etic.ro\/en\/wp-json\/wp\/v2\/product_brand?post=209237"},{"taxonomy":"product_cat","embeddable":true,"href":"https:\/\/www.etic.ro\/en\/wp-json\/wp\/v2\/product_cat?post=209237"},{"taxonomy":"product_tag","embeddable":true,"href":"https:\/\/www.etic.ro\/en\/wp-json\/wp\/v2\/product_tag?post=209237"}],"curies":[{"name":"wp","href":"https:\/\/api.w.org\/{rel}","templated":true}]}}