{"id":208457,"date":"2025-04-27T03:03:48","date_gmt":"2025-04-27T01:03:48","guid":{"rendered":"https:\/\/www.etic.ro\/?post_type=product&#038;p=208457"},"modified":"2026-04-28T13:42:02","modified_gmt":"2026-04-28T11:42:02","slug":"camasa-lejera-margot-bleu","status":"publish","type":"product","link":"https:\/\/www.etic.ro\/en\/product\/camasa-lejera-margot-bleu\/","title":{"rendered":"Camasa lejera Margot"},"content":{"rendered":"<div class=\"flex flex-col text-sm pb-25\">\n<section class=\"text-token-text-primary w-full focus:outline-none [--shadow-height:45px] has-data-writing-block:pointer-events-none has-data-writing-block:-mt-(--shadow-height) has-data-writing-block:pt-(--shadow-height) [&amp;:has([data-writing-block])&gt;*]:pointer-events-auto scroll-mt-[calc(var(--header-height)+min(200px,max(70px,20svh)))]\" dir=\"auto\" data-turn-id=\"request-WEB:fedb1199-e7f2-4ffb-8dad-dbaba3ff218d-5\" data-testid=\"conversation-turn-12\" data-scroll-anchor=\"true\" data-turn=\"assistant\">\n<div class=\"text-base my-auto mx-auto pb-10 [--thread-content-margin:var(--thread-content-margin-xs,calc(var(--spacing)*4))] @w-sm\/main:[--thread-content-margin:var(--thread-content-margin-sm,calc(var(--spacing)*6))] @w-lg\/main:[--thread-content-margin:var(--thread-content-margin-lg,calc(var(--spacing)*16))] px-(--thread-content-margin)\">\n<div class=\"[--thread-content-max-width:40rem] @w-lg\/main:[--thread-content-max-width:48rem] mx-auto max-w-(--thread-content-max-width) flex-1 group\/turn-messages focus-visible:outline-hidden relative flex w-full min-w-0 flex-col agent-turn\">\n<div class=\"flex max-w-full flex-col gap-4 grow\">\n<div class=\"min-h-8 text-message relative flex w-full flex-col items-end gap-2 text-start break-words whitespace-normal outline-none keyboard-focused:focus-ring [.text-message+&amp;]:mt-1\" dir=\"auto\" tabindex=\"0\" data-message-author-role=\"assistant\" data-message-id=\"64388587-fe8a-4be9-a6e8-cfc76522a6ed\" data-message-model-slug=\"gpt-5-3\" data-turn-start-message=\"true\">\n<div class=\"flex w-full flex-col gap-1 empty:hidden\">\n<div class=\"markdown prose dark:prose-invert w-full wrap-break-word light markdown-new-styling\"><\/div>\n<\/div>\n<\/div>\n<\/div>\n<div class=\"z-0 flex min-h-[46px] justify-start\">\n<div class=\"flex flex-col text-sm pb-25\">\n<section class=\"text-token-text-primary w-full focus:outline-none [--shadow-height:45px] has-data-writing-block:pointer-events-none has-data-writing-block:-mt-(--shadow-height) has-data-writing-block:pt-(--shadow-height) [&amp;:has([data-writing-block])&gt;*]:pointer-events-auto scroll-mt-[calc(var(--header-height)+min(200px,max(70px,20svh)))]\" dir=\"auto\" data-turn-id=\"request-WEB:fedb1199-e7f2-4ffb-8dad-dbaba3ff218d-6\" data-testid=\"conversation-turn-14\" data-scroll-anchor=\"true\" data-turn=\"assistant\">\n<div class=\"text-base my-auto mx-auto pb-10 [--thread-content-margin:var(--thread-content-margin-xs,calc(var(--spacing)*4))] @w-sm\/main:[--thread-content-margin:var(--thread-content-margin-sm,calc(var(--spacing)*6))] @w-lg\/main:[--thread-content-margin:var(--thread-content-margin-lg,calc(var(--spacing)*16))] px-(--thread-content-margin)\">\n<div class=\"[--thread-content-max-width:40rem] @w-lg\/main:[--thread-content-max-width:48rem] mx-auto max-w-(--thread-content-max-width) flex-1 group\/turn-messages focus-visible:outline-hidden relative flex w-full min-w-0 flex-col agent-turn\">\n<div class=\"mt-3 w-full empty:hidden\">\n<div class=\"text-center\">\n<div class=\"flex flex-col text-sm pb-25\">\n<section class=\"text-token-text-primary w-full focus:outline-none [--shadow-height:45px] has-data-writing-block:pointer-events-none has-data-writing-block:-mt-(--shadow-height) has-data-writing-block:pt-(--shadow-height) [&amp;:has([data-writing-block])&gt;*]:pointer-events-auto scroll-mt-(--header-height)\" dir=\"auto\" data-turn-id=\"9d7a6152-133b-4cfb-8552-c2b939ece88c\" data-testid=\"conversation-turn-15\" data-scroll-anchor=\"false\" data-turn=\"user\"><\/section>\n<section class=\"text-token-text-primary w-full focus:outline-none [--shadow-height:45px] has-data-writing-block:pointer-events-none has-data-writing-block:-mt-(--shadow-height) has-data-writing-block:pt-(--shadow-height) [&amp;:has([data-writing-block])&gt;*]:pointer-events-auto scroll-mt-[calc(var(--header-height)+min(200px,max(70px,20svh)))]\" dir=\"auto\" data-turn-id=\"request-WEB:fedb1199-e7f2-4ffb-8dad-dbaba3ff218d-7\" data-testid=\"conversation-turn-16\" data-scroll-anchor=\"true\" data-turn=\"assistant\">\n<div class=\"text-base my-auto mx-auto pb-10 [--thread-content-margin:var(--thread-content-margin-xs,calc(var(--spacing)*4))] @w-sm\/main:[--thread-content-margin:var(--thread-content-margin-sm,calc(var(--spacing)*6))] @w-lg\/main:[--thread-content-margin:var(--thread-content-margin-lg,calc(var(--spacing)*16))] px-(--thread-content-margin)\">\n<div class=\"[--thread-content-max-width:40rem] @w-lg\/main:[--thread-content-max-width:48rem] mx-auto max-w-(--thread-content-max-width) flex-1 group\/turn-messages focus-visible:outline-hidden relative flex w-full min-w-0 flex-col agent-turn\">\n<div class=\"flex max-w-full flex-col gap-4 grow\">\n<div class=\"min-h-8 text-message relative flex w-full flex-col items-end gap-2 text-start break-words whitespace-normal outline-none keyboard-focused:focus-ring [.text-message+&amp;]:mt-1\" dir=\"auto\" tabindex=\"0\" data-message-author-role=\"assistant\" data-message-id=\"fb18fbd5-28ce-495a-a458-392835180f35\" data-message-model-slug=\"gpt-5-3\" data-turn-start-message=\"true\">\n<div class=\"flex w-full flex-col gap-1 empty:hidden\">\n<div class=\"markdown prose dark:prose-invert w-full wrap-break-word light markdown-new-styling\"><\/div>\n<\/div>\n<\/div>\n<\/div>\n<div class=\"z-0 flex min-h-[46px] justify-start\">\n<div class=\"flex flex-col text-sm pb-25\">\n<section class=\"text-token-text-primary w-full focus:outline-none [--shadow-height:45px] has-data-writing-block:pointer-events-none has-data-writing-block:-mt-(--shadow-height) has-data-writing-block:pt-(--shadow-height) [&amp;:has([data-writing-block])&gt;*]:pointer-events-auto scroll-mt-[calc(var(--header-height)+min(200px,max(70px,20svh)))]\" dir=\"auto\" data-turn-id=\"request-WEB:fedb1199-e7f2-4ffb-8dad-dbaba3ff218d-8\" data-testid=\"conversation-turn-18\" data-scroll-anchor=\"true\" data-turn=\"assistant\">\n<div class=\"text-base my-auto mx-auto pb-10 [--thread-content-margin:var(--thread-content-margin-xs,calc(var(--spacing)*4))] @w-sm\/main:[--thread-content-margin:var(--thread-content-margin-sm,calc(var(--spacing)*6))] @w-lg\/main:[--thread-content-margin:var(--thread-content-margin-lg,calc(var(--spacing)*16))] px-(--thread-content-margin)\">\n<div class=\"[--thread-content-max-width:40rem] @w-lg\/main:[--thread-content-max-width:48rem] mx-auto max-w-(--thread-content-max-width) flex-1 group\/turn-messages focus-visible:outline-hidden relative flex w-full min-w-0 flex-col agent-turn\">\n<div class=\"z-0 flex min-h-[46px] justify-start\">\n<div class=\"text-base my-auto mx-auto [--thread-content-margin:var(--thread-content-margin-xs,calc(var(--spacing)*4))] @w-sm\/main:[--thread-content-margin:var(--thread-content-margin-sm,calc(var(--spacing)*6))] @w-lg\/main:[--thread-content-margin:var(--thread-content-margin-lg,calc(var(--spacing)*16))] px-(--thread-content-margin)\">\n<div class=\"[--thread-content-max-width:40rem] @w-lg\/main:[--thread-content-max-width:48rem] mx-auto max-w-(--thread-content-max-width) flex-1 group\/turn-messages focus-visible:outline-hidden relative flex w-full min-w-0 flex-col agent-turn\">\n<div class=\"flex max-w-full flex-col gap-4 grow\">\n<div class=\"min-h-8 text-message relative flex w-full flex-col items-end gap-2 text-start break-words whitespace-normal outline-none keyboard-focused:focus-ring [.text-message+&amp;]:mt-1\" dir=\"auto\" data-message-author-role=\"assistant\" data-message-id=\"0c572014-1bef-415f-bfba-7051a1aab411\" data-message-model-slug=\"gpt-5-3\">\n<div class=\"flex w-full flex-col gap-1 empty:hidden\">\n<div class=\"markdown prose dark:prose-invert w-full wrap-break-word light markdown-new-styling\">\n<p data-start=\"0\" data-end=\"62\"><strong data-start=\"0\" data-end=\"62\">C\u0103ma\u0219\u0103 lejer\u0103 Margot \u2013 elegan\u021b\u0103 relaxat\u0103 \u0219i stil atemporal<\/strong><\/p>\n<p data-start=\"64\" data-end=\"390\">C\u0103ma\u0219a lejer\u0103 Margot este piesa ideal\u0103 pentru femeia care \u00ee\u0219i dore\u0219te un look sofisticat, dar \u00een acela\u0219i timp confortabil \u0219i u\u0219or de purtat. Cu un design modern \u0219i o croial\u0103 relaxat\u0103, aceast\u0103 c\u0103ma\u0219\u0103 reu\u0219e\u0219te s\u0103 \u00eembine perfect elegan\u021ba clasic\u0103 cu tendin\u021bele actuale, devenind rapid un element esen\u021bial \u00een garderoba de zi cu zi.<\/p>\n<p data-start=\"392\" data-end=\"794\">C\u0103ma\u0219a lejer\u0103 Margot se remarc\u0103 prin croiala sa fluid\u0103, care ofer\u0103 libertate de mi\u0219care \u0219i un aer effortless chic. Linia lejer\u0103 nu doar c\u0103 asigur\u0103 confort, dar avantajeaz\u0103 \u0219i diferite tipuri de siluet\u0103, cre\u00e2nd un efect vizual echilibrat \u0219i feminin. Fie c\u0103 alegi s\u0103 o por\u021bi \u00eenchis\u0103 pentru un look mai structurat sau deschis\u0103 peste un top, c\u0103ma\u0219a lejer\u0103 Margot \u00ee\u021bi ofer\u0103 multiple posibilit\u0103\u021bi de styling.<\/p>\n<p data-start=\"796\" data-end=\"1202\">Materialul din care este realizat\u0103 c\u0103ma\u0219a lejer\u0103 Margot este atent ales pentru a oferi o senza\u021bie pl\u0103cut\u0103 la purtare. Textura sa u\u0219oar\u0103 permite pielii s\u0103 respire, fiind ideal\u0103 pentru zilele c\u0103lduroase, dar \u0219i pentru layering \u00een sezonul rece. \u00cen plus, materialul este rezistent \u0219i \u00ee\u0219i p\u0103streaz\u0103 forma \u0219i aspectul chiar \u0219i dup\u0103 mai multe sp\u0103l\u0103ri, ceea ce o face o alegere practic\u0103 pentru utilizare frecvent\u0103.<\/p>\n<p data-start=\"1204\" data-end=\"1695\">Unul dintre cele mai mari avantaje ale c\u0103m\u0103\u0219ii lejere Margot este versatilitatea. Aceasta poate fi integrat\u0103 cu u\u0219urin\u021b\u0103 \u00een numeroase outfituri, de la cele casual la cele smart casual sau chiar elegante. Pentru un look relaxat, o po\u021bi purta cu jeans sau pantaloni casual \u0219i o pereche de sneakers. Pentru un outfit mai sofisticat, o po\u021bi combina cu pantaloni elegan\u021bi sau o fust\u0103 midi \u0219i pantofi cu toc. C\u0103ma\u0219a lejer\u0103 Margot se adapteaz\u0103 stilului t\u0103u \u0219i \u00ee\u021bi ofer\u0103 libertatea de a experimenta.<\/p>\n<p data-start=\"1697\" data-end=\"2011\">Culoarea \u0219i designul c\u0103m\u0103\u0219ii lejere Margot sunt g\u00e2ndite astfel \u00eenc\u00e2t s\u0103 fie u\u0219or de asortat. Nuan\u021bele neutre sau pastelate ofer\u0103 un plus de rafinament \u0219i pot fi combinate cu diverse piese vestimentare, f\u0103r\u0103 efort. Aceast\u0103 c\u0103ma\u0219\u0103 devine astfel o baz\u0103 excelent\u0103 pentru construirea unor \u021binute moderne \u0219i echilibrate.<\/p>\n<p data-start=\"2013\" data-end=\"2339\">C\u0103ma\u0219a lejer\u0103 Margot este potrivit\u0103 pentru orice moment al zilei. O po\u021bi purta la birou pentru un look profesional, la o ie\u0219ire \u00een ora\u0219 sau chiar \u00een vacan\u021b\u0103, datorit\u0103 confortului \u0219i stilului s\u0103u versatil. Este genul de pies\u0103 care te ajut\u0103 s\u0103 ar\u0103\u021bi bine f\u0103r\u0103 s\u0103 depui prea mult efort, oferindu-\u021bi \u00eencredere \u00een fiecare apari\u021bie.<\/p>\n<p data-start=\"2341\" data-end=\"2623\">Un alt aspect important al c\u0103m\u0103\u0219ii lejere Margot este u\u0219urin\u021ba \u00een \u00eentre\u021binere. Materialele de calitate \u0219i finisajele atent realizate asigur\u0103 o durat\u0103 lung\u0103 de via\u021b\u0103, p\u0103str\u00e2ndu-\u0219i aspectul impecabil \u00een timp. Astfel, aceast\u0103 c\u0103ma\u0219\u0103 devine o investi\u021bie inteligent\u0103 pentru garderoba ta.<\/p>\n<p data-start=\"2625\" data-end=\"2971\">Detaliile subtile, precum croiala bine definit\u0103 \u0219i finisajele curate, adaug\u0103 un plus de elegan\u021b\u0103 \u0219i rafinament. C\u0103ma\u0219a lejer\u0103 Margot este creat\u0103 pentru femeia modern\u0103, activ\u0103, care apreciaz\u0103 at\u00e2t confortul, c\u00e2t \u0219i estetica. Este o pies\u0103 care \u00ee\u021bi completeaz\u0103 stilul \u0219i \u00ee\u021bi ofer\u0103 posibilitatea de a crea outfituri variate, adaptate oric\u0103rei ocazii.<\/p>\n<p data-start=\"2973\" data-end=\"3293\">\u00cen plus, c\u0103ma\u0219a lejer\u0103 Margot este perfect\u0103 pentru layering, fiind u\u0219or de combinat cu sacouri, cardigane sau jachete. Aceast\u0103 flexibilitate o transform\u0103 \u00eentr-un element indispensabil \u00een orice garderob\u0103, indiferent de sezon. Poate fi purtat\u0103 at\u00e2t ca pies\u0103 principal\u0103, c\u00e2t \u0219i ca element de baz\u0103 \u00een outfituri mai complexe.<\/p>\n<p data-start=\"3295\" data-end=\"3584\" data-is-last-node=\"\" data-is-only-node=\"\">Alege c\u0103ma\u0219a lejer\u0103 Margot dac\u0103 \u00ee\u021bi dore\u0219ti o pies\u0103 versatil\u0103, confortabil\u0103 \u0219i elegant\u0103. Este mai mult dec\u00e2t o simpl\u0103 c\u0103ma\u0219\u0103 \u2013 este o expresie a stilului personal, o combina\u021bie perfect\u0103 \u00eentre lejeritate \u0219i rafinament, care \u00ee\u021bi va transforma fiecare apari\u021bie \u00eentr-una stilat\u0103 \u0219i memorabil\u0103.<\/p>\n<\/div>\n<\/div>\n<\/div>\n<\/div>\n<div class=\"z-0 flex min-h-[46px] justify-start\">\n<div class=\"flex flex-col text-sm pb-25\">\n<section class=\"text-token-text-primary w-full focus:outline-none [--shadow-height:45px] has-data-writing-block:pointer-events-none has-data-writing-block:-mt-(--shadow-height) has-data-writing-block:pt-(--shadow-height) [&amp;:has([data-writing-block])&gt;*]:pointer-events-auto scroll-mt-[calc(var(--header-height)+min(200px,max(70px,20svh)))]\" dir=\"auto\" data-turn-id=\"request-WEB:fedb1199-e7f2-4ffb-8dad-dbaba3ff218d-10\" data-testid=\"conversation-turn-22\" data-scroll-anchor=\"true\" data-turn=\"assistant\">\n<div class=\"text-base my-auto mx-auto pb-10 [--thread-content-margin:var(--thread-content-margin-xs,calc(var(--spacing)*4))] @w-sm\/main:[--thread-content-margin:var(--thread-content-margin-sm,calc(var(--spacing)*6))] @w-lg\/main:[--thread-content-margin:var(--thread-content-margin-lg,calc(var(--spacing)*16))] px-(--thread-content-margin)\">\n<div class=\"[--thread-content-max-width:40rem] @w-lg\/main:[--thread-content-max-width:48rem] mx-auto max-w-(--thread-content-max-width) flex-1 group\/turn-messages focus-visible:outline-hidden relative flex w-full min-w-0 flex-col agent-turn\">\n<div class=\"flex max-w-full flex-col gap-4 grow\">\n<div class=\"min-h-8 text-message relative flex w-full flex-col items-end gap-2 text-start break-words whitespace-normal outline-none keyboard-focused:focus-ring [.text-message+&amp;]:mt-1\" dir=\"auto\" tabindex=\"0\" data-message-author-role=\"assistant\" data-message-id=\"a040a678-7bce-480b-93bf-4245926b90f4\" data-message-model-slug=\"gpt-5-3\" data-turn-start-message=\"true\">\n<div class=\"flex w-full flex-col gap-1 empty:hidden\">\n<div class=\"markdown prose dark:prose-invert w-full wrap-break-word light markdown-new-styling\">\n<p data-start=\"0\" data-end=\"361\">Pentru un plus de stil, c\u0103ma\u0219a lejer\u0103 Margot poate fi purtat\u0103 \u00een diverse moduri, adapt\u00e2ndu-se perfect preferin\u021belor tale. O po\u021bi introduce par\u021bial \u00een pantaloni pentru un look modern \u0219i relaxat sau o po\u021bi purta oversized, pentru un aer effortless \u0219i actual. De asemenea, poate fi accesorizat\u0103 cu o curea \u00een talie pentru a crea un efect mai structurat \u0219i feminin.<\/p>\n<p data-start=\"363\" data-end=\"685\">C\u0103ma\u0219a lejer\u0103 Margot este ideal\u0103 \u0219i pentru tranzi\u021biile dintre sezoane, fiind suficient de u\u0219oar\u0103 pentru prim\u0103var\u0103 \u0219i var\u0103, dar \u0219i potrivit\u0103 pentru toamn\u0103 atunci c\u00e2nd este combinat\u0103 cu piese mai groase. Aceast\u0103 adaptabilitate o transform\u0103 \u00eentr-o alegere practic\u0103 \u0219i versatil\u0103, care poate fi purtat\u0103 pe tot parcursul anului.<\/p>\n<p data-start=\"687\" data-end=\"1085\" data-is-last-node=\"\" data-is-only-node=\"\">Fiecare detaliu al c\u0103m\u0103\u0219ii lejere Margot este conceput pentru a oferi un echilibru perfect \u00eentre confort \u0219i estetic\u0103. De la materialul pl\u0103cut la atingere, p\u00e2n\u0103 la croiala modern\u0103 \u0219i finisajele atent realizate, aceast\u0103 c\u0103ma\u0219\u0103 reflect\u0103 calitatea \u0219i aten\u021bia la detalii. Este alegerea ideal\u0103 pentru femeia care \u00ee\u0219i dore\u0219te s\u0103 arate bine f\u0103r\u0103 efort, p\u0103str\u00e2nd \u00een acela\u0219i timp un stil autentic \u0219i rafinat.<\/p>\n<\/div>\n<\/div>\n<\/div>\n<\/div>\n<div class=\"z-0 flex min-h-[46px] justify-start\"><\/div>\n<div class=\"mt-3 w-full empty:hidden\">\n<div class=\"text-center\"><\/div>\n<\/div>\n<\/div>\n<\/div>\n<\/section>\n<\/div>\n<div class=\"pointer-events-none h-px w-px absolute bottom-0\" aria-hidden=\"true\" data-edge=\"true\"><\/div>\n<\/div>\n<\/div>\n<\/div>\n<\/div>\n<div class=\"mt-3 w-full empty:hidden\">\n<div class=\"text-center\"><\/div>\n<\/div>\n<\/div>\n<\/div>\n<\/section>\n<\/div>\n<div class=\"pointer-events-none h-px w-px absolute bottom-0\" aria-hidden=\"true\" data-edge=\"true\"><\/div>\n<\/div>\n<div class=\"mt-3 w-full empty:hidden\">\n<div class=\"text-center\"><\/div>\n<\/div>\n<\/div>\n<\/div>\n<\/section>\n<\/div>\n<div class=\"pointer-events-none h-px w-px absolute bottom-0\" aria-hidden=\"true\" data-edge=\"true\"><\/div>\n<\/div>\n<\/div>\n<\/div>\n<\/div>\n<\/section>\n<\/div>\n<div class=\"pointer-events-none h-px w-px absolute bottom-0\" aria-hidden=\"true\" data-edge=\"true\"><\/div>\n<\/div>\n<div class=\"mt-3 w-full empty:hidden\">\n<div class=\"text-center\"><\/div>\n<\/div>\n<\/div>\n<\/div>\n<\/section>\n<\/div>\n<div class=\"pointer-events-none h-px w-px absolute bottom-0\" aria-hidden=\"true\" data-edge=\"true\"><\/div>\n","protected":false},"excerpt":{"rendered":"<p>&nbsp;<\/p>\n<ul>\n<li>Compozitie: 80%rayon,20%in<\/li>\n<li>Modelul poarta marime UNICA<\/li>\n<\/ul>\n<p>&nbsp;<\/p>","protected":false},"featured_media":208461,"comment_status":"open","ping_status":"closed","template":"","meta":[],"product_brand":[],"product_cat":[436,446,28,447,506],"product_tag":[],"class_list":{"0":"post-208457","1":"product","2":"type-product","3":"status-publish","4":"has-post-thumbnail","6":"product_cat-haine-dama","7":"product_cat-camasi-casual-dama","8":"product_cat-camasi-dama","9":"product_cat-camasi-office-dama","10":"product_cat-noua-colectie","11":"pa_colectie-primavara-vara-2026","12":"pa_culoare-bleu","13":"pa_marime-unica","14":"shop-item","15":"sr-item","17":"first","18":"instock","19":"taxable","20":"shipping-taxable","21":"purchasable","22":"product-type-variable"},"_links":{"self":[{"href":"https:\/\/www.etic.ro\/en\/wp-json\/wp\/v2\/product\/208457","targetHints":{"allow":["GET"]}}],"collection":[{"href":"https:\/\/www.etic.ro\/en\/wp-json\/wp\/v2\/product"}],"about":[{"href":"https:\/\/www.etic.ro\/en\/wp-json\/wp\/v2\/types\/product"}],"replies":[{"embeddable":true,"href":"https:\/\/www.etic.ro\/en\/wp-json\/wp\/v2\/comments?post=208457"}],"wp:featuredmedia":[{"embeddable":true,"href":"https:\/\/www.etic.ro\/en\/wp-json\/wp\/v2\/media\/208461"}],"wp:attachment":[{"href":"https:\/\/www.etic.ro\/en\/wp-json\/wp\/v2\/media?parent=208457"}],"wp:term":[{"taxonomy":"product_brand","embeddable":true,"href":"https:\/\/www.etic.ro\/en\/wp-json\/wp\/v2\/product_brand?post=208457"},{"taxonomy":"product_cat","embeddable":true,"href":"https:\/\/www.etic.ro\/en\/wp-json\/wp\/v2\/product_cat?post=208457"},{"taxonomy":"product_tag","embeddable":true,"href":"https:\/\/www.etic.ro\/en\/wp-json\/wp\/v2\/product_tag?post=208457"}],"curies":[{"name":"wp","href":"https:\/\/api.w.org\/{rel}","templated":true}]}}