{"id":208338,"date":"2025-04-01T09:18:05","date_gmt":"2025-04-01T07:18:05","guid":{"rendered":"https:\/\/www.etic.ro\/?post_type=product&#038;p=208338"},"modified":"2026-04-26T19:05:41","modified_gmt":"2026-04-26T17:05:41","slug":"rochie-cu-nasturi-aplicati-alina-maro-inchis","status":"publish","type":"product","link":"https:\/\/www.etic.ro\/en\/product\/rochie-cu-nasturi-aplicati-alina-maro-inchis\/","title":{"rendered":"Rochie cu nasturi aplicati Alina"},"content":{"rendered":"<div class=\"flex flex-col text-sm pb-25\">\n<section class=\"text-token-text-primary w-full focus:outline-none [--shadow-height:45px] has-data-writing-block:pointer-events-none has-data-writing-block:-mt-(--shadow-height) has-data-writing-block:pt-(--shadow-height) [&amp;:has([data-writing-block])&gt;*]:pointer-events-auto scroll-mt-[calc(var(--header-height)+min(200px,max(70px,20svh)))]\" dir=\"auto\" data-turn-id=\"request-WEB:fedb1199-e7f2-4ffb-8dad-dbaba3ff218d-5\" data-testid=\"conversation-turn-12\" data-scroll-anchor=\"true\" data-turn=\"assistant\">\n<div class=\"text-base my-auto mx-auto pb-10 [--thread-content-margin:var(--thread-content-margin-xs,calc(var(--spacing)*4))] @w-sm\/main:[--thread-content-margin:var(--thread-content-margin-sm,calc(var(--spacing)*6))] @w-lg\/main:[--thread-content-margin:var(--thread-content-margin-lg,calc(var(--spacing)*16))] px-(--thread-content-margin)\">\n<div class=\"[--thread-content-max-width:40rem] @w-lg\/main:[--thread-content-max-width:48rem] mx-auto max-w-(--thread-content-max-width) flex-1 group\/turn-messages focus-visible:outline-hidden relative flex w-full min-w-0 flex-col agent-turn\">\n<div class=\"flex max-w-full flex-col gap-4 grow\">\n<div class=\"min-h-8 text-message relative flex w-full flex-col items-end gap-2 text-start break-words whitespace-normal outline-none keyboard-focused:focus-ring [.text-message+&amp;]:mt-1\" dir=\"auto\" tabindex=\"0\" data-message-author-role=\"assistant\" data-message-id=\"64388587-fe8a-4be9-a6e8-cfc76522a6ed\" data-message-model-slug=\"gpt-5-3\" data-turn-start-message=\"true\">\n<div class=\"flex w-full flex-col gap-1 empty:hidden\">\n<div class=\"markdown prose dark:prose-invert w-full wrap-break-word light markdown-new-styling\">\n<p data-start=\"0\" data-end=\"76\"><strong data-start=\"0\" data-end=\"76\">Rochie cu nasturi aplica\u021bi Alina \u2013 elegan\u021b\u0103 feminin\u0103 cu detalii rafinate<\/strong><\/p>\n<p data-start=\"78\" data-end=\"427\">Rochia cu nasturi aplica\u021bi Alina este alegerea perfect\u0103 pentru femeia care \u00ee\u0219i dore\u0219te o \u021binut\u0103 elegant\u0103, dar \u00een acela\u0219i timp versatil\u0103 \u0219i u\u0219or de purtat. Cu un design atent g\u00e2ndit \u0219i detalii care atrag subtil aten\u021bia, aceast\u0103 rochie reu\u0219e\u0219te s\u0103 \u00eembine armonios stilul clasic cu influen\u021bele moderne, devenind rapid o pies\u0103 esen\u021bial\u0103 \u00een garderoba ta.<\/p>\n<p data-start=\"429\" data-end=\"863\">Unul dintre elementele definitorii ale rochiei cu nasturi aplica\u021bi Alina este reprezentat de nasturii decorativi, care adaug\u0103 un plus de stil \u0219i personalitate. Ace\u0219tia nu sunt doar un detaliu estetic, ci contribuie la crearea unei linii vizuale elegante, alungind silueta \u0219i oferind un efect rafinat. Rochia cu nasturi aplica\u021bi Alina este conceput\u0103 pentru a eviden\u021bia formele feminine \u00eentr-un mod natural, f\u0103r\u0103 a compromite confortul.<\/p>\n<p data-start=\"865\" data-end=\"1254\">Croiala rochiei cu nasturi aplica\u021bi Alina este g\u00e2ndit\u0103 pentru a flata diferite tipuri de siluet\u0103. Linia sa echilibrat\u0103, u\u0219or cambrat\u0103 \u00een talie, ofer\u0103 un efect armonios \u0219i feminin, \u00een timp ce lungimea \u0219i propor\u021biile sunt atent alese pentru a crea un look elegant \u0219i actual. Aceast\u0103 rochie poate fi purtat\u0103 at\u00e2t \u00een contexte casual, c\u00e2t \u0219i \u00een situa\u021bii mai formale, \u00een func\u021bie de accesorizare.<\/p>\n<p data-start=\"1256\" data-end=\"1689\">Materialul din care este realizat\u0103 rochia cu nasturi aplica\u021bi Alina este de calitate superioar\u0103, pl\u0103cut la atingere \u0219i confortabil pe durata \u00eentregii zile. Textura sa permite pielii s\u0103 respire \u0219i ofer\u0103 libertate de mi\u0219care, ceea ce face ca aceast\u0103 rochie s\u0103 fie ideal\u0103 pentru purtare \u00eendelungat\u0103. Fie c\u0103 alegi s\u0103 o por\u021bi la birou sau la o ie\u0219ire \u00een ora\u0219, rochia cu nasturi aplica\u021bi Alina \u00ee\u021bi va oferi confort \u0219i stil \u00een acela\u0219i timp.<\/p>\n<p data-start=\"1691\" data-end=\"2130\">Versatilitatea este unul dintre punctele forte ale rochiei cu nasturi aplica\u021bi Alina. Poate fi integrat\u0103 cu u\u0219urin\u021b\u0103 \u00een diferite tipuri de outfituri, de la cele elegante p\u00e2n\u0103 la cele casual chic. O po\u021bi purta cu sandale sau pantofi cu toc pentru un look sofisticat, sau o po\u021bi combina cu sneakers pentru o apari\u021bie relaxat\u0103 \u0219i modern\u0103. \u00cen zilele mai r\u0103coroase, poate fi completat\u0103 cu un sacou sau o jachet\u0103, f\u0103r\u0103 a pierde din farmecul s\u0103u.<\/p>\n<p data-start=\"2132\" data-end=\"2471\">Culoarea \u0219i designul rochiei cu nasturi aplica\u021bi Alina sunt alese astfel \u00eenc\u00e2t s\u0103 fie u\u0219or de asortat \u0219i de integrat \u00een garderoba ta. Nuan\u021bele elegante \u0219i detaliile bine definite transform\u0103 aceast\u0103 rochie \u00eentr-o pies\u0103 statement, f\u0103r\u0103 a fi prea \u00eenc\u0103rcat\u0103. Este genul de articol vestimentar care atrage privirile prin simplitate \u0219i bun gust.<\/p>\n<p data-start=\"2473\" data-end=\"2813\">Rochia cu nasturi aplica\u021bi Alina este ideal\u0103 pentru femeia modern\u0103, care \u00ee\u0219i dore\u0219te s\u0103 arate bine f\u0103r\u0103 efort. Este o pies\u0103 practic\u0103, dar \u00een acela\u0219i timp stilat\u0103, care poate fi purtat\u0103 \u00een numeroase contexte. Fie c\u0103 o alegi pentru o zi la birou, o \u00eent\u00e2lnire sau un eveniment special, aceast\u0103 rochie \u00ee\u021bi va oferi \u00eencrederea de care ai nevoie.<\/p>\n<p data-start=\"2815\" data-end=\"3059\">Un alt avantaj important al rochiei cu nasturi aplica\u021bi Alina este u\u0219urin\u021ba \u00een \u00eentre\u021binere. Materialele de calitate \u0219i finisajele atent realizate asigur\u0103 rezisten\u021b\u0103 \u00een timp, p\u0103str\u00e2nd aspectul impecabil al rochiei chiar \u0219i dup\u0103 multiple purt\u0103ri.<\/p>\n<p data-start=\"3061\" data-end=\"3330\" data-is-last-node=\"\" data-is-only-node=\"\">Alege rochia cu nasturi aplica\u021bi Alina dac\u0103 \u00ee\u021bi dore\u0219ti o pies\u0103 versatil\u0103, feminin\u0103 \u0219i elegant\u0103. Este mai mult dec\u00e2t o rochie \u2013 este o expresie a stilului t\u0103u, o alegere inspirat\u0103 care \u00ee\u021bi va completa garderoba \u0219i \u00ee\u021bi va transforma fiecare apari\u021bie \u00eentr-una memorabil\u0103.<\/p>\n<\/div>\n<\/div>\n<\/div>\n<\/div>\n<div class=\"z-0 flex min-h-[46px] justify-start\">\n<div class=\"flex flex-col text-sm pb-25\">\n<section class=\"text-token-text-primary w-full focus:outline-none [--shadow-height:45px] has-data-writing-block:pointer-events-none has-data-writing-block:-mt-(--shadow-height) has-data-writing-block:pt-(--shadow-height) [&amp;:has([data-writing-block])&gt;*]:pointer-events-auto scroll-mt-(--header-height)\" dir=\"auto\" data-turn-id=\"3bba6f48-b2c9-406a-8a02-c0c618b4c8f7\" data-testid=\"conversation-turn-13\" data-scroll-anchor=\"false\" data-turn=\"user\"><\/section>\n<section class=\"text-token-text-primary w-full focus:outline-none [--shadow-height:45px] has-data-writing-block:pointer-events-none has-data-writing-block:-mt-(--shadow-height) has-data-writing-block:pt-(--shadow-height) [&amp;:has([data-writing-block])&gt;*]:pointer-events-auto scroll-mt-[calc(var(--header-height)+min(200px,max(70px,20svh)))]\" dir=\"auto\" data-turn-id=\"request-WEB:fedb1199-e7f2-4ffb-8dad-dbaba3ff218d-6\" data-testid=\"conversation-turn-14\" data-scroll-anchor=\"true\" data-turn=\"assistant\">\n<div class=\"text-base my-auto mx-auto pb-10 [--thread-content-margin:var(--thread-content-margin-xs,calc(var(--spacing)*4))] @w-sm\/main:[--thread-content-margin:var(--thread-content-margin-sm,calc(var(--spacing)*6))] @w-lg\/main:[--thread-content-margin:var(--thread-content-margin-lg,calc(var(--spacing)*16))] px-(--thread-content-margin)\">\n<div class=\"[--thread-content-max-width:40rem] @w-lg\/main:[--thread-content-max-width:48rem] mx-auto max-w-(--thread-content-max-width) flex-1 group\/turn-messages focus-visible:outline-hidden relative flex w-full min-w-0 flex-col agent-turn\">\n<div class=\"flex max-w-full flex-col gap-4 grow\">\n<div class=\"min-h-8 text-message relative flex w-full flex-col items-end gap-2 text-start break-words whitespace-normal outline-none keyboard-focused:focus-ring [.text-message+&amp;]:mt-1\" dir=\"auto\" tabindex=\"0\" data-message-author-role=\"assistant\" data-message-id=\"5e84661b-51c5-48df-95bd-9309767aff85\" data-message-model-slug=\"gpt-5-3\" data-turn-start-message=\"true\">\n<div class=\"flex w-full flex-col gap-1 empty:hidden\">\n<div class=\"markdown prose dark:prose-invert w-full wrap-break-word light markdown-new-styling\">\n<p data-start=\"0\" data-end=\"457\">Pentru un plus de impact stilistic, rochia cu nasturi aplica\u021bi Alina poate fi accesorizat\u0103 \u00een func\u021bie de ocazie, oferindu-\u021bi libertatea de a crea \u021binute diferite cu aceea\u0219i pies\u0103 vestimentar\u0103. Adaug\u0103 o curea \u00een talie pentru a eviden\u021bia \u0219i mai bine silueta sau opteaz\u0103 pentru bijuterii fine pentru un look elegant \u0219i delicat. Dac\u0103 \u00ee\u021bi dore\u0219ti un outfit mai \u00eendr\u0103zne\u021b, po\u021bi combina rochia cu accesorii statement, care s\u0103 completeze armonios \u00eentregul ansamblu.<\/p>\n<p data-start=\"459\" data-end=\"804\">Rochia cu nasturi aplica\u021bi Alina este, de asemenea, o alegere inspirat\u0103 pentru tranzi\u021bia dintre sezoane. Poate fi purtat\u0103 prim\u0103vara \u0219i vara ca pies\u0103 principal\u0103, dar \u0219i toamna, \u00een combina\u021bie cu un trench sau un cardigan lejer. Aceast\u0103 adaptabilitate o transform\u0103 \u00eentr-o investi\u021bie inteligent\u0103, potrivit\u0103 pentru o garderob\u0103 func\u021bional\u0103 \u0219i modern\u0103.<\/p>\n<p data-start=\"806\" data-end=\"1247\" data-is-last-node=\"\" data-is-only-node=\"\">Fiecare detaliu al rochiei cu nasturi aplica\u021bi Alina este g\u00e2ndit pentru a oferi un echilibru \u00eentre estetic \u0219i practic. De la croiala care pune \u00een valoare silueta, p\u00e2n\u0103 la finisajele de calitate, aceast\u0103 rochie reflect\u0103 aten\u021bia la detalii \u0219i dorin\u021ba de a oferi un produs care s\u0103 r\u0103spund\u0103 nevoilor femeii contemporane. Alege rochia cu nasturi aplica\u021bi Alina \u0219i bucur\u0103-te de un stil feminin, elegant \u0219i u\u0219or de adaptat \u00een orice moment al zilei.<\/p>\n<\/div>\n<\/div>\n<\/div>\n<\/div>\n<div class=\"z-0 flex min-h-[46px] justify-start\"><\/div>\n<div class=\"mt-3 w-full empty:hidden\">\n<div class=\"text-center\"><\/div>\n<\/div>\n<\/div>\n<\/div>\n<\/section>\n<\/div>\n<div class=\"pointer-events-none h-px w-px absolute bottom-0\" aria-hidden=\"true\" data-edge=\"true\"><\/div>\n<\/div>\n<div class=\"mt-3 w-full empty:hidden\">\n<div class=\"text-center\"><\/div>\n<\/div>\n<\/div>\n<\/div>\n<\/section>\n<\/div>\n<div class=\"pointer-events-none h-px w-px absolute bottom-0\" aria-hidden=\"true\" data-edge=\"true\"><\/div>\n","protected":false},"excerpt":{"rendered":"<p>&nbsp;<\/p>\n<ul>\n<li>Compozitie: 100% poliester; captuseala-100%poliester<\/li>\n<li>Modelul poarta marimea 36<\/li>\n<\/ul>\n<p>&nbsp;<\/p>","protected":false},"featured_media":208346,"comment_status":"open","ping_status":"closed","template":"","meta":[],"product_brand":[],"product_cat":[436,506,437,520,442,18,438,523,440],"product_tag":[],"class_list":{"0":"post-208338","1":"product","2":"type-product","3":"status-publish","4":"has-post-thumbnail","6":"product_cat-haine-dama","7":"product_cat-noua-colectie","8":"product_cat-rochii-dama","9":"product_cat-de-primavara","10":"product_cat-rochii-de-vara","11":"product_cat-de-zi","12":"product_cat-elegante","13":"product_cat-midi","14":"product_cat-office","15":"pa_colectie-primavara-vara-2026","16":"pa_culoare-maro-inchis","17":"pa_marime-21","18":"pa_marime-22","19":"pa_marime-23","20":"pa_marime-25","21":"pa_marime-24","22":"pa_marime-26","23":"shop-item","24":"sr-item","26":"first","27":"instock","28":"taxable","29":"shipping-taxable","30":"purchasable","31":"product-type-variable"},"_links":{"self":[{"href":"https:\/\/www.etic.ro\/en\/wp-json\/wp\/v2\/product\/208338","targetHints":{"allow":["GET"]}}],"collection":[{"href":"https:\/\/www.etic.ro\/en\/wp-json\/wp\/v2\/product"}],"about":[{"href":"https:\/\/www.etic.ro\/en\/wp-json\/wp\/v2\/types\/product"}],"replies":[{"embeddable":true,"href":"https:\/\/www.etic.ro\/en\/wp-json\/wp\/v2\/comments?post=208338"}],"wp:featuredmedia":[{"embeddable":true,"href":"https:\/\/www.etic.ro\/en\/wp-json\/wp\/v2\/media\/208346"}],"wp:attachment":[{"href":"https:\/\/www.etic.ro\/en\/wp-json\/wp\/v2\/media?parent=208338"}],"wp:term":[{"taxonomy":"product_brand","embeddable":true,"href":"https:\/\/www.etic.ro\/en\/wp-json\/wp\/v2\/product_brand?post=208338"},{"taxonomy":"product_cat","embeddable":true,"href":"https:\/\/www.etic.ro\/en\/wp-json\/wp\/v2\/product_cat?post=208338"},{"taxonomy":"product_tag","embeddable":true,"href":"https:\/\/www.etic.ro\/en\/wp-json\/wp\/v2\/product_tag?post=208338"}],"curies":[{"name":"wp","href":"https:\/\/api.w.org\/{rel}","templated":true}]}}