{"id":208306,"date":"2025-11-24T12:58:09","date_gmt":"2025-11-24T10:58:09","guid":{"rendered":"https:\/\/www.etic.ro\/?post_type=product&#038;p=208306"},"modified":"2026-04-04T06:22:22","modified_gmt":"2026-04-04T04:22:22","slug":"sacou-casual-teo-alb","status":"publish","type":"product","link":"https:\/\/www.etic.ro\/en\/product\/sacou-casual-teo-alb\/","title":{"rendered":"Sacou casual Teo"},"content":{"rendered":"<div class=\"flex flex-col text-sm pb-25\">\n<section class=\"text-token-text-primary w-full focus:outline-none [--shadow-height:45px] has-data-writing-block:pointer-events-none has-data-writing-block:-mt-(--shadow-height) has-data-writing-block:pt-(--shadow-height) [&amp;:has([data-writing-block])&gt;*]:pointer-events-auto scroll-mt-[calc(var(--header-height)+min(200px,max(70px,20svh)))]\" dir=\"auto\" data-turn-id=\"request-WEB:fedb1199-e7f2-4ffb-8dad-dbaba3ff218d-3\" data-testid=\"conversation-turn-8\" data-scroll-anchor=\"true\" data-turn=\"assistant\">\n<div class=\"text-base my-auto mx-auto pb-10 [--thread-content-margin:var(--thread-content-margin-xs,calc(var(--spacing)*4))] @w-sm\/main:[--thread-content-margin:var(--thread-content-margin-sm,calc(var(--spacing)*6))] @w-lg\/main:[--thread-content-margin:var(--thread-content-margin-lg,calc(var(--spacing)*16))] px-(--thread-content-margin)\">\n<div class=\"[--thread-content-max-width:40rem] @w-lg\/main:[--thread-content-max-width:48rem] mx-auto max-w-(--thread-content-max-width) flex-1 group\/turn-messages focus-visible:outline-hidden relative flex w-full min-w-0 flex-col agent-turn\">\n<div class=\"flex max-w-full flex-col gap-4 grow\">\n<div class=\"min-h-8 text-message relative flex w-full flex-col items-end gap-2 text-start break-words whitespace-normal outline-none keyboard-focused:focus-ring [.text-message+&amp;]:mt-1\" dir=\"auto\" tabindex=\"0\" data-message-author-role=\"assistant\" data-message-id=\"c46103b6-54a0-41c1-a5b1-2f8a28cad065\" data-message-model-slug=\"gpt-5-3\" data-turn-start-message=\"true\">\n<div class=\"flex w-full flex-col gap-1 empty:hidden\">\n<div class=\"markdown prose dark:prose-invert w-full wrap-break-word light markdown-new-styling\">\n<p data-start=\"0\" data-end=\"80\"><strong data-start=\"0\" data-end=\"80\">Sacou casual Teo \u2013 echilibrul perfect \u00eentre stil relaxat \u0219i elegan\u021b\u0103 modern\u0103<\/strong><\/p>\n<p data-start=\"82\" data-end=\"514\">Sacoul casual Teo este alegerea ideal\u0103 pentru femeia care \u00ee\u0219i dore\u0219te un look actual, versatil \u0219i u\u0219or de adaptat \u00een orice moment al zilei. Creat pentru a \u00eembina confortul unui stil relaxat cu rafinamentul unei piese clasice, acest sacou reu\u0219e\u0219te s\u0103 transforme orice \u021binut\u0103 \u00eentr-una modern\u0103 \u0219i bine definit\u0103. Fie c\u0103 \u00eel por\u021bi la birou, \u00een ora\u0219 sau la o \u00eent\u00e2lnire casual, sacoul casual Teo devine rapid piesa de baz\u0103 din garderoba ta.<\/p>\n<p data-start=\"516\" data-end=\"900\">Designul sacoului casual Teo este caracterizat prin linii curate \u0219i o croial\u0103 lejer\u0103, care ofer\u0103 libertate de mi\u0219care \u0219i un aer effortless chic. Acesta este g\u00e2ndit pentru a se potrivi perfect pe corp, f\u0103r\u0103 a fi rigid sau incomod, ceea ce \u00eel face ideal pentru purtare \u00eendelungat\u0103. Croiala u\u0219or cambrat\u0103 eviden\u021biaz\u0103 subtil silueta, p\u0103str\u00e2nd \u00een acela\u0219i timp un aspect relaxat \u0219i natural.<\/p>\n<p data-start=\"902\" data-end=\"1359\">Un element definitoriu al sacoului casual Teo este versatilitatea sa. Poate fi integrat cu u\u0219urin\u021b\u0103 \u00eentr-o varietate de outfituri, de la cele casual p\u00e2n\u0103 la cele smart-casual. \u00cel po\u021bi purta peste un tricou simplu \u0219i o pereche de jeans pentru un look urban, sau \u00eel po\u021bi combina cu pantaloni elegan\u021bi pentru o \u021binut\u0103 mai sofisticat\u0103. De asemenea, sacoul casual Teo se potrive\u0219te perfect \u0219i peste rochii vaporoase, ad\u0103ug\u00e2nd structur\u0103 \u0219i stil \u00eentregului outfit.<\/p>\n<p data-start=\"1361\" data-end=\"1693\">Materialul din care este realizat sacoul casual Teo este ales cu grij\u0103 pentru a oferi confort \u0219i durabilitate. Textura sa pl\u0103cut\u0103 la atingere \u0219i rezisten\u021ba \u00een timp \u00eel transform\u0103 \u00eentr-o pies\u0103 practic\u0103, potrivit\u0103 pentru utilizare frecvent\u0103. \u00cen plus, materialul permite pielii s\u0103 respire, ceea ce \u00eel face ideal pentru diferite sezoane.<\/p>\n<p data-start=\"1695\" data-end=\"2045\">Culoarea sacoului casual Teo, \u00een nuan\u021be delicate \u0219i feminine, adaug\u0103 un plus de prospe\u021bime oric\u0103rei \u021binute. Tonurile pastel sunt u\u0219or de integrat \u00een garderob\u0103 \u0219i pot fi combinate at\u00e2t cu culori neutre, c\u00e2t \u0219i cu imprimeuri florale sau piese statement. Astfel, sacoul casual Teo devine un element cheie \u00een crearea unor outfituri armonioase \u0219i stilate.<\/p>\n<p data-start=\"2047\" data-end=\"2368\">Un alt avantaj al sacoului casual Teo este faptul c\u0103 poate fi purtat \u00een multiple moduri. \u00cel po\u021bi l\u0103sa deschis pentru un look relaxat \u0219i modern sau \u00eel po\u021bi \u00eenchide pentru un efect mai structurat \u0219i elegant. Indiferent de alegere, aceast\u0103 pies\u0103 \u00ee\u0219i p\u0103streaz\u0103 elegan\u021ba \u0219i contribuie la conturarea unei imagini bine definite.<\/p>\n<p data-start=\"2370\" data-end=\"2682\">Sacoul casual Teo este potrivit pentru orice moment al zilei. Diminea\u021ba, \u00eel po\u021bi purta la birou pentru un look profesional, iar seara \u00eel po\u021bi transforma \u00eentr-o pies\u0103 de impact pentru o ie\u0219ire \u00een ora\u0219. Este genul de articol vestimentar care te ajut\u0103 s\u0103 treci u\u0219or de la o \u021binut\u0103 de zi la una de sear\u0103, f\u0103r\u0103 efort.<\/p>\n<p data-start=\"2684\" data-end=\"2934\">\u00cen plus, \u00eentre\u021binerea sacoului casual Teo este simpl\u0103, ceea ce \u00eel face ideal pentru un stil de via\u021b\u0103 activ. Calitatea materialelor \u0219i aten\u021bia la detalii asigur\u0103 o rezisten\u021b\u0103 \u00eendelungat\u0103, p\u0103str\u00e2ndu-\u0219i aspectul impecabil chiar \u0219i dup\u0103 multiple purt\u0103ri.<\/p>\n<p data-start=\"2936\" data-end=\"3220\" data-is-last-node=\"\" data-is-only-node=\"\">Alege sacoul casual Teo dac\u0103 \u00ee\u021bi dore\u0219ti o pies\u0103 versatil\u0103, modern\u0103 \u0219i u\u0219or de stilizat. Este mai mult dec\u00e2t un simplu sacou \u2013 este o expresie a stilului personal, o combina\u021bie perfect\u0103 \u00eentre confort \u0219i elegan\u021b\u0103, care te va ajuta s\u0103 te sim\u021bi \u00eencrez\u0103toare \u0219i stilat\u0103 \u00een orice situa\u021bie.<\/p>\n<\/div>\n<\/div>\n<\/div>\n<\/div>\n<div class=\"z-0 flex min-h-[46px] justify-start\">\n<div class=\"flex flex-col text-sm pb-25\">\n<section class=\"text-token-text-primary w-full focus:outline-none [--shadow-height:45px] has-data-writing-block:pointer-events-none has-data-writing-block:-mt-(--shadow-height) has-data-writing-block:pt-(--shadow-height) [&amp;:has([data-writing-block])&gt;*]:pointer-events-auto scroll-mt-[calc(var(--header-height)+min(200px,max(70px,20svh)))]\" dir=\"auto\" data-turn-id=\"request-WEB:fedb1199-e7f2-4ffb-8dad-dbaba3ff218d-4\" data-testid=\"conversation-turn-10\" data-scroll-anchor=\"true\" data-turn=\"assistant\">\n<div class=\"text-base my-auto mx-auto pb-10 [--thread-content-margin:var(--thread-content-margin-xs,calc(var(--spacing)*4))] @w-sm\/main:[--thread-content-margin:var(--thread-content-margin-sm,calc(var(--spacing)*6))] @w-lg\/main:[--thread-content-margin:var(--thread-content-margin-lg,calc(var(--spacing)*16))] px-(--thread-content-margin)\">\n<div class=\"[--thread-content-max-width:40rem] @w-lg\/main:[--thread-content-max-width:48rem] mx-auto max-w-(--thread-content-max-width) flex-1 group\/turn-messages focus-visible:outline-hidden relative flex w-full min-w-0 flex-col agent-turn\">\n<div class=\"flex max-w-full flex-col gap-4 grow\">\n<div class=\"min-h-8 text-message relative flex w-full flex-col items-end gap-2 text-start break-words whitespace-normal outline-none keyboard-focused:focus-ring [.text-message+&amp;]:mt-1\" dir=\"auto\" tabindex=\"0\" data-message-author-role=\"assistant\" data-message-id=\"c616e00e-fac0-461c-b56d-2c117dd511ce\" data-message-model-slug=\"gpt-5-3\" data-turn-start-message=\"true\">\n<div class=\"flex w-full flex-col gap-1 empty:hidden\">\n<div class=\"markdown prose dark:prose-invert w-full wrap-break-word light markdown-new-styling\">\n<p data-start=\"0\" data-end=\"498\">Pentru a completa descrierea \u0219i a \u00eembun\u0103t\u0103\u021bi performan\u021ba SEO, sacoul casual Teo se eviden\u021biaz\u0103 \u0219i prin capacitatea sa de a se adapta tendin\u021belor actuale din fashion, f\u0103r\u0103 a-\u0219i pierde caracterul atemporal. Este genul de pies\u0103 care nu se demodeaz\u0103, fiind u\u0219or de reinventat de la sezon la sezon prin simple schimb\u0103ri de styling. Fie c\u0103 alegi s\u0103 \u00eel por\u021bi cu accesorii minimaliste sau s\u0103 \u00eel integrezi \u00eentr-un outfit mai \u00eendr\u0103zne\u021b, sacoul casual Teo \u00ee\u021bi ofer\u0103 libertatea de a-\u021bi exprima stilul personal.<\/p>\n<p data-start=\"500\" data-end=\"899\">\u00cen plus, sacoul casual Teo este ideal pentru layering, fiind suficient de lejer pentru a fi purtat peste diferite tipuri de piese vestimentare, dar \u0219i suficient de structurat pentru a oferi un aspect \u00eengrijit. \u00cel po\u021bi combina cu topuri basic, c\u0103m\u0103\u0219i elegante sau chiar hanorace pentru un contrast modern \u00eentre stiluri. Aceast\u0103 flexibilitate \u00eel transform\u0103 \u00eentr-o alegere excelent\u0103 pentru orice sezon.<\/p>\n<p data-start=\"901\" data-end=\"1247\">Detaliile discrete, precum finisajele atent realizate \u0219i linia curat\u0103 a croielii, subliniaz\u0103 calitatea produsului \u0219i aten\u021bia la design. Sacoul casual Teo este conceput pentru femeia modern\u0103, activ\u0103, care apreciaz\u0103 at\u00e2t confortul, c\u00e2t \u0219i estetica. Este o pies\u0103 care completeaz\u0103 garderoba inteligent, oferind multiple op\u021biuni de styling f\u0103r\u0103 efort.<\/p>\n<p data-start=\"1249\" data-end=\"1486\" data-is-last-node=\"\" data-is-only-node=\"\">Indiferent dac\u0103 \u00ee\u021bi dore\u0219ti un look relaxat de zi sau o \u021binut\u0103 smart casual de impact, sacoul casual Teo este alegerea potrivit\u0103. Investe\u0219te \u00eentr-o pies\u0103 versatil\u0103 \u0219i elegant\u0103, care \u00ee\u021bi va transforma fiecare apari\u021bie \u00eentr-una memorabil\u0103.<\/p>\n<\/div>\n<\/div>\n<\/div>\n<\/div>\n<div class=\"z-0 flex min-h-[46px] justify-start\"><\/div>\n<div class=\"mt-3 w-full empty:hidden\">\n<div class=\"text-center\"><\/div>\n<\/div>\n<\/div>\n<\/div>\n<\/section>\n<\/div>\n<div class=\"pointer-events-none h-px w-px absolute bottom-0\" aria-hidden=\"true\" data-edge=\"true\"><\/div>\n<\/div>\n<div class=\"mt-3 w-full empty:hidden\">\n<div class=\"text-center\"><\/div>\n<\/div>\n<\/div>\n<\/div>\n<\/section>\n<\/div>\n<div class=\"pointer-events-none h-px w-px absolute bottom-0\" aria-hidden=\"true\" data-edge=\"true\"><\/div>\n","protected":false},"excerpt":{"rendered":"<p>Un sacou lejer, ce poate fi purtat cu tinute office sau casual.<\/p>\n<ul>\n<li>Sacou croiala lejera<\/li>\n<li>Guler cu revere<\/li>\n<li>Inchidere la doi nasturi<\/li>\n<li>Buzunare frontale ascunse<\/li>\n<li>Compozitie: 90% rayon, 10% poliester<\/li>\n<li>Modelul poarta marimea 36<\/li>\n<\/ul>\n<p><em>Sfatul Etic: alege sa porti sacoul Teo cu pantalonii din aceeasi gama, pentru o tinuta casual perfecta pentru o iesire in oras.<\/em><\/p>","protected":false},"featured_media":208313,"comment_status":"open","ping_status":"closed","template":"","meta":[],"product_brand":[],"product_cat":[436,506,30],"product_tag":[],"class_list":{"0":"post-208306","1":"product","2":"type-product","3":"status-publish","4":"has-post-thumbnail","6":"product_cat-haine-dama","7":"product_cat-noua-colectie","8":"product_cat-sacouri-dama","9":"pa_colectie-primavara-vara-2026","10":"pa_culoare-alb","11":"pa_marime-22","12":"pa_marime-23","13":"pa_marime-25","14":"shop-item","15":"sr-item","17":"first","18":"instock","19":"taxable","20":"shipping-taxable","21":"purchasable","22":"product-type-variable"},"_links":{"self":[{"href":"https:\/\/www.etic.ro\/en\/wp-json\/wp\/v2\/product\/208306","targetHints":{"allow":["GET"]}}],"collection":[{"href":"https:\/\/www.etic.ro\/en\/wp-json\/wp\/v2\/product"}],"about":[{"href":"https:\/\/www.etic.ro\/en\/wp-json\/wp\/v2\/types\/product"}],"replies":[{"embeddable":true,"href":"https:\/\/www.etic.ro\/en\/wp-json\/wp\/v2\/comments?post=208306"}],"wp:featuredmedia":[{"embeddable":true,"href":"https:\/\/www.etic.ro\/en\/wp-json\/wp\/v2\/media\/208313"}],"wp:attachment":[{"href":"https:\/\/www.etic.ro\/en\/wp-json\/wp\/v2\/media?parent=208306"}],"wp:term":[{"taxonomy":"product_brand","embeddable":true,"href":"https:\/\/www.etic.ro\/en\/wp-json\/wp\/v2\/product_brand?post=208306"},{"taxonomy":"product_cat","embeddable":true,"href":"https:\/\/www.etic.ro\/en\/wp-json\/wp\/v2\/product_cat?post=208306"},{"taxonomy":"product_tag","embeddable":true,"href":"https:\/\/www.etic.ro\/en\/wp-json\/wp\/v2\/product_tag?post=208306"}],"curies":[{"name":"wp","href":"https:\/\/api.w.org\/{rel}","templated":true}]}}