{"id":208207,"date":"2026-02-23T14:15:32","date_gmt":"2026-02-23T12:15:32","guid":{"rendered":"https:\/\/www.etic.ro\/?post_type=product&#038;p=208207"},"modified":"2026-04-04T06:21:29","modified_gmt":"2026-04-04T04:21:29","slug":"tricou-cu-model-libelula-denisa-alb","status":"publish","type":"product","link":"https:\/\/www.etic.ro\/en\/product\/tricou-cu-model-libelula-denisa-alb\/","title":{"rendered":"Tricou cu model libelula Denisa"},"content":{"rendered":"<div class=\"flex flex-col text-sm pb-25\">\n<section class=\"text-token-text-primary w-full focus:outline-none [--shadow-height:45px] has-data-writing-block:pointer-events-none has-data-writing-block:-mt-(--shadow-height) has-data-writing-block:pt-(--shadow-height) [&amp;:has([data-writing-block])&gt;*]:pointer-events-auto scroll-mt-[calc(var(--header-height)+min(200px,max(70px,20svh)))]\" dir=\"auto\" data-turn-id=\"request-69ba512e-2d14-838b-943f-7fe37da1ce73-1\" data-testid=\"conversation-turn-14\" data-scroll-anchor=\"true\" data-turn=\"assistant\">\n<div class=\"text-base my-auto mx-auto pb-10 [--thread-content-margin:var(--thread-content-margin-xs,calc(var(--spacing)*4))] @w-sm\/main:[--thread-content-margin:var(--thread-content-margin-sm,calc(var(--spacing)*6))] @w-lg\/main:[--thread-content-margin:var(--thread-content-margin-lg,calc(var(--spacing)*16))] px-(--thread-content-margin)\">\n<div class=\"[--thread-content-max-width:40rem] @w-lg\/main:[--thread-content-max-width:48rem] mx-auto max-w-(--thread-content-max-width) flex-1 group\/turn-messages focus-visible:outline-hidden relative flex w-full min-w-0 flex-col agent-turn\">\n<div class=\"flex max-w-full flex-col gap-4 grow\">\n<div class=\"min-h-8 text-message relative flex w-full flex-col items-end gap-2 text-start break-words whitespace-normal outline-none keyboard-focused:focus-ring [.text-message+&amp;]:mt-1\" dir=\"auto\" tabindex=\"0\" data-message-author-role=\"assistant\" data-message-id=\"6d9f8ef3-de23-4557-a638-2a1c1449ce4e\" data-message-model-slug=\"gpt-5-3\" data-turn-start-message=\"true\">\n<div class=\"flex w-full flex-col gap-1 empty:hidden\">\n<div class=\"markdown prose dark:prose-invert w-full wrap-break-word light markdown-new-styling\">\n<div class=\"flex flex-col text-sm pb-25\">\n<section class=\"text-token-text-primary w-full focus:outline-none [--shadow-height:45px] has-data-writing-block:pointer-events-none has-data-writing-block:-mt-(--shadow-height) has-data-writing-block:pt-(--shadow-height) [&amp;:has([data-writing-block])&gt;*]:pointer-events-auto scroll-mt-[calc(var(--header-height)+min(200px,max(70px,20svh)))]\" dir=\"auto\" data-turn-id=\"request-WEB:da12e47c-ab35-4c70-8cc3-bf3ddfafa9b3-7\" data-testid=\"conversation-turn-10\" data-scroll-anchor=\"true\" data-turn=\"assistant\">\n<div class=\"text-base my-auto mx-auto pb-10 [--thread-content-margin:var(--thread-content-margin-xs,calc(var(--spacing)*4))] @w-sm\/main:[--thread-content-margin:var(--thread-content-margin-sm,calc(var(--spacing)*6))] @w-lg\/main:[--thread-content-margin:var(--thread-content-margin-lg,calc(var(--spacing)*16))] px-(--thread-content-margin)\">\n<div class=\"[--thread-content-max-width:40rem] @w-lg\/main:[--thread-content-max-width:48rem] mx-auto max-w-(--thread-content-max-width) flex-1 group\/turn-messages focus-visible:outline-hidden relative flex w-full min-w-0 flex-col agent-turn\">\n<div class=\"flex max-w-full flex-col gap-4 grow\">\n<div class=\"min-h-8 text-message relative flex w-full flex-col items-end gap-2 text-start break-words whitespace-normal outline-none keyboard-focused:focus-ring [.text-message+&amp;]:mt-1\" dir=\"auto\" tabindex=\"0\" data-message-author-role=\"assistant\" data-message-id=\"5b8700ea-7070-4550-a1dd-817976e19036\" data-message-model-slug=\"gpt-5-3\" data-turn-start-message=\"true\">\n<div class=\"flex w-full flex-col gap-1 empty:hidden\">\n<div class=\"markdown prose dark:prose-invert w-full wrap-break-word light markdown-new-styling\"><strong data-start=\"0\" data-end=\"92\">Tricou cu model libelul\u0103 Denisa \u2013 detaliu artistic \u0219i stil modern \u00eentr-o pies\u0103 versatil\u0103<\/strong><\/div>\n<\/div>\n<\/div>\n<\/div>\n<div class=\"mt-3 w-full empty:hidden\">\n<div class=\"text-center\">\n<div class=\"flex flex-col text-sm pb-25\">\n<section class=\"text-token-text-primary w-full focus:outline-none [--shadow-height:45px] has-data-writing-block:pointer-events-none has-data-writing-block:-mt-(--shadow-height) has-data-writing-block:pt-(--shadow-height) [&amp;:has([data-writing-block])&gt;*]:pointer-events-auto scroll-mt-[calc(var(--header-height)+min(200px,max(70px,20svh)))]\" dir=\"auto\" data-turn-id=\"request-WEB:da12e47c-ab35-4c70-8cc3-bf3ddfafa9b3-9\" data-testid=\"conversation-turn-14\" data-scroll-anchor=\"true\" data-turn=\"assistant\">\n<div class=\"text-base my-auto mx-auto pb-10 [--thread-content-margin:var(--thread-content-margin-xs,calc(var(--spacing)*4))] @w-sm\/main:[--thread-content-margin:var(--thread-content-margin-sm,calc(var(--spacing)*6))] @w-lg\/main:[--thread-content-margin:var(--thread-content-margin-lg,calc(var(--spacing)*16))] px-(--thread-content-margin)\">\n<div class=\"[--thread-content-max-width:40rem] @w-lg\/main:[--thread-content-max-width:48rem] mx-auto max-w-(--thread-content-max-width) flex-1 group\/turn-messages focus-visible:outline-hidden relative flex w-full min-w-0 flex-col agent-turn\">\n<div class=\"flex max-w-full flex-col gap-4 grow\">\n<div class=\"min-h-8 text-message relative flex w-full flex-col items-end gap-2 text-start break-words whitespace-normal outline-none keyboard-focused:focus-ring [.text-message+&amp;]:mt-1\" dir=\"auto\" tabindex=\"0\" data-message-author-role=\"assistant\" data-message-id=\"5271e0e4-93f4-412e-83af-af175310ef91\" data-message-model-slug=\"gpt-5-3\" data-turn-start-message=\"true\">\n<div class=\"flex w-full flex-col gap-1 empty:hidden\">\n<div class=\"markdown prose dark:prose-invert w-full wrap-break-word light markdown-new-styling\">\n<p data-start=\"94\" data-end=\"542\">Tricoul cu model libelul\u0103 Denisa este alegerea perfect\u0103 pentru femeile care \u00ee\u0219i doresc o pies\u0103 vestimentar\u0103 diferit\u0103, cu personalitate \u0219i un aer artistic aparte. \u00cembin\u00e2nd simplitatea unui tricou clasic cu un element vizual delicat \u0219i expresiv, acest model aduce un plus de originalitate oric\u0103rei \u021binute. Libelula, simbol al transform\u0103rii \u0219i al elegan\u021bei naturale, devine punctul central al designului, oferind tricoului un caracter unic \u0219i rafinat.<\/p>\n<p data-start=\"544\" data-end=\"980\">Realizat dintr-un material confortabil \u0219i pl\u0103cut la atingere, tricoul Denisa este ideal pentru purtarea zilnic\u0103. Textura sa u\u0219oar\u0103 permite pielii s\u0103 respire, oferind confort chiar \u0219i \u00een zilele c\u0103lduroase. Croiala lejer\u0103 \u00eel face potrivit pentru orice tip de siluet\u0103, asigur\u00e2nd libertate de mi\u0219care \u0219i un look relaxat, dar \u00eengrijit. Este o pies\u0103 care se a\u0219az\u0103 frumos pe corp, f\u0103r\u0103 a incomoda, fiind perfect\u0103 pentru un stil de via\u021b\u0103 activ.<\/p>\n<p data-start=\"982\" data-end=\"1352\">Designul cu model libelul\u0103 este elementul care transform\u0103 acest tricou \u00eentr-o pies\u0103 statement. Fie c\u0103 este realizat prin imprimeu sau aplica\u021bie, detaliul adaug\u0103 un plus de fine\u021be \u0219i stil, f\u0103r\u0103 a \u00eenc\u0103rca vizual \u021binuta. Libelula aduce un aer fresh, u\u0219or boem \u0219i elegant \u00een acela\u0219i timp, fiind alegerea ideal\u0103 pentru femeile care apreciaz\u0103 detaliile subtile, dar de impact.<\/p>\n<p data-start=\"1354\" data-end=\"1762\">Tricoul cu model libelul\u0103 Denisa este extrem de versatil \u0219i poate fi integrat cu u\u0219urin\u021b\u0103 \u00een diverse stiluri vestimentare. Poate fi purtat cu jean\u0219i pentru un look casual, cu pantaloni elegan\u021bi pentru o \u021binut\u0103 smart-casual sau cu fuste vaporoase pentru un outfit feminin \u0219i romantic. Datorit\u0103 designului s\u0103u echilibrat, acest tricou poate fi purtat at\u00e2t \u00een \u021binute de zi, c\u00e2t \u0219i \u00een combina\u021bii mai sofisticate.<\/p>\n<p data-start=\"1764\" data-end=\"2102\">Culoarea \u0219i designul s\u0103u \u00eel fac u\u0219or de asortat, oferindu-\u021bi libertatea de a crea multiple combina\u021bii vestimentare. Po\u021bi opta pentru tonuri neutre pentru un look minimalist sau pentru culori mai \u00eendr\u0103zne\u021be care s\u0103 scoat\u0103 \u00een eviden\u021b\u0103 modelul libelulei. Este o pies\u0103 versatil\u0103 care \u00ee\u021bi permite s\u0103 \u00ee\u021bi exprimi stilul personal \u00een mod creativ.<\/p>\n<p data-start=\"2104\" data-end=\"2391\">Un alt avantaj al acestui tricou este faptul c\u0103 poate fi purtat \u00een diferite contexte, de la plimb\u0103ri relaxante \u0219i \u00eent\u00e2lniri cu prietenii p\u00e2n\u0103 la zile la birou \u00eentr-un mediu casual. Este o pies\u0103 practic\u0103, dar \u00een acela\u0219i timp stilat\u0103, care adaug\u0103 un plus de elegan\u021b\u0103 \u021binutelor de zi cu zi.<\/p>\n<p data-start=\"2393\" data-end=\"2662\">Croiala sa permite purtarea at\u00e2t \u00een stil lejer, c\u00e2t \u0219i \u00eentr-un mod mai structurat. Po\u021bi alege s\u0103 \u00eel por\u021bi peste pantaloni pentru un look relaxat sau s\u0103 \u00eel introduci \u00een talie pentru a eviden\u021bia silueta. Indiferent de alegere, tricoul Denisa va ar\u0103ta impecabil \u0219i modern.<\/p>\n<p data-start=\"2664\" data-end=\"2980\">Tricoul este inspirat din tendin\u021bele actuale, unde elementele inspirate din natur\u0103 sunt tot mai prezente \u00een fashion. Modelul libelulei aduce o not\u0103 de prospe\u021bime \u0219i originalitate, fiind \u00een acela\u0219i timp u\u0219or de integrat \u00een stiluri variate. Este o combina\u021bie \u00eentre estetic \u0219i practic, \u00eentre design artistic \u0219i confort.<\/p>\n<p data-start=\"2982\" data-end=\"3234\">Alege tricoul cu model libelul\u0103 Denisa dac\u0103 \u00ee\u021bi dore\u0219ti o pies\u0103 vestimentar\u0103 care s\u0103 \u00eembine confortul cu un design aparte. Este ideal pentru femeile care vor s\u0103 ias\u0103 \u00een eviden\u021b\u0103 prin detalii subtile \u0219i s\u0103 adauge un strop de creativitate garderobei lor.<\/p>\n<p data-start=\"3236\" data-end=\"3266\"><strong data-start=\"3236\" data-end=\"3266\">Caracteristici principale:<\/strong><\/p>\n<ul data-start=\"3267\" data-end=\"3517\">\n<li data-section-id=\"jj488\" data-start=\"3267\" data-end=\"3302\">Design modern cu model libelul\u0103<\/li>\n<li data-section-id=\"1vm4jld\" data-start=\"3303\" data-end=\"3341\">Material confortabil \u0219i respirabil<\/li>\n<li data-section-id=\"vzam6j\" data-start=\"3342\" data-end=\"3404\">Croial\u0103 lejer\u0103, potrivit\u0103 pentru toate tipurile de siluet\u0103<\/li>\n<li data-section-id=\"i13ld4\" data-start=\"3405\" data-end=\"3462\">Versatil \u2013 ideal pentru \u021binute casual \u0219i smart-casual<\/li>\n<li data-section-id=\"1viw2ff\" data-start=\"3463\" data-end=\"3517\">U\u0219or de asortat \u00een diverse combina\u021bii vestimentare<\/li>\n<\/ul>\n<p data-start=\"3519\" data-end=\"3684\" data-is-last-node=\"\" data-is-only-node=\"\">Tricoul cu model libelul\u0103 Denisa este mai mult dec\u00e2t un articol vestimentar \u2013 este o expresie a stilului personal, a feminit\u0103\u021bii \u0219i a elegan\u021bei inspirate din natur\u0103.<\/p>\n<\/div>\n<\/div>\n<\/div>\n<\/div>\n<div class=\"z-0 flex min-h-[46px] justify-start\">\n<div class=\"flex flex-col text-sm pb-25\">\n<section class=\"text-token-text-primary w-full focus:outline-none [--shadow-height:45px] has-data-writing-block:pointer-events-none has-data-writing-block:-mt-(--shadow-height) has-data-writing-block:pt-(--shadow-height) [&amp;:has([data-writing-block])&gt;*]:pointer-events-auto scroll-mt-[calc(var(--header-height)+min(200px,max(70px,20svh)))]\" dir=\"auto\" data-turn-id=\"request-WEB:da12e47c-ab35-4c70-8cc3-bf3ddfafa9b3-10\" data-testid=\"conversation-turn-16\" data-scroll-anchor=\"true\" data-turn=\"assistant\">\n<div class=\"text-base my-auto mx-auto pb-10 [--thread-content-margin:var(--thread-content-margin-xs,calc(var(--spacing)*4))] @w-sm\/main:[--thread-content-margin:var(--thread-content-margin-sm,calc(var(--spacing)*6))] @w-lg\/main:[--thread-content-margin:var(--thread-content-margin-lg,calc(var(--spacing)*16))] px-(--thread-content-margin)\">\n<div class=\"[--thread-content-max-width:40rem] @w-lg\/main:[--thread-content-max-width:48rem] mx-auto max-w-(--thread-content-max-width) flex-1 group\/turn-messages focus-visible:outline-hidden relative flex w-full min-w-0 flex-col agent-turn\">\n<div class=\"flex max-w-full flex-col gap-4 grow\">\n<div class=\"min-h-8 text-message relative flex w-full flex-col items-end gap-2 text-start break-words whitespace-normal outline-none keyboard-focused:focus-ring [.text-message+&amp;]:mt-1\" dir=\"auto\" tabindex=\"0\" data-message-author-role=\"assistant\" data-message-id=\"5cf20dd6-829e-48b6-906f-3617003ac387\" data-message-model-slug=\"gpt-5-3\" data-turn-start-message=\"true\">\n<div class=\"flex w-full flex-col gap-1 empty:hidden\">\n<div class=\"markdown prose dark:prose-invert w-full wrap-break-word light markdown-new-styling\">\n<p data-start=\"0\" data-end=\"425\">Tricoul cu model libelul\u0103 Denisa impresioneaz\u0103 \u0219i prin aten\u021bia acordat\u0103 detaliilor \u0219i finisajelor, ceea ce \u00eel transform\u0103 \u00eentr-o pies\u0103 de calitate, potrivit\u0103 pentru purtare \u00eendelungat\u0103. Cus\u0103turile sunt realizate cu grij\u0103, iar materialul \u00ee\u0219i p\u0103streaz\u0103 forma \u0219i intensitatea culorii chiar \u0219i dup\u0103 multiple sp\u0103l\u0103ri. Acest aspect \u00eel face ideal pentru femeile care \u00ee\u0219i doresc nu doar un design atractiv, ci \u0219i durabilitate \u00een timp.<\/p>\n<p data-start=\"427\" data-end=\"812\">Modelul libelulei aduce un plus de expresivitate, fiind un simbol al libert\u0103\u021bii, echilibrului \u0219i transform\u0103rii. Astfel, tricoul Denisa nu este doar o pies\u0103 vestimentar\u0103, ci \u0219i o alegere cu semnifica\u021bie, care reflect\u0103 o stare de spirit pozitiv\u0103 \u0219i o atitudine modern\u0103. Este perfect pentru momentele \u00een care vrei s\u0103 adaugi un detaliu diferit \u021binutei tale, f\u0103r\u0103 a ie\u0219i din zona elegan\u021bei.<\/p>\n<p data-start=\"814\" data-end=\"1140\" data-is-last-node=\"\" data-is-only-node=\"\">Indiferent dac\u0103 \u00eel por\u021bi \u00eentr-un context casual sau \u00eel integrezi \u00eentr-un outfit mai elaborat, acest tricou \u00ee\u021bi ofer\u0103 posibilitatea de a crea combina\u021bii armonioase \u0219i actuale. Este o pies\u0103 u\u0219or de purtat, dar cu impact vizual, ideal\u0103 pentru garderoba femeii moderne care \u00ee\u0219i dore\u0219te s\u0103 \u00eembine stilul cu confortul \u00een fiecare zi.<\/p>\n<\/div>\n<\/div>\n<\/div>\n<\/div>\n<div class=\"z-0 flex min-h-[46px] justify-start\"><\/div>\n<div class=\"mt-3 w-full empty:hidden\">\n<div class=\"text-center\"><\/div>\n<\/div>\n<\/div>\n<\/div>\n<\/section>\n<\/div>\n<div class=\"pointer-events-none h-px w-px absolute bottom-0\" aria-hidden=\"true\" data-edge=\"true\"><\/div>\n<\/div>\n<div class=\"mt-3 w-full empty:hidden\">\n<div class=\"text-center\"><\/div>\n<\/div>\n<\/div>\n<\/div>\n<\/section>\n<\/div>\n<div class=\"pointer-events-none h-px w-px absolute bottom-0\" aria-hidden=\"true\" data-edge=\"true\"><\/div>\n<\/div>\n<\/div>\n<\/div>\n<\/div>\n<\/section>\n<\/div>\n<div class=\"pointer-events-none h-px w-px absolute bottom-0\" aria-hidden=\"true\" data-edge=\"true\"><\/div>\n<\/div>\n<\/div>\n<\/div>\n<\/div>\n<div class=\"z-0 flex min-h-[46px] justify-start\">\n<div class=\"flex flex-col text-sm pb-25\">\n<section class=\"text-token-text-primary w-full focus:outline-none [--shadow-height:45px] has-data-writing-block:pointer-events-none has-data-writing-block:-mt-(--shadow-height) has-data-writing-block:pt-(--shadow-height) [&amp;:has([data-writing-block])&gt;*]:pointer-events-auto scroll-mt-[calc(var(--header-height)+min(200px,max(70px,20svh)))]\" dir=\"auto\" data-turn-id=\"request-69ba512e-2d14-838b-943f-7fe37da1ce73-2\" data-testid=\"conversation-turn-16\" data-scroll-anchor=\"true\" data-turn=\"assistant\">\n<div class=\"text-base my-auto mx-auto pb-10 [--thread-content-margin:var(--thread-content-margin-xs,calc(var(--spacing)*4))] @w-sm\/main:[--thread-content-margin:var(--thread-content-margin-sm,calc(var(--spacing)*6))] @w-lg\/main:[--thread-content-margin:var(--thread-content-margin-lg,calc(var(--spacing)*16))] px-(--thread-content-margin)\">\n<div class=\"[--thread-content-max-width:40rem] @w-lg\/main:[--thread-content-max-width:48rem] mx-auto max-w-(--thread-content-max-width) flex-1 group\/turn-messages focus-visible:outline-hidden relative flex w-full min-w-0 flex-col agent-turn\">\n<div class=\"mt-3 w-full empty:hidden\">\n<div class=\"text-center\">\n<section class=\"text-token-text-primary w-full focus:outline-none [--shadow-height:45px] has-data-writing-block:pointer-events-none has-data-writing-block:-mt-(--shadow-height) has-data-writing-block:pt-(--shadow-height) [&amp;:has([data-writing-block])&gt;*]:pointer-events-auto scroll-mt-(--header-height)\" dir=\"auto\" data-turn-id=\"9bef5b48-3935-4b64-b31c-1a24fd1f3523\" data-testid=\"conversation-turn-3\" data-scroll-anchor=\"false\" data-turn=\"user\"><\/section>\n<section class=\"text-token-text-primary w-full focus:outline-none [--shadow-height:45px] has-data-writing-block:pointer-events-none has-data-writing-block:-mt-(--shadow-height) has-data-writing-block:pt-(--shadow-height) [&amp;:has([data-writing-block])&gt;*]:pointer-events-auto scroll-mt-[calc(var(--header-height)+min(200px,max(70px,20svh)))]\" dir=\"auto\" data-turn-id=\"request-WEB:da12e47c-ab35-4c70-8cc3-bf3ddfafa9b3-4\" data-testid=\"conversation-turn-4\" data-scroll-anchor=\"false\" data-turn=\"assistant\">\n<div class=\"text-base my-auto mx-auto [--thread-content-margin:var(--thread-content-margin-xs,calc(var(--spacing)*4))] @w-sm\/main:[--thread-content-margin:var(--thread-content-margin-sm,calc(var(--spacing)*6))] @w-lg\/main:[--thread-content-margin:var(--thread-content-margin-lg,calc(var(--spacing)*16))] px-(--thread-content-margin)\">\n<div class=\"[--thread-content-max-width:40rem] @w-lg\/main:[--thread-content-max-width:48rem] mx-auto max-w-(--thread-content-max-width) flex-1 group\/turn-messages focus-visible:outline-hidden relative flex w-full min-w-0 flex-col agent-turn\">\n<div class=\"flex max-w-full flex-col gap-4 grow\">\n<div class=\"min-h-8 text-message relative flex w-full flex-col items-end gap-2 text-start break-words whitespace-normal outline-none keyboard-focused:focus-ring [.text-message+&amp;]:mt-1\" dir=\"auto\" data-message-author-role=\"assistant\" data-message-id=\"d7430245-0c47-41c8-9857-2c363090064a\" data-message-model-slug=\"gpt-5-3\">\n<div class=\"flex w-full flex-col gap-1 empty:hidden\">\n<div class=\"markdown prose dark:prose-invert w-full wrap-break-word light markdown-new-styling\"><\/div>\n<\/div>\n<\/div>\n<\/div>\n<\/div>\n<\/div>\n<\/section>\n<\/div>\n<\/div>\n<\/div>\n<\/div>\n<\/section>\n<\/div>\n<\/div>\n<\/div>\n<\/div>\n<\/section>\n<\/div>\n<div class=\"pointer-events-none h-px w-px absolute bottom-0\" aria-hidden=\"true\" data-edge=\"true\">\n<div class=\"flex flex-col text-sm pb-25\">\n<section class=\"text-token-text-primary w-full focus:outline-none [--shadow-height:45px] has-data-writing-block:pointer-events-none has-data-writing-block:-mt-(--shadow-height) has-data-writing-block:pt-(--shadow-height) [&amp;:has([data-writing-block])&gt;*]:pointer-events-auto scroll-mt-(--header-height)\" dir=\"auto\" data-turn-id=\"dab5cc0d-80e2-4c63-b79a-de7c05f243de\" data-testid=\"conversation-turn-5\" data-scroll-anchor=\"false\" data-turn=\"user\"><\/section>\n<section class=\"text-token-text-primary w-full focus:outline-none [--shadow-height:45px] has-data-writing-block:pointer-events-none has-data-writing-block:-mt-(--shadow-height) has-data-writing-block:pt-(--shadow-height) [&amp;:has([data-writing-block])&gt;*]:pointer-events-auto scroll-mt-[calc(var(--header-height)+min(200px,max(70px,20svh)))]\" dir=\"auto\" data-turn-id=\"request-WEB:da12e47c-ab35-4c70-8cc3-bf3ddfafa9b3-5\" data-testid=\"conversation-turn-6\" data-scroll-anchor=\"true\" data-turn=\"assistant\">\n<div class=\"text-base my-auto mx-auto pb-10 [--thread-content-margin:var(--thread-content-margin-xs,calc(var(--spacing)*4))] @w-sm\/main:[--thread-content-margin:var(--thread-content-margin-sm,calc(var(--spacing)*6))] @w-lg\/main:[--thread-content-margin:var(--thread-content-margin-lg,calc(var(--spacing)*16))] px-(--thread-content-margin)\">\n<div class=\"[--thread-content-max-width:40rem] @w-lg\/main:[--thread-content-max-width:48rem] mx-auto max-w-(--thread-content-max-width) flex-1 group\/turn-messages focus-visible:outline-hidden relative flex w-full min-w-0 flex-col agent-turn\">\n<div class=\"flex max-w-full flex-col gap-4 grow\">\n<div class=\"min-h-8 text-message relative flex w-full flex-col items-end gap-2 text-start break-words whitespace-normal outline-none keyboard-focused:focus-ring [.text-message+&amp;]:mt-1\" dir=\"auto\" tabindex=\"0\" data-message-author-role=\"assistant\" data-message-id=\"7c50b1f7-f918-427c-9e2a-38806b83bea9\" data-message-model-slug=\"gpt-5-3\" data-turn-start-message=\"true\">\n<div class=\"flex w-full flex-col gap-1 empty:hidden\">\n<div class=\"markdown prose dark:prose-invert w-full wrap-break-word light markdown-new-styling\"><\/div>\n<\/div>\n<\/div>\n<\/div>\n<\/div>\n<\/div>\n<\/section>\n<\/div>\n<div class=\"pointer-events-none h-px w-px absolute bottom-0\" aria-hidden=\"true\" data-edge=\"true\"><\/div>\n<\/div>\n","protected":false},"excerpt":{"rendered":"<p>Un tricou basic, cu o croiala lejera, potrivit pentru tinute office sau casual.<\/p>\n<ul>\n<li>Tricou din bumbac<\/li>\n<li>Decolteu la baza gatului<\/li>\n<li>Maneca scurta, cazuta<\/li>\n<li>Model libelula cu aripi din voal si corp decorat cu margele, aplicat pe piept<\/li>\n<li>Modelul poarta marimea S\/M si are inaltimea 1.79 cm<\/li>\n<li>Compozitie: 100% bumbac<\/li>\n<\/ul>\n<p><em>Sfatul Etic: o piesa versatila, perfecta pentru garderoba ta, pe care-l poti purta la tinute casual sau office, cu fusta, pantalon sau denim.<\/em><\/p>","protected":false},"featured_media":208210,"comment_status":"open","ping_status":"closed","template":"","meta":[],"product_brand":[],"product_cat":[436,506,452,75],"product_tag":[],"class_list":{"0":"post-208207","1":"product","2":"type-product","3":"status-publish","4":"has-post-thumbnail","6":"product_cat-haine-dama","7":"product_cat-noua-colectie","8":"product_cat-tricou-casual-dama","9":"product_cat-tricouri-dama","10":"pa_colectie-primavara-vara-2026","11":"pa_culoare-alb","12":"pa_marime-unica","13":"shop-item","14":"sr-item","16":"first","17":"instock","18":"taxable","19":"shipping-taxable","20":"purchasable","21":"product-type-variable"},"_links":{"self":[{"href":"https:\/\/www.etic.ro\/en\/wp-json\/wp\/v2\/product\/208207","targetHints":{"allow":["GET"]}}],"collection":[{"href":"https:\/\/www.etic.ro\/en\/wp-json\/wp\/v2\/product"}],"about":[{"href":"https:\/\/www.etic.ro\/en\/wp-json\/wp\/v2\/types\/product"}],"replies":[{"embeddable":true,"href":"https:\/\/www.etic.ro\/en\/wp-json\/wp\/v2\/comments?post=208207"}],"wp:featuredmedia":[{"embeddable":true,"href":"https:\/\/www.etic.ro\/en\/wp-json\/wp\/v2\/media\/208210"}],"wp:attachment":[{"href":"https:\/\/www.etic.ro\/en\/wp-json\/wp\/v2\/media?parent=208207"}],"wp:term":[{"taxonomy":"product_brand","embeddable":true,"href":"https:\/\/www.etic.ro\/en\/wp-json\/wp\/v2\/product_brand?post=208207"},{"taxonomy":"product_cat","embeddable":true,"href":"https:\/\/www.etic.ro\/en\/wp-json\/wp\/v2\/product_cat?post=208207"},{"taxonomy":"product_tag","embeddable":true,"href":"https:\/\/www.etic.ro\/en\/wp-json\/wp\/v2\/product_tag?post=208207"}],"curies":[{"name":"wp","href":"https:\/\/api.w.org\/{rel}","templated":true}]}}