{"id":204646,"date":"2026-02-25T15:31:52","date_gmt":"2026-02-25T13:31:52","guid":{"rendered":"https:\/\/www.etic.ro\/?post_type=product&#038;p=204646"},"modified":"2026-04-04T06:18:49","modified_gmt":"2026-04-04T04:18:49","slug":"helanca-mulata-kelly-3","status":"publish","type":"product","link":"https:\/\/www.etic.ro\/en\/product\/helanca-mulata-kelly-3\/","title":{"rendered":"Helanca mulata Kelly"},"content":{"rendered":"<h2 data-start=\"0\" data-end=\"66\">Helanc\u0103 mulat\u0103 Kelly \u2013 elegan\u021b\u0103 minimalist\u0103 \u0219i siluet\u0103 definit\u0103<\/h2>\n<p data-start=\"68\" data-end=\"451\">Helanca mulat\u0103 <strong data-start=\"83\" data-end=\"92\">Kelly<\/strong> este piesa esen\u021bial\u0103 din garderoba feminin\u0103, perfect\u0103 pentru \u021binute moderne, bine structurate \u0219i u\u0219or sofisticate. Cu o croial\u0103 slim fit care urm\u0103re\u0219te linia corpului \u0219i un design curat, aceast\u0103 helanc\u0103 reu\u0219e\u0219te s\u0103 \u00eembine confortul cu rafinamentul \u00eentr-un mod natural. Este alegerea ideal\u0103 pentru femeile care apreciaz\u0103 stilul minimalist, dar atent conturat.<\/p>\n<h3 data-start=\"453\" data-end=\"492\">Croial\u0103 mulat\u0103 \u2013 siluet\u0103 armonioas\u0103<\/h3>\n<p data-start=\"494\" data-end=\"816\">Modelul mulat eviden\u021biaz\u0103 delicat formele, oferind un efect elegant \u0219i feminin. Gulerul \u00eenalt tip helanc\u0103 adaug\u0103 un plus de rafinament \u0219i este perfect pentru sezonul rece sau pentru \u021binute stratificate. Linia simpl\u0103 \u0219i lipsa detaliilor excesive fac din helanca Kelly o pies\u0103 versatil\u0103, u\u0219or de integrat \u00een orice garderob\u0103.<\/p>\n<p data-start=\"818\" data-end=\"940\">Materialul elastic permite o a\u0219ezare natural\u0103 pe corp \u0219i ofer\u0103 libertate de mi\u0219care, f\u0103r\u0103 a compromite aspectul impecabil.<\/p>\n<h3 data-start=\"942\" data-end=\"970\">Versatilitate \u00een styling<\/h3>\n<p data-start=\"972\" data-end=\"1033\">Helanca mulat\u0103 Kelly poate fi purtat\u0103 \u00een multiple combina\u021bii:<\/p>\n<ul data-start=\"1035\" data-end=\"1239\">\n<li data-start=\"1035\" data-end=\"1083\">\n<p data-start=\"1037\" data-end=\"1083\">Cu pantaloni largi pentru un contrast modern<\/p>\n<\/li>\n<li data-start=\"1084\" data-end=\"1133\">\n<p data-start=\"1086\" data-end=\"1133\">Cu fuste midi sau mini pentru un look feminin<\/p>\n<\/li>\n<li data-start=\"1134\" data-end=\"1185\">\n<p data-start=\"1136\" data-end=\"1185\">Sub un sacou structurat pentru un outfit office<\/p>\n<\/li>\n<li data-start=\"1186\" data-end=\"1239\">\n<p data-start=\"1188\" data-end=\"1239\">\u00cen combina\u021bie cu jeans pentru un stil casual chic<\/p>\n<\/li>\n<\/ul>\n<p data-start=\"1241\" data-end=\"1333\">Este piesa ideal\u0103 pentru layering, fiind u\u0219or de purtat sub cardigane, jachete sau paltoane.<\/p>\n<h3 data-start=\"1335\" data-end=\"1365\">Confort \u0219i func\u021bionalitate<\/h3>\n<p data-start=\"1367\" data-end=\"1595\">Realizat\u0103 din material pl\u0103cut la atingere, helanca Kelly ofer\u0103 confort pe tot parcursul zilei. Textura fin\u0103 \u0219i elasticitatea asigur\u0103 o potrivire perfect\u0103, iar croiala atent realizat\u0103 men\u021bine forma chiar \u0219i dup\u0103 purt\u0103ri repetate.<\/p>\n<h3 data-start=\"1597\" data-end=\"1630\">De ce s\u0103 alegi Helanca Kelly?<\/h3>\n<p data-start=\"1632\" data-end=\"1775\">\u2714 Croial\u0103 mulat\u0103 feminin\u0103<br data-start=\"1657\" data-end=\"1660\" \/>\u2714 Guler \u00eenalt elegant<br data-start=\"1681\" data-end=\"1684\" \/>\u2714 Ideal\u0103 pentru layering<br data-start=\"1708\" data-end=\"1711\" \/>\u2714 U\u0219or de asortat \u00een \u021binute diverse<br data-start=\"1746\" data-end=\"1749\" \/>\u2714 Pies\u0103 basic atemporal\u0103<\/p>\n<p data-start=\"1777\" data-end=\"1988\" data-is-last-node=\"\" data-is-only-node=\"\">Helanca mulat\u0103 Kelly este un must-have \u00een orice garderob\u0103. Simpl\u0103, elegant\u0103 \u0219i extrem de versatil\u0103, aceast\u0103 pies\u0103 \u00ee\u021bi ofer\u0103 baza perfect\u0103 pentru outfituri moderne, echilibrate \u0219i pline de stil, sezon dup\u0103 sezon.<\/p>\n<div class=\"flex flex-col text-sm pb-25\">\n<article class=\"text-token-text-primary w-full focus:outline-none [--shadow-height:45px] has-data-writing-block:pointer-events-none has-data-writing-block:-mt-(--shadow-height) has-data-writing-block:pt-(--shadow-height) [&amp;:has([data-writing-block])&gt;*]:pointer-events-auto scroll-mt-[calc(var(--header-height)+min(200px,max(70px,20svh)))]\" dir=\"auto\" tabindex=\"-1\" data-turn-id=\"request-699d753e-bb54-838c-a8b5-a9773a6d00ed-16\" data-testid=\"conversation-turn-82\" data-scroll-anchor=\"true\" data-turn=\"assistant\">\n<div class=\"text-base my-auto mx-auto pb-10 [--thread-content-margin:--spacing(4)] @w-sm\/main:[--thread-content-margin:--spacing(6)] @w-lg\/main:[--thread-content-margin:--spacing(16)] px-(--thread-content-margin)\">\n<div class=\"[--thread-content-max-width:40rem] @w-lg\/main:[--thread-content-max-width:48rem] mx-auto max-w-(--thread-content-max-width) flex-1 group\/turn-messages focus-visible:outline-hidden relative flex w-full min-w-0 flex-col agent-turn\" tabindex=\"-1\">\n<div class=\"flex max-w-full flex-col grow\">\n<div class=\"min-h-8 text-message relative flex w-full flex-col items-end gap-2 text-start break-words whitespace-normal [.text-message+&amp;]:mt-1\" dir=\"auto\" data-message-author-role=\"assistant\" data-message-id=\"05b879ee-8bea-4c9b-9f11-a1e8710bbb0d\" data-message-model-slug=\"gpt-5-2\">\n<div class=\"flex w-full flex-col gap-1 empty:hidden first:pt-[1px]\">\n<div class=\"markdown prose dark:prose-invert w-full wrap-break-word light markdown-new-styling\">\n<p data-start=\"0\" data-end=\"372\">Helanca mulat\u0103 <strong data-start=\"15\" data-end=\"24\">Kelly<\/strong> este piesa care demonstreaz\u0103 c\u0103 simplitatea poate fi extrem de sofisticat\u0103. Datorit\u0103 designului s\u0103u minimalist \u0219i croielii atent conturate, aceast\u0103 helanc\u0103 devine rapid un element de baz\u0103 \u00een garderoba oric\u0103rei femei. Este acel articol vestimentar care poate sus\u021bine at\u00e2t \u021binute casual, c\u00e2t \u0219i outfituri elegante, f\u0103r\u0103 s\u0103 \u00ee\u0219i piard\u0103 din rafinament.<\/p>\n<p data-start=\"374\" data-end=\"699\">Croiala slim fit urm\u0103re\u0219te armonios linia corpului, eviden\u021biind silueta \u00eentr-un mod subtil \u0219i elegant. Gulerul \u00eenalt adaug\u0103 un plus de stil \u0219i protec\u021bie \u00een sezonul rece, oferind \u00een acela\u0219i timp un aer sofisticat \u0219i modern. Este o pies\u0103 ideal\u0103 pentru a crea \u021binute curate, bine propor\u021bionate, \u00een care fiecare detaliu conteaz\u0103.<\/p>\n<p data-start=\"701\" data-end=\"1065\">Unul dintre cele mai mari avantaje ale hel\u0103ncii Kelly este versatilitatea sa. Poate fi purtat\u0103 cu pantaloni largi pentru un contrast echilibrat \u00eentre volum \u0219i linie mulat\u0103, cu fuste midi pentru un look feminin \u0219i elegant sau cu jeans pentru o \u021binut\u0103 casual chic. \u00cen combina\u021bie cu un sacou structurat, devine baza perfect\u0103 pentru un outfit office modern \u0219i rafinat.<\/p>\n<p data-start=\"1067\" data-end=\"1340\">Helanca Kelly este ideal\u0103 pentru layering. Se a\u0219az\u0103 perfect sub cardigane, jachete din piele, paltoane sau veste, f\u0103r\u0103 a crea volum excesiv. Datorit\u0103 materialului elastic \u0219i pl\u0103cut la atingere, ofer\u0103 confort pe tot parcursul zilei, adapt\u00e2ndu-se natural mi\u0219c\u0103rilor corpului.<\/p>\n<p data-start=\"1342\" data-end=\"1600\">Textura fin\u0103 contribuie la un aspect \u00eengrijit \u0219i elegant, iar croiala bine definit\u0103 men\u021bine forma piesei chiar \u0219i dup\u0103 purt\u0103ri repetate. Este o investi\u021bie practic\u0103, potrivit\u0103 pentru multiple sezoane \u0219i contexte \u2013 de la birou, la \u00eent\u00e2lniri sau ie\u0219iri \u00een ora\u0219.<\/p>\n<p data-start=\"1602\" data-end=\"1908\" data-is-last-node=\"\" data-is-only-node=\"\">Helanca mulat\u0103 Kelly este alegerea ideal\u0103 pentru femeile care apreciaz\u0103 piesele basic reinterpretate \u00eentr-o manier\u0103 modern\u0103. Elegant\u0103, versatil\u0103 \u0219i u\u0219or de stilizat, aceast\u0103 helanc\u0103 ofer\u0103 libertatea de a crea \u021binute echilibrate, feminine \u0219i actuale, devenind rapid un element indispensabil \u00een garderoba ta.<\/p>\n<p data-start=\"0\" data-end=\"374\">Helanca mulat\u0103 <strong data-start=\"15\" data-end=\"24\">Kelly<\/strong> este piesa care \u00ee\u021bi ofer\u0103 siguran\u021b\u0103 \u00een styling, indiferent de context. Datorit\u0103 liniei sale simple \u0219i a croielii bine definite, poate fi adaptat\u0103 at\u00e2t unui look elegant, c\u00e2t \u0219i unuia relaxat. Este ideal\u0103 pentru femeile care \u00ee\u0219i doresc o baz\u0103 versatil\u0103 \u00een garderob\u0103, pe care s\u0103 o poat\u0103 reinventa de fiecare dat\u0103 prin accesorii \u0219i combina\u021bii diferite.<\/p>\n<p data-start=\"376\" data-end=\"645\">Poate fi purtat\u0103 cu pantaloni din stof\u0103 pentru un outfit sofisticat, cu fuste din piele pentru un look \u00eendr\u0103zne\u021b sau cu denim pentru un stil casual modern. Gulerul \u00eenalt ofer\u0103 un plus de rafinament \u0219i contureaz\u0103 frumos zona g\u00e2tului, complet\u00e2nd armonios \u00eentreaga \u021binut\u0103.<\/p>\n<p data-start=\"647\" data-end=\"896\" data-is-last-node=\"\" data-is-only-node=\"\">Helanca Kelly nu este doar un articol vestimentar, ci o pies\u0103 strategic\u0103 \u00een garderob\u0103 \u2013 una care \u00ee\u021bi permite s\u0103 construie\u0219ti outfituri echilibrate, feminine \u0219i actuale, f\u0103r\u0103 efort. Simpl\u0103, dar de impact, r\u0103m\u00e2ne o alegere atemporal\u0103 sezon dup\u0103 sezon.<\/p>\n<\/div>\n<\/div>\n<\/div>\n<\/div>\n<div class=\"z-0 flex min-h-[46px] justify-start\"><\/div>\n<div class=\"mt-3 w-full empty:hidden\">\n<div class=\"text-center\"><\/div>\n<\/div>\n<\/div>\n<\/div>\n<\/article>\n<\/div>\n<div class=\"pointer-events-none h-px w-px absolute bottom-0\" aria-hidden=\"true\" data-edge=\"true\"><\/div>\n","protected":false},"excerpt":{"rendered":"<ul>\n<li><\/li>\n<li>Compozitie: 47%poliamida,38%vascoza,10%angora,5%lana<\/li>\n<li>Modelul poarta marimea S\/M si are inaltimea 1.72 cm.<\/li>\n<\/ul>\n<p>&nbsp;<\/p>","protected":false},"featured_media":0,"comment_status":"open","ping_status":"closed","template":"","meta":[],"product_brand":[],"product_cat":[436,27,477],"product_tag":[],"class_list":{"0":"post-204646","1":"product","2":"type-product","3":"status-publish","5":"product_cat-haine-dama","6":"product_cat-pulovere-dama","7":"product_cat-sales","8":"pa_colectie-toamna-iarna-2025","9":"pa_culoare-gri","10":"pa_marime-l-xl","11":"pa_marime-s-m","12":"shop-item","13":"sr-item","15":"first","16":"outofstock","17":"taxable","18":"shipping-taxable","19":"product-type-variable"},"_links":{"self":[{"href":"https:\/\/www.etic.ro\/en\/wp-json\/wp\/v2\/product\/204646","targetHints":{"allow":["GET"]}}],"collection":[{"href":"https:\/\/www.etic.ro\/en\/wp-json\/wp\/v2\/product"}],"about":[{"href":"https:\/\/www.etic.ro\/en\/wp-json\/wp\/v2\/types\/product"}],"replies":[{"embeddable":true,"href":"https:\/\/www.etic.ro\/en\/wp-json\/wp\/v2\/comments?post=204646"}],"wp:attachment":[{"href":"https:\/\/www.etic.ro\/en\/wp-json\/wp\/v2\/media?parent=204646"}],"wp:term":[{"taxonomy":"product_brand","embeddable":true,"href":"https:\/\/www.etic.ro\/en\/wp-json\/wp\/v2\/product_brand?post=204646"},{"taxonomy":"product_cat","embeddable":true,"href":"https:\/\/www.etic.ro\/en\/wp-json\/wp\/v2\/product_cat?post=204646"},{"taxonomy":"product_tag","embeddable":true,"href":"https:\/\/www.etic.ro\/en\/wp-json\/wp\/v2\/product_tag?post=204646"}],"curies":[{"name":"wp","href":"https:\/\/api.w.org\/{rel}","templated":true}]}}