{"id":169415,"date":"2025-11-10T11:43:09","date_gmt":"2025-11-10T09:43:09","guid":{"rendered":"https:\/\/www.etic.ro\/?post_type=product&#038;p=169415"},"modified":"2026-04-04T06:19:30","modified_gmt":"2026-04-04T04:19:30","slug":"rochie-casual-cu-buzunare-tamara-5","status":"publish","type":"product","link":"https:\/\/www.etic.ro\/en\/product\/rochie-casual-cu-buzunare-tamara-5\/","title":{"rendered":"Rochie casual cu buzunare Tamara"},"content":{"rendered":"<div class=\"flex flex-col text-sm\">\n<article class=\"text-token-text-primary w-full focus:outline-none [--shadow-height:45px] has-data-writing-block:pointer-events-none has-data-writing-block:-mt-(--shadow-height) has-data-writing-block:pt-(--shadow-height) [&amp;:has([data-writing-block])&gt;*]:pointer-events-auto scroll-mt-[calc(var(--header-height)+min(200px,max(70px,20svh)))]\" dir=\"auto\" tabindex=\"-1\" data-turn-id=\"request-WEB:f5daf13a-c6ca-4968-854c-2943a3e06eb8-8\" data-testid=\"conversation-turn-18\" data-scroll-anchor=\"true\" data-turn=\"assistant\">\n<div class=\"text-base my-auto mx-auto pb-10 [--thread-content-margin:--spacing(4)] @w-sm\/main:[--thread-content-margin:--spacing(6)] @w-lg\/main:[--thread-content-margin:--spacing(16)] px-(--thread-content-margin)\">\n<div class=\"[--thread-content-max-width:40rem] @w-lg\/main:[--thread-content-max-width:48rem] mx-auto max-w-(--thread-content-max-width) flex-1 group\/turn-messages focus-visible:outline-hidden relative flex w-full min-w-0 flex-col agent-turn\" tabindex=\"-1\">\n<div class=\"flex max-w-full flex-col grow\">\n<div class=\"min-h-8 text-message relative flex w-full flex-col items-end gap-2 text-start break-words whitespace-normal [.text-message+&amp;]:mt-1\" dir=\"auto\" data-message-author-role=\"assistant\" data-message-id=\"f094719a-d232-4fd0-a711-2db904035db6\" data-message-model-slug=\"gpt-5-2\">\n<div class=\"flex w-full flex-col gap-1 empty:hidden first:pt-[1px]\">\n<div class=\"markdown prose dark:prose-invert w-full break-words light markdown-new-styling\">\n<p data-start=\"0\" data-end=\"525\"><strong data-start=\"0\" data-end=\"36\">Rochie casual cu buzunare Tamara<\/strong> este alegerea perfect\u0103 pentru femeile care \u00ee\u0219i doresc un echilibru ideal \u00eentre confort, func\u021bionalitate \u0219i un stil relaxat, dar feminin. Conceput\u0103 pentru purtare zilnic\u0103, aceast\u0103 rochie \u00eembin\u0103 designul practic cu o croial\u0103 modern\u0103, devenind rapid una dintre piesele preferate din garderoba de zi cu zi. Datorit\u0103 versatilit\u0103\u021bii sale, rochia Tamara este potrivit\u0103 pentru numeroase activit\u0103\u021bi, de la plimb\u0103ri \u0219i \u00eent\u00e2lniri informale, p\u00e2n\u0103 la zilele aglomerate \u00een care confortul este esen\u021bial.<\/p>\n<p data-start=\"527\" data-end=\"877\">Realizat\u0103 dintr-un <strong data-start=\"546\" data-end=\"585\">material pl\u0103cut la atingere \u0219i u\u0219or<\/strong>, rochia casual Tamara ofer\u0103 libertate de mi\u0219care \u0219i o senza\u021bie de confort pe tot parcursul zilei. \u021aes\u0103tura este respirabil\u0103 \u0219i adaptat\u0103 purt\u0103rii \u00eendelungate, fiind ideal\u0103 pentru sezonul cald, dar \u0219i pentru zilele mai r\u0103coroase, atunci c\u00e2nd este combinat\u0103 cu un cardigan sau o jachet\u0103 lejer\u0103.<\/p>\n<h3 data-start=\"879\" data-end=\"910\">Design practic \u0219i feminin<\/h3>\n<p data-start=\"911\" data-end=\"1290\">Unul dintre cele mai apreciate detalii ale rochiei Tamara sunt <strong data-start=\"974\" data-end=\"997\">buzunarele laterale<\/strong>, care adaug\u0103 un plus de func\u021bionalitate \u0219i confort. Acestea nu doar c\u0103 sunt utile, dar contribuie \u0219i la un aspect modern \u0219i relaxat al rochiei. Croiala este lejer\u0103, avantaj\u00e2nd diverse tipuri de siluet\u0103, f\u0103r\u0103 a fi restrictiv\u0103. Rochia cade frumos pe corp, oferind un look natural \u0219i echilibrat.<\/p>\n<p data-start=\"1292\" data-end=\"1564\">Lungimea este atent aleas\u0103 pentru a permite purtarea zilnic\u0103, fiind potrivit\u0103 at\u00e2t pentru activit\u0103\u021bile urbane, c\u00e2t \u0219i pentru momentele de relaxare. Decolteul \u0219i m\u00e2necile sunt g\u00e2ndite pentru a completa designul casual, p\u0103str\u00e2nd \u00een acela\u0219i timp o not\u0103 feminin\u0103 \u0219i \u00eengrijit\u0103.<\/p>\n<h3 data-start=\"1566\" data-end=\"1601\">Versatilitate \u00een \u021binute de zi<\/h3>\n<p data-start=\"1602\" data-end=\"1712\">Rochia casual cu buzunare Tamara se remarc\u0103 prin <strong data-start=\"1651\" data-end=\"1690\">u\u0219urin\u021ba cu care poate fi stilizat\u0103<\/strong>. Poate fi purtat\u0103 cu:<\/p>\n<ul data-start=\"1714\" data-end=\"1905\">\n<li data-start=\"1714\" data-end=\"1786\">\n<p data-start=\"1716\" data-end=\"1786\"><strong data-start=\"1716\" data-end=\"1745\">Pantofi sport sau adida\u0219i<\/strong>, pentru un look modern \u0219i confortabil;<\/p>\n<\/li>\n<li data-start=\"1787\" data-end=\"1846\">\n<p data-start=\"1789\" data-end=\"1846\"><strong data-start=\"1789\" data-end=\"1813\">Sandale sau balerini<\/strong>, pentru \u021binute lejere de var\u0103;<\/p>\n<\/li>\n<li data-start=\"1847\" data-end=\"1905\">\n<p data-start=\"1849\" data-end=\"1905\"><strong data-start=\"1849\" data-end=\"1869\">Botine sau ghete<\/strong>, pentru un outfit casual de toamn\u0103.<\/p>\n<\/li>\n<\/ul>\n<p data-start=\"1907\" data-end=\"2148\">Accesorizat\u0103 cu o geant\u0103 practic\u0103, o curea sub\u021bire sau bijuterii minimaliste, rochia Tamara se adapteaz\u0103 cu u\u0219urin\u021b\u0103 stilului t\u0103u personal. Este ideal\u0103 pentru femeile active, care \u00ee\u0219i doresc o pies\u0103 vestimentar\u0103 u\u0219or de purtat \u0219i de asortat.<\/p>\n<h3 data-start=\"2150\" data-end=\"2175\">Confort \u0219i calitate<\/h3>\n<p data-start=\"2176\" data-end=\"2430\">Rochia Tamara este creat\u0103 pentru a oferi <strong data-start=\"2217\" data-end=\"2235\">confort sporit<\/strong>, fiind realizat\u0103 dintr-un material care nu irit\u0103 pielea \u0219i permite circula\u021bia aerului. Cus\u0103turile sunt atent finisate, iar buzunarele sunt bine integrate \u00een design, f\u0103r\u0103 a \u00eenc\u0103rca vizual rochia.<\/p>\n<p data-start=\"2432\" data-end=\"2673\">Este u\u0219or de \u00eentre\u021binut, p\u0103str\u00e2ndu-\u0219i forma \u0219i culoarea chiar \u0219i dup\u0103 sp\u0103l\u0103ri repetate, ceea ce o face ideal\u0103 pentru purtare frecvent\u0103. Calitatea materialului \u0219i aten\u021bia la detalii transform\u0103 aceast\u0103 rochie \u00eentr-o pies\u0103 practic\u0103 \u0219i durabil\u0103.<\/p>\n<h3 data-start=\"2675\" data-end=\"2716\">Ideal\u0103 pentru orice moment al zilei<\/h3>\n<p data-start=\"2717\" data-end=\"2995\">Rochie casual cu buzunare Tamara este potrivit\u0103 pentru diverse contexte: mers la cump\u0103r\u0103turi, plimb\u0103ri \u00een ora\u0219, \u00eent\u00e2lniri cu prietenii sau zile petrecute \u00een vacan\u021b\u0103. Designul s\u0103u simplu, dar bine definit, permite purtarea at\u00e2t ziua, c\u00e2t \u0219i seara, \u00een \u021binute relaxate \u0219i feminine.<\/p>\n<h3 data-start=\"2997\" data-end=\"3051\">De ce s\u0103 alegi rochie casual cu buzunare Tamara?<\/h3>\n<ul data-start=\"3052\" data-end=\"3236\">\n<li data-start=\"3052\" data-end=\"3083\">\n<p data-start=\"3054\" data-end=\"3083\">Design lejer \u0219i confortabil<\/p>\n<\/li>\n<li data-start=\"3084\" data-end=\"3125\">\n<p data-start=\"3086\" data-end=\"3125\">Buzunare practice, integrate armonios<\/p>\n<\/li>\n<li data-start=\"3126\" data-end=\"3159\">\n<p data-start=\"3128\" data-end=\"3159\">Material pl\u0103cut \u0219i respirabil<\/p>\n<\/li>\n<li data-start=\"3160\" data-end=\"3192\">\n<p data-start=\"3162\" data-end=\"3192\">U\u0219or de asortat \u0219i de purtat<\/p>\n<\/li>\n<li data-start=\"3193\" data-end=\"3236\">\n<p data-start=\"3195\" data-end=\"3236\">Ideal\u0103 pentru \u021binute casual de zi cu zi<\/p>\n<\/li>\n<\/ul>\n<p data-start=\"3238\" data-end=\"3498\" data-is-last-node=\"\" data-is-only-node=\"\">\u00cen concluzie, <strong data-start=\"3252\" data-end=\"3288\">rochia casual cu buzunare Tamara<\/strong> este o pies\u0103 esen\u021bial\u0103 pentru femeia modern\u0103, care pune pre\u021b pe confort, func\u021bionalitate \u0219i stil. O rochie practic\u0103 \u0219i feminin\u0103, care \u00ee\u021bi ofer\u0103 libertate de mi\u0219care \u0219i un look relaxat, perfect pentru orice zi.<\/p>\n<\/div>\n<\/div>\n<\/div>\n<\/div>\n<div class=\"z-0 flex min-h-[46px] justify-start\">\n<div class=\"text-base my-auto mx-auto pb-10 [--thread-content-margin:--spacing(4)] @w-sm\/main:[--thread-content-margin:--spacing(6)] @w-lg\/main:[--thread-content-margin:--spacing(16)] px-(--thread-content-margin)\">\n<div class=\"[--thread-content-max-width:40rem] @w-lg\/main:[--thread-content-max-width:48rem] mx-auto max-w-(--thread-content-max-width) flex-1 group\/turn-messages focus-visible:outline-hidden relative flex w-full min-w-0 flex-col agent-turn\" tabindex=\"-1\">\n<div class=\"flex max-w-full flex-col grow\">\n<div class=\"min-h-8 text-message relative flex w-full flex-col items-end gap-2 text-start break-words whitespace-normal [.text-message+&amp;]:mt-1\" dir=\"auto\" data-message-author-role=\"assistant\" data-message-id=\"ee84710f-761b-4fe2-86dc-c568e082d319\" data-message-model-slug=\"gpt-5-mini\">\n<div class=\"flex w-full flex-col gap-1 empty:hidden first:pt-[1px]\">\n<div class=\"markdown prose dark:prose-invert w-full break-words light markdown-new-styling\">\n<p data-start=\"0\" data-end=\"461\">\u00cen plus, rochia casual cu buzunare Tamara se remarc\u0103 prin <strong data-start=\"58\" data-end=\"91\">versatilitatea sa remarcabil\u0103<\/strong>, fiind u\u0219or de adaptat \u00een func\u021bie de stil \u0219i sezon. Poate fi purtat\u0103 ca atare \u00een zilele c\u0103lduroase de prim\u0103var\u0103 \u0219i var\u0103 sau combinat\u0103 cu un cardigan, o jachet\u0103 din denim sau o geac\u0103 u\u0219oar\u0103 \u00een zilele mai r\u0103coroase. Aceast\u0103 adaptabilitate o transform\u0103 \u00eentr-o pies\u0103 indispensabil\u0103, care poate fi purtat\u0103 sezon dup\u0103 sezon f\u0103r\u0103 a-\u0219i pierde relevan\u021ba sau aspectul atractiv.<\/p>\n<p data-start=\"463\" data-end=\"819\">Buzunarele laterale nu sunt doar func\u021bionale, ci \u0219i un detaliu care confer\u0103 rochiei un aer modern \u0219i practic, oferindu-\u021bi posibilitatea de a p\u0103stra obiectele esen\u021biale la \u00eendem\u00e2n\u0103, f\u0103r\u0103 a sacrifica estetica \u021binutei. Croiala simpl\u0103 \u0219i linia fluid\u0103 fac ca rochia Tamara s\u0103 fie potrivit\u0103 pentru diverse tipuri de siluet\u0103, oferind un look natural \u0219i feminin.<\/p>\n<p data-start=\"821\" data-end=\"1233\" data-is-last-node=\"\" data-is-only-node=\"\">Aleg\u00e2nd <strong data-start=\"829\" data-end=\"865\">rochia casual cu buzunare Tamara<\/strong>, investe\u0219ti \u00eentr-o pies\u0103 de calitate, care combin\u0103 confortul, func\u021bionalitatea \u0219i stilul. Este rochia care te va \u00eenso\u021bi cu succes \u00een activit\u0103\u021bile zilnice, oferindu-\u021bi \u00eencredere \u0219i libertatea de a te mi\u0219ca lejer, f\u0103r\u0103 a compromite elegan\u021ba \u0219i feminitatea. Aceasta devine rapid una dintre piesele favorite din garderoba ta casual, indispensabil\u0103 pentru orice zi activ\u0103.<\/p>\n<\/div>\n<\/div>\n<\/div>\n<\/div>\n<\/div>\n<\/div>\n<\/div>\n<div class=\"mt-3 w-full empty:hidden\">\n<div class=\"text-center\"><\/div>\n<\/div>\n<\/div>\n<\/div>\n<\/article>\n<\/div>\n<div class=\"pointer-events-none h-px w-px absolute bottom-0\" aria-hidden=\"true\" data-edge=\"true\"><\/div>\n","protected":false},"excerpt":{"rendered":"<p>O rochie lejera din tricot, care iti va oferi comoditatea de care ai nevoie in timpul liber.<\/p>\n<ul>\n<li>Rochie midi<\/li>\n<li>Croiala dreapta<\/li>\n<li>Guler pe gat<\/li>\n<li>Maneca 3\/4 cu manseta lata<\/li>\n<li>Tiv, guler si manseta cu cu model reiat<\/li>\n<li>Buzunare mari aplicate frontal<\/li>\n<li>Compozitie: 35% vascoza, 35% poliamida, 20% acrilic, 10% elastan<\/li>\n<li>Modelul poarta marimea UNICA si are inaltimea 1.80 cm<\/li>\n<\/ul>\n<p><em>Sfatul Etic: poarta rochia Tamara cu bocanci sau ghete cu talpa inalta pentru o tinuta casual-chic.<\/em><\/p>","protected":false},"featured_media":169418,"comment_status":"open","ping_status":"closed","template":"","meta":[],"product_brand":[],"product_cat":[436,439,437,440,477],"product_tag":[],"class_list":{"0":"post-169415","1":"product","2":"type-product","3":"status-publish","4":"has-post-thumbnail","6":"product_cat-haine-dama","7":"product_cat-casual","8":"product_cat-rochii-dama","9":"product_cat-office","10":"product_cat-sales","11":"pa_colectie-toamna-iarna-2025","12":"pa_culoare-negru","13":"pa_marime-unica","14":"shop-item","15":"sr-item","17":"first","18":"outofstock","19":"taxable","20":"shipping-taxable","21":"product-type-variable"},"_links":{"self":[{"href":"https:\/\/www.etic.ro\/en\/wp-json\/wp\/v2\/product\/169415","targetHints":{"allow":["GET"]}}],"collection":[{"href":"https:\/\/www.etic.ro\/en\/wp-json\/wp\/v2\/product"}],"about":[{"href":"https:\/\/www.etic.ro\/en\/wp-json\/wp\/v2\/types\/product"}],"replies":[{"embeddable":true,"href":"https:\/\/www.etic.ro\/en\/wp-json\/wp\/v2\/comments?post=169415"}],"wp:featuredmedia":[{"embeddable":true,"href":"https:\/\/www.etic.ro\/en\/wp-json\/wp\/v2\/media\/169418"}],"wp:attachment":[{"href":"https:\/\/www.etic.ro\/en\/wp-json\/wp\/v2\/media?parent=169415"}],"wp:term":[{"taxonomy":"product_brand","embeddable":true,"href":"https:\/\/www.etic.ro\/en\/wp-json\/wp\/v2\/product_brand?post=169415"},{"taxonomy":"product_cat","embeddable":true,"href":"https:\/\/www.etic.ro\/en\/wp-json\/wp\/v2\/product_cat?post=169415"},{"taxonomy":"product_tag","embeddable":true,"href":"https:\/\/www.etic.ro\/en\/wp-json\/wp\/v2\/product_tag?post=169415"}],"curies":[{"name":"wp","href":"https:\/\/api.w.org\/{rel}","templated":true}]}}