{"id":169243,"date":"2026-03-10T09:10:28","date_gmt":"2026-03-10T07:10:28","guid":{"rendered":"https:\/\/www.etic.ro\/?post_type=product&#038;p=169243"},"modified":"2026-04-04T06:19:38","modified_gmt":"2026-04-04T04:19:38","slug":"rochie-eleganta-cu-dantela-luisa-negru","status":"publish","type":"product","link":"https:\/\/www.etic.ro\/en\/product\/rochie-eleganta-cu-dantela-luisa-negru\/","title":{"rendered":"Rochie eleganta cu dantela Luisa"},"content":{"rendered":"<div class=\"flex flex-col text-sm pb-25\">\n<article class=\"text-token-text-primary w-full focus:outline-none [--shadow-height:45px] has-data-writing-block:pointer-events-none has-data-writing-block:-mt-(--shadow-height) has-data-writing-block:pt-(--shadow-height) [&amp;:has([data-writing-block])&gt;*]:pointer-events-auto scroll-mt-[calc(var(--header-height)+min(200px,max(70px,20svh)))]\" dir=\"auto\" tabindex=\"-1\" data-turn-id=\"request-WEB:45543a6e-032c-4cd3-bbd2-a33ec22ef2e8-15\" data-testid=\"conversation-turn-32\" data-scroll-anchor=\"true\" data-turn=\"assistant\">\n<div class=\"text-base my-auto mx-auto pb-10 [--thread-content-margin:--spacing(4)] @w-sm\/main:[--thread-content-margin:--spacing(6)] @w-lg\/main:[--thread-content-margin:--spacing(16)] px-(--thread-content-margin)\">\n<div class=\"[--thread-content-max-width:40rem] @w-lg\/main:[--thread-content-max-width:48rem] mx-auto max-w-(--thread-content-max-width) flex-1 group\/turn-messages focus-visible:outline-hidden relative flex w-full min-w-0 flex-col agent-turn\" tabindex=\"-1\">\n<h4 class=\"z-0 flex min-h-[46px] justify-start\"><strong data-start=\"0\" data-end=\"36\">Rochie eleganta cu dantela Luisa<\/strong><\/h4>\n<div class=\"z-0 flex min-h-[46px] justify-start\">\n<h4 data-start=\"0\" data-end=\"434\"><strong data-start=\"0\" data-end=\"36\">Rochia elegant\u0103 cu dantel\u0103 Luisa<\/strong> este defini\u021bia rafinamentului clasic reinterpretat \u00eentr-o form\u0103 modern\u0103, creat\u0103 pentru femeia care \u00ee\u0219i dore\u0219te o apari\u021bie feminin\u0103, sofisticat\u0103 \u0219i memorabil\u0103.<\/h4>\n<p data-start=\"0\" data-end=\"434\">Aceast\u0103 rochie impresioneaz\u0103 prin combina\u021bia armonioas\u0103 dintre materialele de calitate \u0219i detaliile atent lucrate, fiind alegerea ideal\u0103 pentru evenimente speciale, ocazii festive sau momente \u00een care vrei s\u0103 te sim\u021bi cu adev\u0103rat special\u0103.<\/p>\n<p data-start=\"436\" data-end=\"828\">Realizat\u0103 din materiale atent selec\u021bionate, rochia Luisa pune accent pe <strong data-start=\"508\" data-end=\"524\">dantela fin\u0103<\/strong>, elementul central care confer\u0103 un aer romantic \u0219i elegant. Dantela adaug\u0103 textur\u0103 \u0219i profunzime designului, transform\u00e2nd rochia \u00eentr-o pies\u0103 cu personalitate, ce eman\u0103 stil \u0219i bun gust. Materialul de baz\u0103 este pl\u0103cut la atingere, asigur\u00e2nd confort pe tot parcursul purt\u0103rii, f\u0103r\u0103 a compromite elegan\u021ba.<\/p>\n<h3 data-start=\"830\" data-end=\"876\">Design sofisticat \u0219i croial\u0103 avantajoas\u0103<\/h3>\n<p data-start=\"877\" data-end=\"1264\"><a href=\"https:\/\/www.facebook.com\/p\/ETIC-100064494260156\/?locale=ro_RO\" target=\"_blank\" rel=\"noopener\">Rochia elegant\u0103 cu dantel\u0103 Luisa<\/a> se remarc\u0103 printr-o <strong data-start=\"930\" data-end=\"950\">croial\u0103 feminin\u0103<\/strong>, care eviden\u021biaz\u0103 armonios silueta. Talie este delicat conturat\u0103, pun\u00e2nd \u00een valoare formele naturale, \u00een timp ce linia rochiei alunge\u0219te vizual corpul. Lungimea este aleas\u0103 astfel \u00eenc\u00e2t s\u0103 ofere un echilibru perfect \u00eentre elegan\u021b\u0103 \u0219i senzualitate, f\u0103c\u00e2nd aceast\u0103 rochie potrivit\u0103 pentru diverse tipuri de siluet\u0103.<\/p>\n<p data-start=\"1266\" data-end=\"1522\">Dantela este aplicat\u0103 cu grij\u0103, fie \u00een zona bustului, a m\u00e2necilor sau pe \u00eentreaga suprafa\u021b\u0103 a rochiei, cre\u00e2nd un efect vizual deosebit. Detaliile fine subliniaz\u0103 aten\u021bia la calitate \u0219i transform\u0103 rochia Luisa \u00eentr-o pies\u0103 vestimentar\u0103 cu adev\u0103rat special\u0103.<\/p>\n<h3 data-start=\"1524\" data-end=\"1558\">Elegan\u021b\u0103 pentru orice ocazie<\/h3>\n<p data-start=\"1559\" data-end=\"1885\">Versatilitatea este unul dintre punctele forte ale rochiei elegante cu dantel\u0103 Luisa. Aceasta poate fi purtat\u0103 cu succes la evenimente precum nun\u021bi, botezuri, petreceri cocktail, cine festive sau anivers\u0103ri importante. De asemenea, este o alegere inspirat\u0103 pentru ocazii formale sau semi-formale, unde elegan\u021ba este esen\u021bial\u0103.<\/p>\n<p data-start=\"1887\" data-end=\"2136\">Asortat\u0103 cu <strong data-start=\"1899\" data-end=\"1925\">pantofi cu toc sub\u021bire<\/strong> \u0219i accesorii discrete, rochia Luisa creeaz\u0103 o \u021binut\u0103 rafinat\u0103 \u0219i echilibrat\u0103. Pentru un plus de impact, poate fi completat\u0103 cu un clutch elegant \u0219i bijuterii fine, care s\u0103 pun\u0103 \u00een valoare detaliile din dantel\u0103.<\/p>\n<h3 data-start=\"2138\" data-end=\"2171\">Confort \u0219i calitate premium<\/h3>\n<p data-start=\"2172\" data-end=\"2469\">Pe l\u00e2ng\u0103 aspectul s\u0103u elegant,<a href=\"https:\/\/www.etic.ro\/\"> rochia Luisa<\/a> ofer\u0103 \u0219i un nivel ridicat de <strong data-start=\"2245\" data-end=\"2256\">confort<\/strong>. Materialele sunt u\u0219oare \u0219i permit pielii s\u0103 respire, fiind ideale pentru purtare \u00eendelungat\u0103. Cus\u0103turile sunt realizate cu aten\u021bie, iar finisajele de calitate superioar\u0103 garanteaz\u0103 durabilitatea rochiei \u00een timp.<\/p>\n<p data-start=\"2471\" data-end=\"2706\">Dantela este rezistent\u0103 \u0219i \u00ee\u0219i p\u0103streaz\u0103 forma \u0219i aspectul chiar \u0219i dup\u0103 multiple purt\u0103ri, atunci c\u00e2nd este \u00eentre\u021binut\u0103 corespunz\u0103tor. Acest lucru face ca rochia elegant\u0103 cu dantel\u0103 Luisa s\u0103 fie o investi\u021bie sigur\u0103 pentru garderoba ta.<\/p>\n<h3 data-start=\"2708\" data-end=\"2742\">Stil atemporal \u0219i feminitate<\/h3>\n<p data-start=\"2743\" data-end=\"3055\">Rochia Luisa se adreseaz\u0103 femeilor care apreciaz\u0103 <strong data-start=\"2793\" data-end=\"2813\">stilul atemporal<\/strong> \u0219i elegan\u021ba clasic\u0103. Dantela, element mereu actual, confer\u0103 un farmec aparte rochiei \u0219i o transform\u0103 \u00eentr-o pies\u0103 care nu se demodeaz\u0103. Indiferent de tendin\u021be, aceast\u0103 rochie r\u0103m\u00e2ne o alegere sigur\u0103 pentru apari\u021bii elegante \u0219i bine definite.<\/p>\n<p data-start=\"3057\" data-end=\"3275\">Poate fi integrat\u0103 cu u\u0219urin\u021b\u0103 \u00een garderoba ta \u0219i purtat\u0103 \u00een diferite contexte, adapt\u00e2ndu-se stilului personal. Fie c\u0103 preferi un look romantic, clasic sau sofisticat, rochia Luisa se muleaz\u0103 perfect pe dorin\u021bele tale.<\/p>\n<h3 data-start=\"3277\" data-end=\"3331\">De ce s\u0103 alegi rochia elegant\u0103 cu dantel\u0103 Luisa?<\/h3>\n<ul data-start=\"3332\" data-end=\"3552\">\n<li data-start=\"3332\" data-end=\"3367\">\n<p data-start=\"3334\" data-end=\"3367\">Design elegant, cu dantel\u0103 fin\u0103<\/p>\n<\/li>\n<li data-start=\"3368\" data-end=\"3414\">\n<p data-start=\"3370\" data-end=\"3414\">Croial\u0103 feminin\u0103, care avantajeaz\u0103 silueta<\/p>\n<\/li>\n<li data-start=\"3415\" data-end=\"3451\">\n<p data-start=\"3417\" data-end=\"3451\">Materiale de calitate superioar\u0103<\/p>\n<\/li>\n<li data-start=\"3452\" data-end=\"3493\">\n<p data-start=\"3454\" data-end=\"3493\">Confort sporit \u0219i finisaje impecabile<\/p>\n<\/li>\n<li data-start=\"3494\" data-end=\"3552\">\n<p data-start=\"3496\" data-end=\"3552\">Potrivit\u0103 pentru evenimente speciale \u0219i ocazii festive<\/p>\n<\/li>\n<\/ul>\n<p data-start=\"3554\" data-end=\"3857\" data-is-last-node=\"\" data-is-only-node=\"\">\u00cen concluzie, <strong data-start=\"3568\" data-end=\"3604\">rochia elegant\u0103 cu dantel\u0103 Luisa<\/strong> este alegerea ideal\u0103 pentru femeia care \u00ee\u0219i dore\u0219te o apari\u021bie rafinat\u0103, feminin\u0103 \u0219i plin\u0103 de stil. O pies\u0103 versatil\u0103, elegant\u0103 \u0219i atemporal\u0103, care te va ajuta s\u0103 str\u0103luce\u0219ti la orice eveniment \u0219i s\u0103 te sim\u021bi \u00eencrez\u0103toare \u0219i elegant\u0103 \u00een fiecare moment.<\/p>\n<p data-start=\"0\" data-end=\"460\">\u00cen plus, rochia elegant\u0103 cu dantel\u0103 Luisa se remarc\u0103 prin <strong data-start=\"58\" data-end=\"99\">aten\u021bia deosebit\u0103 acordat\u0103 detaliilor<\/strong>, fiecare element fiind conceput pentru a completa armonios designul general. Dantela fin\u0103 creeaz\u0103 un joc subtil de transparen\u021be, oferind un aer senzual, dar p\u0103str\u00e2nd \u00een acela\u0219i timp o not\u0103 de elegan\u021b\u0103 \u0219i bun gust. Aceast\u0103 combina\u021bie face ca rochia s\u0103 fie potrivit\u0103 at\u00e2t pentru evenimente de zi, c\u00e2t \u0219i pentru apari\u021bii de sear\u0103, unde rafinamentul este esen\u021bial.<\/p>\n<p data-start=\"462\" data-end=\"825\">Un alt avantaj important al rochiei Luisa este <strong data-start=\"509\" data-end=\"561\">adaptabilitatea la diferite accesorii \u0219i stiluri<\/strong>. Poate fi purtat\u0103 cu bijuterii minimaliste pentru un look clasic sau cu accesorii mai \u00eendr\u0103zne\u021be pentru o apari\u021bie modern\u0103 \u0219i sofisticat\u0103. De asemenea, poate fi completat\u0103 cu un sacou elegant sau o e\u0219arf\u0103 fin\u0103, devenind o pies\u0103 u\u0219or de integrat \u00een diverse \u021binute.<\/p>\n<p data-start=\"827\" data-end=\"1248\" data-is-last-node=\"\" data-is-only-node=\"\">Rochia cu dantel\u0103 Luisa este conceput\u0103 pentru femeia care apreciaz\u0103 elegan\u021ba autentic\u0103 \u0219i \u00ee\u0219i dore\u0219te o \u021binut\u0103 care s\u0103 inspire \u00eencredere \u0219i feminitate. Este o pies\u0103 care transmite rafinament, stil \u0219i aten\u021bie la detalii, transform\u00e2nd fiecare apari\u021bie \u00eentr-un moment special. Aleg\u00e2nd rochia Luisa, investe\u0219ti \u00eentr-un articol vestimentar de calitate, care va r\u0103m\u00e2ne mereu actual \u0219i va completa perfect garderoba ta elegant\u0103.<\/p>\n<\/div>\n<div class=\"mt-3 w-full empty:hidden\">\n<div class=\"text-center\">\n<div class=\"flex flex-col text-sm pb-25\">\n<article class=\"text-token-text-primary w-full focus:outline-none [--shadow-height:45px] has-data-writing-block:pointer-events-none has-data-writing-block:-mt-(--shadow-height) has-data-writing-block:pt-(--shadow-height) [&amp;:has([data-writing-block])&gt;*]:pointer-events-auto [content-visibility:auto] supports-[content-visibility:auto]:[contain-intrinsic-size:auto_100lvh] scroll-mt-[calc(var(--header-height)+min(200px,max(70px,20svh)))]\" dir=\"auto\" tabindex=\"-1\" data-turn-id=\"ab674ebb-ea84-46f2-a88b-79295afdede8\" data-testid=\"conversation-turn-2\" data-scroll-anchor=\"true\" data-turn=\"assistant\">\n<div class=\"text-base my-auto mx-auto pb-10 [--thread-content-margin:--spacing(4)] @w-sm\/main:[--thread-content-margin:--spacing(6)] @w-lg\/main:[--thread-content-margin:--spacing(16)] px-(--thread-content-margin)\">\n<div class=\"[--thread-content-max-width:40rem] @w-lg\/main:[--thread-content-max-width:48rem] mx-auto max-w-(--thread-content-max-width) flex-1 group\/turn-messages focus-visible:outline-hidden relative flex w-full min-w-0 flex-col agent-turn\" tabindex=\"-1\">\n<div class=\"flex max-w-full flex-col grow\">\n<div class=\"min-h-8 text-message relative flex w-full flex-col items-end gap-2 text-start break-words whitespace-normal [.text-message+&amp;]:mt-1\" dir=\"auto\" data-message-author-role=\"assistant\" data-message-id=\"05ec1281-b089-402f-b8ed-b35aaef34441\" data-message-model-slug=\"gpt-5-2\">\n<div class=\"flex w-full flex-col gap-1 empty:hidden first:pt-[1px]\">\n<div class=\"markdown prose dark:prose-invert w-full break-words light markdown-new-styling\"><\/div>\n<\/div>\n<\/div>\n<\/div>\n<div class=\"z-0 flex min-h-[46px] justify-start\"><\/div>\n<div class=\"mt-3 w-full empty:hidden\">\n<div class=\"text-center\"><\/div>\n<\/div>\n<\/div>\n<\/div>\n<\/article>\n<\/div>\n<div class=\"pointer-events-none h-px w-px absolute bottom-0\" aria-hidden=\"true\" data-edge=\"true\"><\/div>\n<\/div>\n<\/div>\n<\/div>\n<\/div>\n<\/article>\n<\/div>\n<p data-start=\"3459\" data-end=\"3892\">\n","protected":false},"excerpt":{"rendered":"<div class=\"woocommerce-product-details__short-description\">\n<p>O rochie lunga, eleganta din vascoza, o alegere perfecta pentru un eveniment sau o petrecere.<\/p>\n<ul>\n<li>Rochie midi<\/li>\n<li>Material cu aspect satinat<\/li>\n<li>Decoltata in V, umerii goi<\/li>\n<li>Bretele subtiri, reglabile<\/li>\n<li>Bordura de dantela la decolteu si sub bust<\/li>\n<li>Spatele decoltat<\/li>\n<li>Compozitie: 100% vascoza<\/li>\n<li>Modelul poarta marimea 36 si are inaltimea 1.72 cm.<\/li>\n<\/ul>\n<p><em>Sfatul Etic: alege aceasta rochie daca iti doresti o tinuta feminina si seducatoare, potrivita pentru o petrecere sau un eveniment festiv.<\/em><\/p>\n<\/div>","protected":false},"featured_media":169285,"comment_status":"open","ping_status":"closed","template":"","meta":[],"product_brand":[],"product_cat":[436,475,504,437,435,438,477],"product_tag":[],"class_list":{"0":"post-169243","1":"product","2":"type-product","3":"status-publish","4":"has-post-thumbnail","6":"product_cat-haine-dama","7":"product_cat-editie-de-craciun","8":"product_cat-promotii","9":"product_cat-rochii-2","10":"product_cat-rochii-de-seara","11":"product_cat-rochii-elegante","12":"product_cat-sales","13":"pa_colectie-toamna-iarna-2025","14":"pa_culoare-negru","15":"pa_marime-22","16":"pa_marime-23","17":"pa_marime-25","18":"shop-item","19":"sr-item","21":"first","22":"instock","23":"sale","24":"taxable","25":"shipping-taxable","26":"purchasable","27":"product-type-variable"},"_links":{"self":[{"href":"https:\/\/www.etic.ro\/en\/wp-json\/wp\/v2\/product\/169243","targetHints":{"allow":["GET"]}}],"collection":[{"href":"https:\/\/www.etic.ro\/en\/wp-json\/wp\/v2\/product"}],"about":[{"href":"https:\/\/www.etic.ro\/en\/wp-json\/wp\/v2\/types\/product"}],"replies":[{"embeddable":true,"href":"https:\/\/www.etic.ro\/en\/wp-json\/wp\/v2\/comments?post=169243"}],"wp:featuredmedia":[{"embeddable":true,"href":"https:\/\/www.etic.ro\/en\/wp-json\/wp\/v2\/media\/169285"}],"wp:attachment":[{"href":"https:\/\/www.etic.ro\/en\/wp-json\/wp\/v2\/media?parent=169243"}],"wp:term":[{"taxonomy":"product_brand","embeddable":true,"href":"https:\/\/www.etic.ro\/en\/wp-json\/wp\/v2\/product_brand?post=169243"},{"taxonomy":"product_cat","embeddable":true,"href":"https:\/\/www.etic.ro\/en\/wp-json\/wp\/v2\/product_cat?post=169243"},{"taxonomy":"product_tag","embeddable":true,"href":"https:\/\/www.etic.ro\/en\/wp-json\/wp\/v2\/product_tag?post=169243"}],"curies":[{"name":"wp","href":"https:\/\/api.w.org\/{rel}","templated":true}]}}