{"id":137415,"date":"2025-02-27T12:13:46","date_gmt":"2025-02-27T10:13:46","guid":{"rendered":"https:\/\/www.etic.ro\/?post_type=product&#038;p=137415"},"modified":"2026-04-04T06:15:53","modified_gmt":"2026-04-04T04:15:53","slug":"bluza-cu-sclipici-mira-6","status":"publish","type":"product","link":"https:\/\/www.etic.ro\/en\/product\/bluza-cu-sclipici-mira-6\/","title":{"rendered":"Bluza cu sclipici Mira"},"content":{"rendered":"<article class=\"text-token-text-primary w-full\" dir=\"auto\" data-testid=\"conversation-turn-830\" data-scroll-anchor=\"true\">\n<div class=\"text-base my-auto mx-auto py-5 [--thread-content-margin:--spacing(4)] @[37rem]:[--thread-content-margin:--spacing(6)] @[70rem]:[--thread-content-margin:--spacing(12)] px-(--thread-content-margin)\">\n<div class=\"[--thread-content-max-width:32rem] @[34rem]:[--thread-content-max-width:40rem] @[64rem]:[--thread-content-max-width:48rem] mx-auto flex max-w-(--thread-content-max-width) flex-1 text-base gap-4 md:gap-5 lg:gap-6 group\/turn-messages focus-visible:outline-hidden\" tabindex=\"-1\">\n<div class=\"group\/conversation-turn relative flex w-full min-w-0 flex-col agent-turn\">\n<div class=\"relative flex-col gap-1 md:gap-3\">\n<div class=\"flex max-w-full flex-col grow\">\n<div class=\"min-h-8 text-message relative flex w-full flex-col items-end gap-2 text-start break-words whitespace-normal [.text-message+&amp;]:mt-5\" dir=\"auto\" data-message-author-role=\"assistant\" data-message-id=\"54ac06e2-b38c-4e28-905b-5006324f4051\" data-message-model-slug=\"gpt-4o-mini\">\n<div class=\"flex w-full flex-col gap-1 empty:hidden first:pt-[3px]\">\n<div class=\"markdown prose dark:prose-invert w-full break-words light\">\n<p class=\"\" data-start=\"0\" data-end=\"463\"><a href=\"https:\/\/www.etic.ro\/promotii\/\"><strong data-start=\"0\" data-end=\"26\">Bluza cu sclipici Mira<\/strong><\/a> este un articol vestimentar elegant \u0219i versatil, perfect pentru femeile care doresc s\u0103 \u00eembine confortul cu rafinamentul \u00een \u021binutele lor de zi cu zi. Acest model de bluz\u0103 este ideal pentru orice ocazie, de la \u00eent\u00e2lniri de afaceri, p\u00e2n\u0103 la evenimente speciale sau o sear\u0103 \u00een ora\u0219. Designul s\u0103u subtil, dar totodat\u0103 sofisticat, o face u\u0219or de integrat \u00eentr-o varietate de stiluri, fie c\u0103 vrei s\u0103 ob\u021bii un look casual, fie unul mai elegant.<\/p>\n<h3 class=\"\" data-start=\"465\" data-end=\"518\"><strong data-start=\"469\" data-end=\"518\">Designul Elegant al Bluzelor cu Sclipici Mira<\/strong><\/h3>\n<p class=\"\" data-start=\"520\" data-end=\"979\">Unul dintre cele mai remarcabile aspecte ale <a href=\"https:\/\/www.facebook.com\/p\/ETIC-100064494260156\/?locale=ro_RO\" target=\"_blank\" rel=\"noopener\"><strong data-start=\"565\" data-end=\"592\">bluzei cu sclipici Mira<\/strong><\/a> este materialul s\u0103u de calitate superioar\u0103, care adaug\u0103 un plus de str\u0103lucire \u0219i rafinament. Sclipiciul discret \u00eencorporat \u00een \u021bes\u0103tura bluzei o face s\u0103 ias\u0103 \u00een eviden\u021b\u0103 f\u0103r\u0103 a fi prea strident\u0103, fiind perfect\u0103 pentru a ad\u0103uga o not\u0103 de glam \u021binutelor de zi cu zi. \u00cen plus, materialul este moale \u0219i confortabil la purtat, asigur\u00e2ndu-se c\u0103 nu vei sacrifica confortul \u00een favoarea stilului.<\/p>\n<p class=\"\" data-start=\"981\" data-end=\"1453\">De asemenea, croiala bluzei cu sclipici Mira este g\u00e2ndit\u0103 s\u0103 \u00eembrace perfect silueta, f\u0103r\u0103 a fi prea str\u00e2ns\u0103 sau prea larg\u0103. M\u00e2neca scurt\u0103 \u0219i decupajul \u00een form\u0103 de V de la g\u00e2t sunt elemente care adaug\u0103 un plus de feminitate, f\u0103c\u00e2nd din aceast\u0103 bluz\u0103 o pies\u0103 u\u0219or de purtat \u00eentr-o gam\u0103 larg\u0103 de \u021binute. T\u0103ietura clasic\u0103 a bluzei asigur\u0103 un look curat \u0219i elegant, iar materialul elastic \u00eei permite s\u0103 se potriveasc\u0103 perfect pe corp, ad\u0103ug\u00e2nd o not\u0103 de confort \u0219i lejeritate.<\/p>\n<h3 class=\"\" data-start=\"1455\" data-end=\"1495\"><strong data-start=\"1459\" data-end=\"1495\">Versatilitate \u0219i Asortare u\u0219oar\u0103<\/strong><\/h3>\n<p class=\"\" data-start=\"1497\" data-end=\"1963\">Un alt avantaj major al <strong data-start=\"1521\" data-end=\"1548\">bluzei cu sclipici Mira<\/strong> este versatilitatea acesteia. Fiind o pies\u0103 clasic\u0103, dar cu un strop de elegan\u021b\u0103, aceasta poate fi asortat\u0103 at\u00e2t cu pantaloni elegan\u021bi, c\u00e2t \u0219i cu fuste mai casual, cre\u00e2nd look-uri diferite pentru diferite ocazii. O po\u021bi purta al\u0103turi de o fust\u0103 midi plisat\u0103 \u0219i o pereche de sandale cu toc pentru o \u021binut\u0103 de sear\u0103 elegant\u0103 sau o po\u021bi asorta cu o pereche de blugi \u0219i pantofi casual pentru un look mai relaxat de zi.<\/p>\n<p class=\"\" data-start=\"1965\" data-end=\"2368\">\u00cen plus, datorit\u0103 culorii neutre \u0219i a sclipiciului discret, bluza se poate combina cu u\u0219urin\u021b\u0103 cu aproape orice pies\u0103 vestimentar\u0103 din garderoba ta. Po\u021bi ad\u0103uga accesorii subtile, cum ar fi o br\u0103\u021bar\u0103 fin\u0103 sau o pereche de cercei statement, pentru a completa \u021binuta, f\u0103r\u0103 a \u00eenc\u0103rca look-ul. Aceasta este o pies\u0103 esen\u021bial\u0103 \u00een orice garderob\u0103, datorit\u0103 faptului c\u0103 poate fi purtat\u0103 pe tot parcursul anului.<\/p>\n<h3 class=\"\" data-start=\"2370\" data-end=\"2415\"><strong data-start=\"2374\" data-end=\"2415\">Materialul de Calitate al Bluzei Mira<\/strong><\/h3>\n<p class=\"\" data-start=\"2417\" data-end=\"2800\">Un alt punct forte al <strong data-start=\"2439\" data-end=\"2466\">bluzei cu sclipici Mira<\/strong> este materialul s\u0103u. Confec\u021bionat\u0103 dintr-o \u021bes\u0103tur\u0103 moale \u0219i pl\u0103cut\u0103 pe piele, bluza asigur\u0103 un confort des\u0103v\u00e2r\u0219it chiar \u0219i pe parcursul unei zile lungi. Sclipiciul aplicat pe material adaug\u0103 un strop de glamour, f\u0103r\u0103 a fi exagerat, iar \u021bes\u0103tura elastic\u0103 permite bluzei s\u0103 se muleze perfect pe corp, oferind o senza\u021bie de lejeritate.<\/p>\n<p class=\"\" data-start=\"2802\" data-end=\"3077\">Materialul u\u0219or \u0219i respirabil face ca bluza s\u0103 fie potrivit\u0103 pentru diferite sezoane, de la prim\u0103var\u0103 p\u00e2n\u0103 la toamn\u0103. Poate fi purtat\u0103 at\u00e2t \u00een timpul zilei, \u00een combina\u021bie cu o jachet\u0103 elegant\u0103 sau o cardigan, c\u00e2t \u0219i seara, cu o pereche de pantaloni elegan\u021bi sau o fust\u0103 midi.<\/p>\n<h3 class=\"\" data-start=\"3079\" data-end=\"3120\"><strong data-start=\"3083\" data-end=\"3120\">\u00centre\u021binerea U\u0219oar\u0103 a Bluzei Mira<\/strong><\/h3>\n<p class=\"\" data-start=\"3122\" data-end=\"3600\">Datorit\u0103 materialului de calitate, <strong data-start=\"3157\" data-end=\"3183\">bluza cu sclipici Mira<\/strong> este u\u0219or de \u00eentre\u021binut. Aceasta poate fi sp\u0103lat\u0103 la ma\u0219ina de sp\u0103lat, f\u0103r\u0103 a se deteriora sau a \u00ee\u0219i pierde din str\u0103lucire. Este recomandat s\u0103 o speli cu ap\u0103 rece pentru a p\u0103stra sclipiciul intact \u0219i pentru a prelungi durata de via\u021b\u0103 a materialului. De asemenea, materialul nu necesit\u0103 o c\u0103lcare complicat\u0103, fiind suficient s\u0103 o la\u0219i la uscat \u0219i s\u0103 o calci u\u0219or, dac\u0103 este necesar, pentru a-i reda aspectul proasp\u0103t.<\/p>\n<h3 class=\"\" data-start=\"3602\" data-end=\"3619\"><strong data-start=\"3606\" data-end=\"3619\">Concluzie<\/strong><\/h3>\n<p class=\"\" data-start=\"3621\" data-end=\"4200\"><strong data-start=\"3621\" data-end=\"3647\">Bluza cu sclipici Mira<\/strong> este o alegere excelent\u0103 pentru orice femeie care \u00ee\u0219i dore\u0219te un look sofisticat, dar comod. Cu designul s\u0103u modern \u0219i materialul de calitate, aceasta poate fi integrat\u0103 u\u0219or \u00een orice garderob\u0103, oferind o combina\u021bie perfect\u0103 \u00eentre elegan\u021b\u0103 \u0219i confort. Po\u021bi purta <strong data-start=\"3911\" data-end=\"3937\">bluza cu sclipici Mira<\/strong> \u00eentr-o varietate de combina\u021bii, fie pentru o \u021binut\u0103 elegant\u0103 de sear\u0103, fie pentru o zi de birou \u00een care vrei s\u0103 adaugi un strop de stil. Indiferent de ocazie, aceast\u0103 bluz\u0103 este o pies\u0103 versatil\u0103 care va ad\u0103uga un plus de rafinament \u0219i str\u0103lucire \u021binutelor tale.<\/p>\n<\/div>\n<\/div>\n<\/div>\n<\/div>\n<div class=\"flex justify-start\"><\/div>\n<div class=\"mt-3 w-full empty:hidden\">\n<div class=\"text-center\"><\/div>\n<\/div>\n<\/div>\n<div class=\"absolute\">\n<div class=\"flex items-center justify-center\"><\/div>\n<\/div>\n<\/div>\n<\/div>\n<\/div>\n<\/article>\n<div class=\"pointer-events-none h-px w-px\" aria-hidden=\"true\" data-edge=\"true\"><\/div>\n","protected":false},"excerpt":{"rendered":"<p>O bluza simpla, usor de combinat la tinutele de primavara.<\/p>\n<ul>\n<li>Bluza cu maneca scurta<\/li>\n<li>Decolteu anchior<\/li>\n<li>Spatele decupat in V<\/li>\n<li>Material cu fir metalic, aspect stralucitor<\/li>\n<li>Modelul poarta marimea UNICA<\/li>\n<li>Compozitie: 65% vascoza, 25% poliamida, 10% fir metalic<\/li>\n<\/ul>\n<p><em>\u00a0<\/em><em>Sfatul Etic: alege sa asortezi bluza Mira cu o pereche de pantaloni din denim sau cu o fusta casual si ai o tinuta potrivita pentru zi.<\/em><\/p>","protected":false},"featured_media":137845,"comment_status":"open","ping_status":"closed","template":"","meta":[],"product_brand":[],"product_cat":[436,444,20,477],"product_tag":[],"class_list":{"0":"post-137415","1":"product","2":"type-product","3":"status-publish","4":"has-post-thumbnail","6":"product_cat-haine-dama","7":"product_cat-bluze-casual-dama","8":"product_cat-bluze-dama","9":"product_cat-sales","10":"pa_colectie-primavara-vara-2025","11":"pa_culoare-maro","12":"pa_marime-unica","13":"shop-item","14":"sr-item","16":"first","17":"outofstock","18":"taxable","19":"shipping-taxable","20":"product-type-variable"},"_links":{"self":[{"href":"https:\/\/www.etic.ro\/en\/wp-json\/wp\/v2\/product\/137415","targetHints":{"allow":["GET"]}}],"collection":[{"href":"https:\/\/www.etic.ro\/en\/wp-json\/wp\/v2\/product"}],"about":[{"href":"https:\/\/www.etic.ro\/en\/wp-json\/wp\/v2\/types\/product"}],"replies":[{"embeddable":true,"href":"https:\/\/www.etic.ro\/en\/wp-json\/wp\/v2\/comments?post=137415"}],"wp:featuredmedia":[{"embeddable":true,"href":"https:\/\/www.etic.ro\/en\/wp-json\/wp\/v2\/media\/137845"}],"wp:attachment":[{"href":"https:\/\/www.etic.ro\/en\/wp-json\/wp\/v2\/media?parent=137415"}],"wp:term":[{"taxonomy":"product_brand","embeddable":true,"href":"https:\/\/www.etic.ro\/en\/wp-json\/wp\/v2\/product_brand?post=137415"},{"taxonomy":"product_cat","embeddable":true,"href":"https:\/\/www.etic.ro\/en\/wp-json\/wp\/v2\/product_cat?post=137415"},{"taxonomy":"product_tag","embeddable":true,"href":"https:\/\/www.etic.ro\/en\/wp-json\/wp\/v2\/product_tag?post=137415"}],"curies":[{"name":"wp","href":"https:\/\/api.w.org\/{rel}","templated":true}]}}