{"id":130748,"date":"2025-11-13T08:10:11","date_gmt":"2025-11-13T06:10:11","guid":{"rendered":"https:\/\/www.etic.ro\/?post_type=product&#038;p=130748"},"modified":"2026-04-05T05:35:51","modified_gmt":"2026-04-05T03:35:51","slug":"pantaloni-cu-detalii-aurii-sabrina","status":"publish","type":"product","link":"https:\/\/www.etic.ro\/en\/product\/pantaloni-cu-detalii-aurii-sabrina\/","title":{"rendered":"Pantaloni cu detalii aurii Sabrina"},"content":{"rendered":"<article class=\"text-token-text-primary w-full\" dir=\"auto\" data-testid=\"conversation-turn-454\" data-scroll-anchor=\"true\">\n<div class=\"text-base my-auto mx-auto py-5 [--thread-content-margin:--spacing(4)] @[37rem]:[--thread-content-margin:--spacing(6)] @[70rem]:[--thread-content-margin:--spacing(12)] px-(--thread-content-margin)\">\n<div class=\"[--thread-content-max-width:32rem] @[34rem]:[--thread-content-max-width:40rem] @[64rem]:[--thread-content-max-width:48rem] mx-auto flex max-w-(--thread-content-max-width) flex-1 text-base gap-4 md:gap-5 lg:gap-6 group\/turn-messages focus-visible:outline-hidden\" tabindex=\"-1\">\n<div class=\"group\/conversation-turn relative flex w-full min-w-0 flex-col agent-turn\">\n<div class=\"relative flex-col gap-1 md:gap-3\">\n<div class=\"flex max-w-full flex-col grow\">\n<div class=\"min-h-8 text-message relative flex w-full flex-col items-end gap-2 text-start break-words whitespace-normal [.text-message+&amp;]:mt-5\" dir=\"auto\" data-message-author-role=\"assistant\" data-message-id=\"e0e8cdf1-7cf8-4b50-9f1c-a4aacd3a0cf5\" data-message-model-slug=\"gpt-4o-mini\">\n<div class=\"flex w-full flex-col gap-1 empty:hidden first:pt-[3px]\">\n<div class=\"markdown prose dark:prose-invert w-full break-words light\">\n<h4 data-start=\"0\" data-end=\"469\"><strong data-start=\"0\" data-end=\"38\">Pantaloni cu detalii aurii Sabrina<\/strong> sunt alegerea perfect\u0103 pentru femeile care doresc s\u0103 ias\u0103 \u00een eviden\u021b\u0103 la orice eveniment sau ocazie special\u0103.<\/h4>\n<p class=\"\" data-start=\"0\" data-end=\"469\">Ace\u0219ti pantaloni sunt o combina\u021bie superb\u0103 \u00eentre elegan\u021b\u0103 \u0219i stil modern, fiind o pies\u0103 de rezisten\u021b\u0103 \u00een garderoba oric\u0103rei femei care apreciaz\u0103 modelele sofisticate \u0219i detaliile fine. Construi\u021bi cu aten\u021bie la fiecare detaliu, ace\u0219ti pantaloni vor ad\u0103uga o not\u0103 de rafinament \u0219i un aer de exclusivitate oric\u0103rei \u021binute.<\/p>\n<p class=\"\" data-start=\"471\" data-end=\"1016\">Fabricat dintr-un material de \u00eenalt\u0103 calitate, pantaloni <strong data-start=\"528\" data-end=\"539\">Sabrina<\/strong> au o textur\u0103 neted\u0103 \u0219i pl\u0103cut\u0103 la atingere, ce garanteaz\u0103 confortul pe tot parcursul zilei. \u00cens\u0103, ceea ce \u00eei face cu adev\u0103rat speciali sunt <strong data-start=\"680\" data-end=\"699\">detaliile aurii<\/strong> care capteaz\u0103 lumina \u00eentr-un mod spectaculos, aduc\u00e2nd un strop de str\u0103lucire. Detaliile aurii sunt subtil integrate, fie sub form\u0103 de m\u0103rgele fine sau cus\u0103turi elegante, care adaug\u0103 o not\u0103 de lux subtil, dar de efect. Aceste mici accente transform\u0103 un model simplu \u00eentr-un articol vestimentar cu adev\u0103rat remarcabil.<\/p>\n<p class=\"\" data-start=\"1018\" data-end=\"1453\"><strong data-start=\"1018\" data-end=\"1035\">Croiala larg\u0103<\/strong> a pantalonilor Sabrina este o alt\u0103 caracteristic\u0103 deosebit\u0103, conferind un aspect fluid \u0219i elegant, care se potrive\u0219te perfect oric\u0103rei forme a corpului. Pantalonii nu sunt doar un simbol al rafinamentului, ci \u0219i ai confortului, datorit\u0103 faptului c\u0103 permit o libertate de mi\u0219care excelent\u0103. Fiecare pas va fi \u00eenso\u021bit de o senza\u021bie pl\u0103cut\u0103, iar \u021binuta ta va reflecta o atmosfer\u0103 sofisticat\u0103, f\u0103r\u0103 a te sim\u021bi constr\u00e2ns\u0103.<\/p>\n<p class=\"\" data-start=\"1455\" data-end=\"1984\">Ace\u0219ti pantaloni sunt ideali pentru o sear\u0103 de petrecere, dar \u0219i pentru o ie\u0219ire elegant\u0103 \u00eentr-o zi mai special\u0103. Po\u021bi s\u0103-i combini cu o bluz\u0103 din m\u0103tase sau un top cu detalii fine, iar accesoriile tale vor str\u0103luci mai mult ca niciodat\u0103. Fie c\u0103 alegi o pereche de sandale cu toc \u00eenalt sau o pereche de cizme elegante, pantalonii Sabrina vor ad\u0103uga o not\u0103 de rafinament oric\u0103rei alegeri. Datorit\u0103 detaliilor aurii, ace\u0219ti pantaloni vor atrage privirile \u00eentr-un mod discret, dar eficient, fiind perfecti pentru o \u021binut\u0103 deosebit\u0103.<\/p>\n<p class=\"\" data-start=\"1986\" data-end=\"2484\">Un alt avantaj al <a href=\"https:\/\/www.etic.ro\/\"><strong data-start=\"2004\" data-end=\"2028\">pantalonilor Sabrina<\/strong><\/a> este versatilitatea lor. Chiar dac\u0103 sunt destina\u021bi mai ales pentru ocazii speciale, ace\u0219tia pot fi u\u0219or adapta\u021bi \u0219i pentru o \u021binut\u0103 de zi. De exemplu, combin\u00e2ndu-i cu un tricou simplu \u0219i o pereche de pantofi sport elegan\u021bi, vei ob\u021bine un look urban chic, care atrage aten\u021bia f\u0103r\u0103 a fi prea \u00eenc\u0103rcat. Ace\u0219tia sunt, de asemenea, o alegere perfect\u0103 pentru birou, atunci c\u00e2nd dore\u0219ti s\u0103 adaugi un strop de str\u0103lucire, dar \u00eentr-un mod sofisticat \u0219i echilibrat.<\/p>\n<p class=\"\" data-start=\"2486\" data-end=\"2865\">Pantalonii cu detalii aurii Sabrina sunt o alegere excelent\u0103 \u0219i pentru <strong data-start=\"2557\" data-end=\"2585\">petrecerile de s\u0103rb\u0103tori<\/strong>. Cum sezonul festiv aduce cu sine multe evenimente speciale, ace\u0219ti pantaloni vor ad\u0103uga un aer de s\u0103rb\u0103toare oric\u0103rei \u021binute. Po\u021bi s\u0103-i asortezi cu o bluz\u0103 elegant\u0103, de exemplu o bluz\u0103 cu paiete sau o rochie de sear\u0103, pentru un look spectaculos care va atrage privirile tuturor.<\/p>\n<p class=\"\" data-start=\"2867\" data-end=\"3319\">\u00cen ceea ce prive\u0219te <strong data-start=\"2887\" data-end=\"2903\">\u00eentre\u021binerea<\/strong>, ace\u0219ti pantaloni sunt u\u0219or de p\u0103strat, av\u00e2nd un material care nu necesit\u0103 prea mult\u0103 aten\u021bie. \u00cens\u0103, este important s\u0103 acorzi o aten\u021bie deosebit\u0103 instruc\u021biunilor de sp\u0103lare, pentru a p\u0103stra intact\u0103 textura fin\u0103 a materialului \u0219i detaliile aurii care adaug\u0103 un plus de rafinament. \u00cen plus, ace\u0219ti pantaloni sunt suficient de rezisten\u021bi pentru a-\u021bi garanta o utilizare pe termen lung, f\u0103r\u0103 a pierde din calitatea lor.<\/p>\n<p class=\"\" data-start=\"3321\" data-end=\"3895\">\u00cen concluzie, <a href=\"https:\/\/www.facebook.com\/p\/ETIC-100064494260156\/?locale=ro_RO\" target=\"_blank\" rel=\"noopener\"><strong data-start=\"3335\" data-end=\"3374\">pantalonii cu detalii aurii Sabrina<\/strong><\/a> sunt o pies\u0103 vestimentar\u0103 de nelipsit din garderoba unei femei care dore\u0219te s\u0103 combine confortul cu elegan\u021ba, f\u0103r\u0103 a face compromisuri \u00een ceea ce prive\u0219te stilul. Ace\u0219ti pantaloni sunt ideali pentru a ad\u0103uga un plus de str\u0103lucire \u0219i rafinament oric\u0103rei \u021binute, fie c\u0103 te preg\u0103te\u0219ti pentru o sear\u0103 elegant\u0103 sau vrei s\u0103 \u00ee\u021bi \u00eenfrumuse\u021bezi \u021binuta de zi cu zi. Sunt un exemplu perfect al modului \u00een care detaliile fine pot transforma o pies\u0103 simpl\u0103 \u00eentr-un element deosebit, ce \u00ee\u021bi va reflecta stilul \u0219i personalitatea unic\u0103.<\/p>\n<\/div>\n<\/div>\n<\/div>\n<\/div>\n<\/div>\n<div class=\"absolute\">\n<div class=\"flex items-center justify-center\"><\/div>\n<\/div>\n<\/div>\n<\/div>\n<\/div>\n<\/article>\n<div class=\"pointer-events-none h-px w-px\" aria-hidden=\"true\" data-edge=\"true\"><\/div>\n","protected":false},"excerpt":{"rendered":"<p>Un pantalon perfect pentru o petrecere sau un eveniment festiv.<\/p>\n<ul>\n<li>Pantalon cu paiete aurii<\/li>\n<li>Croit pe corp in partea superioara, evazat in partea inferioara<\/li>\n<li>Betelie in talie<\/li>\n<li>Inchidere cu fermoar ascuns<\/li>\n<li>Modelul poarta marimea 36<\/li>\n<li>Compozitie: 87% poliester, 3% elastan, 10%plastic; captuseala: 100%poliester<\/li>\n<\/ul>\n<p><em>Sfatul Etic: combina pantalonul Sabrina cu sacoul Talia pentru o tinuta festiva completa.<\/em><\/p>","protected":false},"featured_media":130798,"comment_status":"open","ping_status":"closed","template":"","meta":[],"product_brand":[],"product_cat":[481],"product_tag":[],"class_list":{"0":"post-130748","1":"product","2":"type-product","3":"status-publish","4":"has-post-thumbnail","6":"product_cat-outlet","7":"pa_colectie-toamna-iarna-2024","8":"pa_culoare-negru","9":"pa_marime-22","10":"pa_marime-23","11":"pa_marime-25","12":"shop-item","13":"sr-item","15":"first","16":"outofstock","17":"taxable","18":"shipping-taxable","19":"product-type-variable"},"_links":{"self":[{"href":"https:\/\/www.etic.ro\/en\/wp-json\/wp\/v2\/product\/130748","targetHints":{"allow":["GET"]}}],"collection":[{"href":"https:\/\/www.etic.ro\/en\/wp-json\/wp\/v2\/product"}],"about":[{"href":"https:\/\/www.etic.ro\/en\/wp-json\/wp\/v2\/types\/product"}],"replies":[{"embeddable":true,"href":"https:\/\/www.etic.ro\/en\/wp-json\/wp\/v2\/comments?post=130748"}],"wp:featuredmedia":[{"embeddable":true,"href":"https:\/\/www.etic.ro\/en\/wp-json\/wp\/v2\/media\/130798"}],"wp:attachment":[{"href":"https:\/\/www.etic.ro\/en\/wp-json\/wp\/v2\/media?parent=130748"}],"wp:term":[{"taxonomy":"product_brand","embeddable":true,"href":"https:\/\/www.etic.ro\/en\/wp-json\/wp\/v2\/product_brand?post=130748"},{"taxonomy":"product_cat","embeddable":true,"href":"https:\/\/www.etic.ro\/en\/wp-json\/wp\/v2\/product_cat?post=130748"},{"taxonomy":"product_tag","embeddable":true,"href":"https:\/\/www.etic.ro\/en\/wp-json\/wp\/v2\/product_tag?post=130748"}],"curies":[{"name":"wp","href":"https:\/\/api.w.org\/{rel}","templated":true}]}}