{"id":240,"date":"2021-01-13T09:10:48","date_gmt":"2021-01-13T07:10:48","guid":{"rendered":"https:\/\/www.etic.ro\/?page_id=240"},"modified":"2022-09-09T13:09:01","modified_gmt":"2022-09-09T11:09:01","slug":"politica-cookies","status":"publish","type":"page","link":"https:\/\/www.etic.ro\/en\/politica-cookies\/","title":{"rendered":"Politica Cookies"},"content":{"rendered":"<div data-elementor-type=\"wp-page\" data-elementor-id=\"240\" class=\"elementor elementor-240\">\n\t\t\t\t\t\t<section class=\"elementor-section elementor-top-section elementor-element elementor-element-3727e1a3 elementor-section-boxed elementor-section-height-default elementor-section-height-default elementor-invisible\" data-id=\"3727e1a3\" data-element_type=\"section\" data-e-type=\"section\" data-settings=\"{&quot;animation&quot;:&quot;fadeInUp&quot;,&quot;animation_delay&quot;:200}\">\n\t\t\t\t\t\t<div class=\"elementor-container elementor-column-gap-default\">\n\t\t\t\t\t<div class=\"elementor-column elementor-col-100 elementor-top-column elementor-element elementor-element-786c2577\" data-id=\"786c2577\" data-element_type=\"column\" data-e-type=\"column\">\n\t\t\t<div class=\"elementor-widget-wrap elementor-element-populated\">\n\t\t\t\t\t\t<div class=\"elementor-element elementor-element-e19df5d elementor-widget elementor-widget-text-editor\" data-id=\"e19df5d\" data-element_type=\"widget\" data-e-type=\"widget\" data-widget_type=\"text-editor.default\">\n\t\t\t\t<div class=\"elementor-widget-container\">\n\t\t\t\t\t\t\t\t\t<p>Cookie-ul este un fi\u0219ier de mici dimensiuni, un fragment mic de text creat \u00een browser de site-ul web, care este stocat pe un computer, sau pe orice alt dispozitiv al unui utilizator, de pe care se acceseaz\u0103 internetul. Cu ajutorul acestuia, site-ul web re\u021bine informa\u021bii relevante despre vizita dumneavoastr\u0103, de exemplu, limba preferat\u0103 \u015fi alte set\u0103ri. Astfel, urm\u0103toarea dumneavoastr\u0103 accesare poate fi mai simpl\u0103, iar site-ul v\u0103 poate fi mai util. Cookie-urile au un rol important. F\u0103r\u0103 ele, utilizarea internetului ar fi o experien\u021b\u0103 mult mai frustrant\u0103. Cookie-ul este instalat prin solicitarea emisa de c\u0103tre un web-server unui browser (ex: Internet Explorer, Chrome) si este complet \u201cpasiv\u201d (nu con\u021bine programe software, viru\u0219i sau spyware si nu poate accesa informa\u021biile de pe hard driverul utilizatorului).<\/p><p>Utiliz\u0103m cookie-uri \u00een numeroase scopuri. De exemplu, le-am putea utiliza pentru a re\u021bine preferin\u021be de c\u0103utare sigur\u0103, pentru ca anun\u021burile ori prezent\u0103rile care v\u0103 sunt afi\u0219ate s\u0103 fie mai relevante, pentru a num\u0103ra utilizatorii care ne acceseaz\u0103 website-ul, pentru a v\u0103 ajuta s\u0103 v\u0103 \u00eenregistra\u021bi pentru serviciile noastre sau pentru a v\u0103 proteja datele.<\/p><p><em>Cookie-uri esen\u021biale<\/em><\/p><p>Atragem aten\u021bia \u00een mod special asupra acestui tip cookie-uri, \u00eentruc\u00e2t ele sunt necesare pentru func\u021bionarea website-ului, \u0219i nu pot fi dezactivate. Acestea sunt, de obicei, stabilite numai ca r\u0103spuns la ac\u021biunile efectuate de dumneavoastr\u0103 care reprezint\u0103 o solicitare de servicii, cum ar fi setarea preferin\u021belor de confiden\u021bialitate, autentificarea sau completarea formularelor. Pute\u021bi seta browser-ul s\u0103 v\u0103 blocheze sau s\u0103 v\u0103 avertizeze despre aceste module cookie, dar anumite p\u0103r\u021bi ale site-ului nu vor func\u021biona. Aceste cookie-uri nu stocheaz\u0103 nici o informa\u021bie de identificare personal\u0103.<\/p><p><em>Cookie-uri folosite<\/em><\/p><ul><li><a href=\"http:\/\/cookiepedia.co.uk\/cookies\/OptanonConsent\" target=\"_blank\" rel=\"noopener\">OptanonConsent<\/a><\/li><li><a href=\"http:\/\/cookiepedia.co.uk\/cookies\/OptanonAlertBoxClosed\" target=\"_blank\" rel=\"noopener\">OptanonAlertBoxClosed<\/a><\/li><\/ul><p><em>Cookie-uri de performan\u021b\u0103<\/em><\/p><p>Aceste cookie-uri ne permit s\u0103 num\u0103r\u0103m vizitele \u0219i sursele de trafic, astfel \u00eenc\u00e2t s\u0103 putem m\u0103sura \u0219i \u00eembun\u0103t\u0103\u021bi performan\u021ba site-ului nostru. Ele ne ajut\u0103 s\u0103 \u0219tim ce pagini sunt cele mai pu\u021bin populare \u0219i s\u0103 vedem cum se deplaseaz\u0103 vizitatorii \u00een jurul site-ului. Toate informa\u021biile pe care le colecteaz\u0103 aceste cookie-uri sunt agregate \u0219i, prin urmare, anonime. Dac\u0103 nu permite\u021bi aceste cookie-uri, nu vom \u0219ti c\u00e2nd a\u021bi vizitat site-ul nostru \u0219i nu vom putea monitoriza performan\u021ba acestuia.<\/p><p><em>Cookie-uri folosite<\/em><\/p><ul><li><a href=\"http:\/\/cookiepedia.co.uk\/cookies\/_ga\" target=\"_blank\" rel=\"noopener\">_ga<\/a><\/li><li><a href=\"http:\/\/cookiepedia.co.uk\/cookies\/_gid\" target=\"_blank\" rel=\"noopener\">_gid<\/a><\/li><\/ul><p><em>Cookie-uri publicitate<\/em><\/p><p>Aceste cookie-uri pot fi setate pe site-ul nostru de c\u0103tre partenerii no\u0219tri de publicitate. Acestea pot fi utilizate de aceste companii pentru a construi un profil al intereselor dumneavoastr\u0103 \u0219i pentru a v\u0103 afi\u0219a anun\u021buri relevante pe alte site-uri. Nu stocheaz\u0103 informa\u021bii personale \u00een mod direct, ci se bazeaz\u0103 pe identificarea unic\u0103 a browser-ului \u0219i a dispozitivului dumneavoastr\u0103 de internet. Dac\u0103 nu permite\u021bi aceste cookie-uri, ve\u021bi avea parte de o publicitate mai pu\u021bin personalizat\u0103.<\/p><table border=\"0\" cellpadding=\"0\"><thead><tr><th>Categorii<\/th><th>Cookie-uri (Perioada)<\/th><\/tr><\/thead><tbody><tr><td><a href=\"http:\/\/cookiepedia.co.uk\/host\/.facebook.com\" target=\"_blank\" rel=\"noopener\">facebook.com<\/a><\/td><td><ul><li>datr (583 days)<\/li><li>fr (89 days)<\/li><li>lu (583 days)<\/li><\/ul><\/td><\/tr><tr><td><a href=\"http:\/\/cookiepedia.co.uk\/host\/.google.com\" target=\"_blank\" rel=\"noopener\">google.com<\/a><\/td><td><ul><li>APISID (583 days)<\/li><li>SSID (583 days)<\/li><li>NID (36 days)<\/li><li>PREF (583 days)<\/li><li>SID (583 days)<\/li><li>SAPISID (583 days)<\/li><li>HSID (583 days)<\/li><\/ul><\/td><\/tr><tr><td><a href=\"http:\/\/cookiepedia.co.uk\/host\/.doubleclick.net\" target=\"_blank\" rel=\"noopener\">doubleclick.net<\/a><\/td><td><ul><li>id (583 days)<\/li><\/ul><\/td><\/tr><\/tbody><\/table><h6>Contacta\u021bi-ne<\/h6><p>V\u0103 st\u0103m la dispozi\u021bie cu orice fel de informa\u021bii legate produsele \u0219i serviciile noastre, sau cu privire la orice informa\u021bii suplimentare legate de felul \u00een care colect\u0103m \u0219i utiliz\u0103m datele dumneavoastr\u0103 personale. \u00cen acest sens v\u0103 rug\u0103m s\u0103 ne trimite\u021bi un email din pagina de contact. Remiterea de email-uri c\u0103tre noi reprezint\u0103 consim\u021b\u0103m\u00e2ntul dumneavoastr\u0103 implicit cu privire la transferul c\u0103tre noi a datelor cu caracter personal ce le-a\u021bi putea furniza. Condi\u021biile contractuale se aplic\u0103.<\/p>\t\t\t\t\t\t\t\t<\/div>\n\t\t\t\t<\/div>\n\t\t\t\t\t<\/div>\n\t\t<\/div>\n\t\t\t\t\t<\/div>\n\t\t<\/section>\n\t\t\t\t<\/div>","protected":false},"excerpt":{"rendered":"<p>Cookie-ul este un fi\u0219ier de mici dimensiuni, un fragment mic de text creat \u00een browser de site-ul web, care este stocat pe un computer, sau pe orice alt dispozitiv al unui utilizator, de pe care se acceseaz\u0103 internetul. Cu ajutorul acestuia, site-ul web re\u021bine informa\u021bii relevante despre vizita dumneavoastr\u0103, de exemplu, limba preferat\u0103 \u015fi alte [&hellip;]<\/p>\n","protected":false},"author":1,"featured_media":0,"parent":0,"menu_order":0,"comment_status":"closed","ping_status":"closed","template":"","meta":{"footnotes":""},"class_list":["post-240","page","type-page","status-publish","hentry","isotope-item"],"_links":{"self":[{"href":"https:\/\/www.etic.ro\/en\/wp-json\/wp\/v2\/pages\/240","targetHints":{"allow":["GET"]}}],"collection":[{"href":"https:\/\/www.etic.ro\/en\/wp-json\/wp\/v2\/pages"}],"about":[{"href":"https:\/\/www.etic.ro\/en\/wp-json\/wp\/v2\/types\/page"}],"author":[{"embeddable":true,"href":"https:\/\/www.etic.ro\/en\/wp-json\/wp\/v2\/users\/1"}],"replies":[{"embeddable":true,"href":"https:\/\/www.etic.ro\/en\/wp-json\/wp\/v2\/comments?post=240"}],"version-history":[{"count":5,"href":"https:\/\/www.etic.ro\/en\/wp-json\/wp\/v2\/pages\/240\/revisions"}],"predecessor-version":[{"id":43507,"href":"https:\/\/www.etic.ro\/en\/wp-json\/wp\/v2\/pages\/240\/revisions\/43507"}],"wp:attachment":[{"href":"https:\/\/www.etic.ro\/en\/wp-json\/wp\/v2\/media?parent=240"}],"curies":[{"name":"wp","href":"https:\/\/api.w.org\/{rel}","templated":true}]}}